{"id":2504,"date":"2025-01-16T09:09:13","date_gmt":"2025-01-16T12:09:13","guid":{"rendered":"https:\/\/www.goiania.go.gov.br\/conselhotributario\/atas-de-sessao-1a-camara\/atas-primeira-camara-2025\/"},"modified":"2026-01-08T09:38:30","modified_gmt":"2026-01-08T12:38:30","slug":"atas-primeira-camara-2025","status":"publish","type":"page","link":"https:\/\/www.goiania.go.gov.br\/conselhotributario\/atas-de-sessao-1a-camara\/atas-primeira-camara-2025\/","title":{"rendered":"Atas Primeira C\u00e2mara &#8211; 2025"},"content":{"rendered":"\n<p><a href=\"https:\/\/www.goiania.go.gov.br\/conselhotributario\/wp-content\/uploads\/sites\/24\/2025\/06\/ATA-ELEICAO-VICE-PRESIDENCIA-1a-Camara-1.pdf\">Ata Elei\u00e7\u00e3o Vice-Presidente da Primeira C\u00e2mara 04.06.2025 &#8211; Sess\u00e3o Virtual<\/a><\/p>\n\n\n\n<p><a href=\"https:\/\/www.goiania.go.gov.br\/conselhotributario\/wp-content\/uploads\/sites\/24\/2025\/06\/Ata-Sessao-Virtual-04-06-2025-Primeira-Camara.pdf\">Ata Primeira C\u00e2mara 04.06.2025 &#8211; Sess\u00e3o Virtual<\/a><\/p>\n\n\n\n<p><a href=\"https:\/\/www.goiania.go.gov.br\/conselhotributario\/wp-content\/uploads\/sites\/24\/2025\/08\/Ata-Sessao-Virtual-Primeira-Camara.pdf\">Ata Primeira C\u00e2mara 06.08.2025 &#8211; Sess\u00e3o Virtual<\/a><\/p>\n\n\n\n<p><a href=\"https:\/\/www.goiania.go.gov.br\/conselhotributario\/wp-content\/uploads\/sites\/24\/2025\/12\/Ata-Sessao-de-Julgamento-Virtual-Primeira-Camara-16.12.2025.pdf\">Ata Primeira C\u00e2mara 16.12.2025 &#8211; Sess\u00e3o Virtual<\/a><\/p>\n\n\n\n<p><a href=\"https:\/\/www.goiania.go.gov.br\/conselhotributario\/wp-content\/uploads\/sites\/24\/2026\/01\/Ata-Eleicao-1a-C.pdf\">Ata Elei\u00e7\u00e3o Vice-Presidente da Primeira C\u00e2mara 16.12.2025 &#8211; Sess\u00e3o Virtual<\/a><\/p>\n\n\n\n<p><\/p>\n","protected":false},"excerpt":{"rendered":"<p>Ata Elei\u00e7\u00e3o Vice-Presidente da Primeira C\u00e2mara 04.06.2025 &#8211; Sess\u00e3o Virtual Ata Primeira C\u00e2mara 04.06.2025 &#8211; Sess\u00e3o Virtual Ata Primeira C\u00e2mara 06.08.2025 &#8211; Sess\u00e3o Virtual Ata Primeira C\u00e2mara 16.12.2025 &#8211; Sess\u00e3o Virtual Ata Elei\u00e7\u00e3o Vice-Presidente da Primeira C\u00e2mara 16.12.2025 &#8211; Sess\u00e3o Virtual<\/p>\n","protected":false},"author":67,"featured_media":0,"parent":444,"menu_order":1,"comment_status":"closed","ping_status":"closed","template":"","meta":{"_acf_changed":false,"custom_icon_class":"","footnotes":""},"class_list":["post-2504","page","type-page","status-publish","hentry"],"acf":[],"_links":{"self":[{"href":"https:\/\/www.goiania.go.gov.br\/conselhotributario\/wp-json\/wp\/v2\/pages\/2504","targetHints":{"allow":["GET"]}}],"collection":[{"href":"https:\/\/www.goiania.go.gov.br\/conselhotributario\/wp-json\/wp\/v2\/pages"}],"about":[{"href":"https:\/\/www.goiania.go.gov.br\/conselhotributario\/wp-json\/wp\/v2\/types\/page"}],"author":[{"embeddable":true,"href":"https:\/\/www.goiania.go.gov.br\/conselhotributario\/wp-json\/wp\/v2\/users\/67"}],"replies":[{"embeddable":true,"href":"https:\/\/www.goiania.go.gov.br\/conselhotributario\/wp-json\/wp\/v2\/comments?post=2504"}],"version-history":[{"count":5,"href":"https:\/\/www.goiania.go.gov.br\/conselhotributario\/wp-json\/wp\/v2\/pages\/2504\/revisions"}],"predecessor-version":[{"id":2760,"href":"https:\/\/www.goiania.go.gov.br\/conselhotributario\/wp-json\/wp\/v2\/pages\/2504\/revisions\/2760"}],"up":[{"embeddable":true,"href":"https:\/\/www.goiania.go.gov.br\/conselhotributario\/wp-json\/wp\/v2\/pages\/444"}],"wp:attachment":[{"href":"https:\/\/www.goiania.go.gov.br\/conselhotributario\/wp-json\/wp\/v2\/media?parent=2504"}],"curies":[{"name":"wp","href":"https:\/\/api.w.org\/{rel}","templated":true}]}}