{"id":2168,"date":"2019-05-13T11:37:32","date_gmt":"2024-01-17T20:15:28","guid":{"rendered":"https:\/\/www.goiania.go.gov.br\/conselhotributario\/3a-camara\/pautas-3a-camara-2024\/"},"modified":"2025-01-16T09:48:48","modified_gmt":"2025-01-16T12:48:48","slug":"pautas-3a-camara-2024","status":"publish","type":"page","link":"https:\/\/www.goiania.go.gov.br\/conselhotributario\/3a-camara\/pautas-3a-camara-2024\/","title":{"rendered":"Pautas Terceira C\u00e2mara &#8211; 2024"},"content":{"rendered":"\n<p><a href=\"https:\/\/www.goiania.go.gov.br\/conselhotributario\/wp-content\/uploads\/sites\/24\/2024\/02\/Pauta-Sessao-Virtual-06.02.2024-Terceira-Camara.pdf\">Pauta Terceira C\u00e2mara 06.02.2024 &#8211; Sess\u00e3o Virtual<\/a><\/p>\n\n\n\n<p><a href=\"https:\/\/www.goiania.go.gov.br\/conselhotributario\/wp-content\/uploads\/sites\/24\/2024\/03\/Pauta-Sessao-Virtual-09.04.2024-Terceira-Camara.pdf\">Pauta Terceira C\u00e2mara 09.04.2024 &#8211; Sess\u00e3o Virtual<\/a><\/p>\n\n\n\n<p><a href=\"https:\/\/www.goiania.go.gov.br\/conselhotributario\/wp-content\/uploads\/sites\/24\/2024\/06\/Pauta-Sessao-Virtual-25.06.2024-Terceira-Camara.pdf\">Pauta Terceira C\u00e2mara 25.06.2024 &#8211; Sess\u00e3o Virtual<\/a><\/p>\n\n\n\n<p><a href=\"https:\/\/www.goiania.go.gov.br\/conselhotributario\/wp-content\/uploads\/sites\/24\/2024\/08\/Pauta-Sessao-Virtual-20.08.2024-Terceira-Camara.pdf\">Pauta Terceira C\u00e2mara 20.08.2024 &#8211; Sess\u00e3o Virtual<\/a><\/p>\n\n\n\n<p><a href=\"https:\/\/www.goiania.go.gov.br\/conselhotributario\/wp-content\/uploads\/sites\/24\/2024\/10\/Pauta-Sessao-Virtual-12.11.2024-Terceira-Camara.pdf\">Pauta Terceira C\u00e2mara 12.11.2024 &#8211; Sess\u00e3o Virtual<\/a><\/p>\n\n\n\n<p><\/p>\n","protected":false},"excerpt":{"rendered":"<p>Pauta Terceira C\u00e2mara 06.02.2024 &#8211; Sess\u00e3o Virtual Pauta Terceira C\u00e2mara 09.04.2024 &#8211; Sess\u00e3o Virtual Pauta Terceira C\u00e2mara 25.06.2024 &#8211; Sess\u00e3o Virtual Pauta Terceira C\u00e2mara 20.08.2024 &#8211; Sess\u00e3o Virtual Pauta Terceira C\u00e2mara 12.11.2024 &#8211; Sess\u00e3o Virtual<\/p>\n","protected":false},"author":67,"featured_media":0,"parent":182,"menu_order":2,"comment_status":"closed","ping_status":"closed","template":"","meta":{"_acf_changed":false,"custom_icon_class":"","footnotes":""},"class_list":["post-2168","page","type-page","status-publish","hentry"],"acf":[],"_links":{"self":[{"href":"https:\/\/www.goiania.go.gov.br\/conselhotributario\/wp-json\/wp\/v2\/pages\/2168","targetHints":{"allow":["GET"]}}],"collection":[{"href":"https:\/\/www.goiania.go.gov.br\/conselhotributario\/wp-json\/wp\/v2\/pages"}],"about":[{"href":"https:\/\/www.goiania.go.gov.br\/conselhotributario\/wp-json\/wp\/v2\/types\/page"}],"author":[{"embeddable":true,"href":"https:\/\/www.goiania.go.gov.br\/conselhotributario\/wp-json\/wp\/v2\/users\/67"}],"replies":[{"embeddable":true,"href":"https:\/\/www.goiania.go.gov.br\/conselhotributario\/wp-json\/wp\/v2\/comments?post=2168"}],"version-history":[{"count":10,"href":"https:\/\/www.goiania.go.gov.br\/conselhotributario\/wp-json\/wp\/v2\/pages\/2168\/revisions"}],"predecessor-version":[{"id":2555,"href":"https:\/\/www.goiania.go.gov.br\/conselhotributario\/wp-json\/wp\/v2\/pages\/2168\/revisions\/2555"}],"up":[{"embeddable":true,"href":"https:\/\/www.goiania.go.gov.br\/conselhotributario\/wp-json\/wp\/v2\/pages\/182"}],"wp:attachment":[{"href":"https:\/\/www.goiania.go.gov.br\/conselhotributario\/wp-json\/wp\/v2\/media?parent=2168"}],"curies":[{"name":"wp","href":"https:\/\/api.w.org\/{rel}","templated":true}]}}