{"id":2165,"date":"2024-01-17T17:14:36","date_gmt":"2024-01-17T20:14:36","guid":{"rendered":"https:\/\/www.goiania.go.gov.br\/conselhotributario\/2a-camara\/pautas-segunda-camara-2024\/"},"modified":"2024-12-09T11:12:53","modified_gmt":"2024-12-09T14:12:53","slug":"pautas-segunda-camara-2024","status":"publish","type":"page","link":"https:\/\/www.goiania.go.gov.br\/conselhotributario\/2a-camara\/pautas-segunda-camara-2024\/","title":{"rendered":"Pautas Segunda C\u00e2mara &#8211; 2024"},"content":{"rendered":"\n<p><a href=\"https:\/\/www.goiania.go.gov.br\/conselhotributario\/wp-content\/uploads\/sites\/24\/2024\/01\/Pauta-Sessao-de-Julgamento-Virtual-08.02.2024-Segunda-Camara.pdf\">Pauta Segunda C\u00e2mara 08.02.2024 &#8211; Sess\u00e3o Virtual<\/a><\/p>\n\n\n\n<p><a href=\"https:\/\/www.goiania.go.gov.br\/conselhotributario\/wp-content\/uploads\/sites\/24\/2024\/02\/Pauta-Sessao-de-Julgamento-Virtual-29.02.2024-Segunda-Camara.pdf\">Pauta Segunda C\u00e2mara 29.02.2024 &#8211; Sess\u00e3o Virtual<\/a><\/p>\n\n\n\n<p><a href=\"https:\/\/www.goiania.go.gov.br\/conselhotributario\/wp-content\/uploads\/sites\/24\/2024\/03\/Pauta-Sessao-de-Julgamento-Virtual-21.03.2024-2a-Camara-2.pdf\">Pauta Segunda C\u00e2mara 21.03.2024 &#8211; Sess\u00e3o Virtual<\/a><\/p>\n\n\n\n<p><a href=\"https:\/\/www.goiania.go.gov.br\/conselhotributario\/wp-content\/uploads\/sites\/24\/2024\/03\/Pauta-Sessao-de-Julgamento-Virtual-11.04.2024-Segunda-Camara.pdf\">Pauta Segunda C\u00e2mara 11.04.2024 &#8211; Sess\u00e3o Virtual<\/a><\/p>\n\n\n\n<p><a href=\"https:\/\/www.goiania.go.gov.br\/conselhotributario\/wp-content\/uploads\/sites\/24\/2024\/04\/Pauta-Sessao-de-Julgamento-Virtual-25.04.2024-Segunda-Camara.pdf\">Pauta Segunda C\u00e2mara 25.04.2024 &#8211; Sess\u00e3o Virtual<\/a><\/p>\n\n\n\n<p><a href=\"https:\/\/www.goiania.go.gov.br\/conselhotributario\/wp-content\/uploads\/sites\/24\/2024\/06\/Pauta-Sessao-de-Julgamento-Virtual-27.06.2024-Segunda-Camara.pdf\">Pauta Segunda C\u00e2mara 27.06.2024 &#8211; Sess\u00e3o Virtual<\/a><\/p>\n\n\n\n<p><a href=\"https:\/\/www.goiania.go.gov.br\/conselhotributario\/wp-content\/uploads\/sites\/24\/2024\/06\/Pauta-Sessao-de-Julgamento-Virtual-11.07.2024-Segunda-Camara.pdf\">Pauta Segunda C\u00e2mara 11.07.2024 &#8211; Sess\u00e3o Virtual<\/a><\/p>\n\n\n\n<p><a href=\"https:\/\/www.goiania.go.gov.br\/conselhotributario\/wp-content\/uploads\/sites\/24\/2024\/08\/Pauta-Sessao-de-Julgamento-Virtual-29.08.2024-Segunda-Camara.pdf\">Pauta Segunda C\u00e2mara 29.08.2024 &#8211; Sess\u00e3o Virtual<\/a><\/p>\n\n\n\n<p><a href=\"https:\/\/www.goiania.go.gov.br\/conselhotributario\/wp-content\/uploads\/sites\/24\/2024\/09\/Pauta-Sessao-de-Julgamento-Virtual-19.09.2024-Segunda-Camara.pdf\">Pauta Segunda C\u00e2mara 19.09.2024 &#8211; Sess\u00e3o Virtual<\/a><\/p>\n\n\n\n<p><a href=\"https:\/\/www.goiania.go.gov.br\/conselhotributario\/wp-content\/uploads\/sites\/24\/2024\/09\/Pauta-Sessao-de-Julgamento-Virtual-26.09.2024-Segunda-Camara.pdf\">Pauta Segunda C\u00e2mara 26.09.2024 &#8211; Sess\u00e3o Virtual<\/a><\/p>\n\n\n\n<p><a href=\"https:\/\/www.goiania.go.gov.br\/conselhotributario\/wp-content\/uploads\/sites\/24\/2024\/10\/Pauta-Sessao-de-Julgamento-Virtual-29.10.2024-Segunda-Camara-1.pdf\">Pauta Segunda C\u00e2mara 29.10.2024 &#8211; Sess\u00e3o Virtual<\/a><\/p>\n\n\n\n<p><a href=\"https:\/\/www.goiania.go.gov.br\/conselhotributario\/wp-content\/uploads\/sites\/24\/2024\/10\/Pauta-Sessao-de-Julgamento-Virtual-07.11.2024-Segunda-Camara.pdf\">Pauta Segunda C\u00e2mara 07.11.2024 &#8211; Sess\u00e3o Virtual<\/a><\/p>\n\n\n\n<p><a href=\"https:\/\/www.goiania.go.gov.br\/conselhotributario\/wp-content\/uploads\/sites\/24\/2024\/10\/Pauta-Sessao-de-Julgamento-Virtual-13.11.2024-Segunda-Camara.pdf\">Pauta Segunda C\u00e2mara 13.11.2024 &#8211; Sess\u00e3o Virtual<\/a><\/p>\n\n\n\n<p><a href=\"https:\/\/www.goiania.go.gov.br\/conselhotributario\/wp-content\/uploads\/sites\/24\/2024\/11\/Pauta-Sessao-de-Julgamento-Virtual-21.11.2024-Segunda-Camara.pdf\">Pauta Segunda C\u00e2mara 21.11.2024 &#8211; Sess\u00e3o Virtual &#8211; Cancelada<\/a><\/p>\n\n\n\n<p><a href=\"https:\/\/www.goiania.go.gov.br\/conselhotributario\/wp-content\/uploads\/sites\/24\/2024\/11\/Errata-no-001.2024-CTF.pdf\">Errata n\u00ba 001\/2024 &#8211; CTF: Pauta Segunda C\u00e2mara 21.11.2024<\/a><\/p>\n\n\n\n<p><a href=\"https:\/\/www.goiania.go.gov.br\/conselhotributario\/wp-content\/uploads\/sites\/24\/2024\/11\/Pauta-Sessao-de-Julgamento-Virtual-12.12.2024-Segunda-Camara.pdf\">Pauta Segunda C\u00e2mara 12.12.2024 &#8211; Sess\u00e3o Virtual<\/a><\/p>\n\n\n\n<p><a href=\"https:\/\/www.goiania.go.gov.br\/conselhotributario\/wp-content\/uploads\/sites\/24\/2024\/12\/Pauta-Sessao-de-Julgamento-Virtual-19.12.2024-Segunda-Camara.pdf\">Pauta Segunda C\u00e2mara 19.12.2024 &#8211; Sess\u00e3o Virtual<\/a><\/p>\n\n\n\n<p><a href=\"https:\/\/www.goiania.go.gov.br\/conselhotributario\/wp-content\/uploads\/sites\/24\/2024\/12\/Errata-no-004.2024.pdf\">Errata n\u00ba 004\/2024 &#8211; CTF: Pauta Segunda C\u00e2mara 19.12.2024<\/a><\/p>\n\n\n\n<p><\/p>\n","protected":false},"excerpt":{"rendered":"<p>Pauta Segunda C\u00e2mara 08.02.2024 &#8211; Sess\u00e3o Virtual Pauta Segunda C\u00e2mara 29.02.2024 &#8211; Sess\u00e3o Virtual Pauta Segunda C\u00e2mara 21.03.2024 &#8211; Sess\u00e3o Virtual Pauta Segunda C\u00e2mara 11.04.2024 &#8211; Sess\u00e3o Virtual Pauta Segunda C\u00e2mara 25.04.2024 &#8211; Sess\u00e3o Virtual Pauta Segunda C\u00e2mara 27.06.2024 &#8211; Sess\u00e3o Virtual Pauta Segunda C\u00e2mara 11.07.2024 &#8211; Sess\u00e3o Virtual Pauta Segunda C\u00e2mara 29.08.2024 &#8211; Sess\u00e3o [&hellip;]<\/p>\n","protected":false},"author":67,"featured_media":0,"parent":119,"menu_order":2,"comment_status":"closed","ping_status":"closed","template":"","meta":{"_acf_changed":false,"custom_icon_class":"","footnotes":""},"class_list":["post-2165","page","type-page","status-publish","hentry"],"acf":[],"_links":{"self":[{"href":"https:\/\/www.goiania.go.gov.br\/conselhotributario\/wp-json\/wp\/v2\/pages\/2165","targetHints":{"allow":["GET"]}}],"collection":[{"href":"https:\/\/www.goiania.go.gov.br\/conselhotributario\/wp-json\/wp\/v2\/pages"}],"about":[{"href":"https:\/\/www.goiania.go.gov.br\/conselhotributario\/wp-json\/wp\/v2\/types\/page"}],"author":[{"embeddable":true,"href":"https:\/\/www.goiania.go.gov.br\/conselhotributario\/wp-json\/wp\/v2\/users\/67"}],"replies":[{"embeddable":true,"href":"https:\/\/www.goiania.go.gov.br\/conselhotributario\/wp-json\/wp\/v2\/comments?post=2165"}],"version-history":[{"count":10,"href":"https:\/\/www.goiania.go.gov.br\/conselhotributario\/wp-json\/wp\/v2\/pages\/2165\/revisions"}],"predecessor-version":[{"id":2485,"href":"https:\/\/www.goiania.go.gov.br\/conselhotributario\/wp-json\/wp\/v2\/pages\/2165\/revisions\/2485"}],"up":[{"embeddable":true,"href":"https:\/\/www.goiania.go.gov.br\/conselhotributario\/wp-json\/wp\/v2\/pages\/119"}],"wp:attachment":[{"href":"https:\/\/www.goiania.go.gov.br\/conselhotributario\/wp-json\/wp\/v2\/media?parent=2165"}],"curies":[{"name":"wp","href":"https:\/\/api.w.org\/{rel}","templated":true}]}}