{"id":2163,"date":"2024-01-17T17:13:55","date_gmt":"2024-01-17T20:13:55","guid":{"rendered":"https:\/\/www.goiania.go.gov.br\/conselhotributario\/1a-camara\/pauta-primeira-camara-2024\/"},"modified":"2024-12-03T16:05:55","modified_gmt":"2024-12-03T19:05:55","slug":"pauta-primeira-camara-2024","status":"publish","type":"page","link":"https:\/\/www.goiania.go.gov.br\/conselhotributario\/1a-camara\/pauta-primeira-camara-2024\/","title":{"rendered":"Pauta Primeira C\u00e2mara &#8211; 2024"},"content":{"rendered":"\n<p><a href=\"https:\/\/www.goiania.go.gov.br\/conselhotributario\/wp-content\/uploads\/sites\/24\/2024\/01\/Pauta-Sessao-Virtual-07.02.2024-Primeira-Camara.pdf\">Pauta Primeira C\u00e2mara 07.02.2024 &#8211; Sess\u00e3o Virtual<\/a><\/p>\n\n\n\n<p><a href=\"https:\/\/www.goiania.go.gov.br\/conselhotributario\/wp-content\/uploads\/sites\/24\/2024\/03\/Pauta-Sessao-Virtual-27.03.2024-Primeira-Camara.pdf\">Pauta Primeira C\u00e2mara 27.03.2024 &#8211; Sess\u00e3o Virtual<\/a><\/p>\n\n\n\n<p><a href=\"https:\/\/www.goiania.go.gov.br\/conselhotributario\/wp-content\/uploads\/sites\/24\/2024\/04\/Pauta-Sessao-Virtual-17.04.2024-Primeira-Camara.pdf\">Pauta Primeira C\u00e2mara 17.04.2024 &#8211; Sess\u00e3o Virtual<\/a><\/p>\n\n\n\n<p><a href=\"https:\/\/www.goiania.go.gov.br\/conselhotributario\/wp-content\/uploads\/sites\/24\/2024\/06\/Pauta-Sessao-Virtual-02.07.2024-Primeira-Camara.pdf\">Pauta Primeira C\u00e2mara 02.07.2024 &#8211; Sess\u00e3o Virtual<\/a><\/p>\n\n\n\n<p><a href=\"https:\/\/www.goiania.go.gov.br\/conselhotributario\/wp-content\/uploads\/sites\/24\/2024\/08\/Pauta-Sessao-Virtual-21.08.2024-Primeira-Camara-2.pdf\">Pauta Primeira C\u00e2mara 21.08.2024 &#8211; Sess\u00e3o Virtual<\/a><\/p>\n\n\n\n<p><a href=\"https:\/\/www.goiania.go.gov.br\/conselhotributario\/wp-content\/uploads\/sites\/24\/2024\/09\/Pauta-Sessao-Virtual-03.10.2024-Primeira-Camara.pdf\">Pauta Primeira C\u00e2mara 03.10.2024 &#8211; Sess\u00e3o Virtual<\/a><\/p>\n\n\n\n<p><a href=\"https:\/\/www.goiania.go.gov.br\/conselhotributario\/wp-content\/uploads\/sites\/24\/2024\/10\/Pauta-Sessao-Virtual-30.10.2024-Primeira-Camara.pdf\">Pauta Primeira C\u00e2mara 30.10.2024 &#8211; Sess\u00e3o Virtual<\/a><\/p>\n\n\n\n<p><a href=\"https:\/\/www.goiania.go.gov.br\/conselhotributario\/wp-content\/uploads\/sites\/24\/2024\/10\/Pauta-Sessao-Virtual-08.11.2024-Primeira-Camara.pdf\">Pauta Primeira C\u00e2mara 08.11.2024 &#8211; Sess\u00e3o Virtual<\/a><\/p>\n\n\n\n<p><a href=\"https:\/\/www.goiania.go.gov.br\/conselhotributario\/wp-content\/uploads\/sites\/24\/2024\/10\/Pauta-Sessao-Virtual-14.11.2024-Primeira-Camara-1.pdf\">Pauta Primeira C\u00e2mara 14.11.2024 &#8211; Sess\u00e3o Virtual<\/a><\/p>\n\n\n\n<p><a href=\"https:\/\/www.goiania.go.gov.br\/conselhotributario\/wp-content\/uploads\/sites\/24\/2024\/11\/Pauta-Sessao-Virtual-22.11.2024-Primeira-Camara.pdf\">Pauta Primeira C\u00e2mara 22.11.2024 &#8211; Sess\u00e3o Virtual<\/a><\/p>\n\n\n\n<p><a href=\"https:\/\/www.goiania.go.gov.br\/conselhotributario\/wp-content\/uploads\/sites\/24\/2024\/11\/Errata-no-003.2024-CTF.pdf\">Errata n\u00ba 003\/2024 &#8211; CTF: Pauta Primeira C\u00e2mara 22.11.2024<\/a><\/p>\n\n\n\n<p><a href=\"https:\/\/www.goiania.go.gov.br\/conselhotributario\/wp-content\/uploads\/sites\/24\/2024\/11\/Pauta-Sessao-Virtual-27.11.2024-Primeira-Camara.pdf\">Pauta Primeira C\u00e2mara 27.11.2024 &#8211; Sess\u00e3o Virtual<\/a><\/p>\n\n\n\n<p><a href=\"https:\/\/www.goiania.go.gov.br\/conselhotributario\/wp-content\/uploads\/sites\/24\/2024\/11\/Pauta-Sessao-Virtual-11.12.2024-Primeira-Camara.pdf\">Pauta Primeira C\u00e2mara 11.12.2024 &#8211; Sess\u00e3o Virtual<\/a><\/p>\n\n\n\n<p><a href=\"https:\/\/www.goiania.go.gov.br\/conselhotributario\/wp-content\/uploads\/sites\/24\/2024\/12\/Pauta-Sessao-Virtual-18.12.2024-Primeira-Camara.pdf\">Pauta Primeira C\u00e2mara 18.12.2024 &#8211; Sess\u00e3o Virtual<\/a><\/p>\n\n\n\n<p><\/p>\n","protected":false},"excerpt":{"rendered":"<p>Pauta Primeira C\u00e2mara 07.02.2024 &#8211; Sess\u00e3o Virtual Pauta Primeira C\u00e2mara 27.03.2024 &#8211; Sess\u00e3o Virtual Pauta Primeira C\u00e2mara 17.04.2024 &#8211; Sess\u00e3o Virtual Pauta Primeira C\u00e2mara 02.07.2024 &#8211; Sess\u00e3o Virtual Pauta Primeira C\u00e2mara 21.08.2024 &#8211; Sess\u00e3o Virtual Pauta Primeira C\u00e2mara 03.10.2024 &#8211; Sess\u00e3o Virtual Pauta Primeira C\u00e2mara 30.10.2024 &#8211; Sess\u00e3o Virtual Pauta Primeira C\u00e2mara 08.11.2024 &#8211; Sess\u00e3o [&hellip;]<\/p>\n","protected":false},"author":67,"featured_media":0,"parent":61,"menu_order":2,"comment_status":"closed","ping_status":"closed","template":"","meta":{"_acf_changed":false,"custom_icon_class":"","footnotes":""},"class_list":["post-2163","page","type-page","status-publish","hentry"],"acf":[],"_links":{"self":[{"href":"https:\/\/www.goiania.go.gov.br\/conselhotributario\/wp-json\/wp\/v2\/pages\/2163","targetHints":{"allow":["GET"]}}],"collection":[{"href":"https:\/\/www.goiania.go.gov.br\/conselhotributario\/wp-json\/wp\/v2\/pages"}],"about":[{"href":"https:\/\/www.goiania.go.gov.br\/conselhotributario\/wp-json\/wp\/v2\/types\/page"}],"author":[{"embeddable":true,"href":"https:\/\/www.goiania.go.gov.br\/conselhotributario\/wp-json\/wp\/v2\/users\/67"}],"replies":[{"embeddable":true,"href":"https:\/\/www.goiania.go.gov.br\/conselhotributario\/wp-json\/wp\/v2\/comments?post=2163"}],"version-history":[{"count":10,"href":"https:\/\/www.goiania.go.gov.br\/conselhotributario\/wp-json\/wp\/v2\/pages\/2163\/revisions"}],"predecessor-version":[{"id":2481,"href":"https:\/\/www.goiania.go.gov.br\/conselhotributario\/wp-json\/wp\/v2\/pages\/2163\/revisions\/2481"}],"up":[{"embeddable":true,"href":"https:\/\/www.goiania.go.gov.br\/conselhotributario\/wp-json\/wp\/v2\/pages\/61"}],"wp:attachment":[{"href":"https:\/\/www.goiania.go.gov.br\/conselhotributario\/wp-json\/wp\/v2\/media?parent=2163"}],"curies":[{"name":"wp","href":"https:\/\/api.w.org\/{rel}","templated":true}]}}