{"id":2142,"date":"2019-05-13T11:37:32","date_gmt":"2024-01-17T19:50:10","guid":{"rendered":"https:\/\/www.goiania.go.gov.br\/conselhotributario\/atas-sessao-3a-camara\/atas-de-sessao-3a-camara-2024-2\/"},"modified":"2025-01-16T09:30:59","modified_gmt":"2025-01-16T12:30:59","slug":"atas-de-sessao-3a-camara-2024-2","status":"publish","type":"page","link":"https:\/\/www.goiania.go.gov.br\/conselhotributario\/atas-sessao-3a-camara\/atas-de-sessao-3a-camara-2024-2\/","title":{"rendered":"Atas Terceira C\u00e2mara &#8211; 2024"},"content":{"rendered":"\n<p><a href=\"https:\/\/www.goiania.go.gov.br\/conselhotributario\/wp-content\/uploads\/sites\/24\/2024\/02\/Ata-Sessao-Virtual-06.02.2024-Terceira-Camara.pdf\">Ata Terceira C\u00e2mara 06.02.2024 &#8211; Sess\u00e3o Virtual<\/a><\/p>\n\n\n\n<p><a href=\"https:\/\/www.goiania.go.gov.br\/conselhotributario\/wp-content\/uploads\/sites\/24\/2024\/04\/Ata-Sessao-Virtual-09.04.2024-Terceira-Camara.pdf\">Ata Terceira C\u00e2mara 09.04.2024 &#8211; Sess\u00e3o Virtual<\/a><\/p>\n\n\n\n<p><a href=\"https:\/\/www.goiania.go.gov.br\/conselhotributario\/wp-content\/uploads\/sites\/24\/2024\/07\/Ata-Sessao-Virtual-25.06.2024-Terceira-Camara.pdf\">Ata Terceira C\u00e2mara 25.06.2024 &#8211; Sess\u00e3o Virtual<\/a><\/p>\n\n\n\n<p><a href=\"https:\/\/www.goiania.go.gov.br\/conselhotributario\/wp-content\/uploads\/sites\/24\/2024\/08\/Ata-Sessao-Virtual-20.08.2024-Terceira-Camara.pdf\">Ata Terceira C\u00e2mara 20.08.2024 &#8211; Sess\u00e3o Virtual<\/a><\/p>\n\n\n\n<p><a href=\"https:\/\/www.goiania.go.gov.br\/conselhotributario\/wp-content\/uploads\/sites\/24\/2024\/11\/Ata-Sessao-Virtual-12.11.2024-Terceira-Camara.pdf\">Ata Terceira C\u00e2mara 12.11.2024 &#8211; Sess\u00e3o Virtual<\/a><\/p>\n\n\n\n<p><\/p>\n","protected":false},"excerpt":{"rendered":"<p>Ata Terceira C\u00e2mara 06.02.2024 &#8211; Sess\u00e3o Virtual Ata Terceira C\u00e2mara 09.04.2024 &#8211; Sess\u00e3o Virtual Ata Terceira C\u00e2mara 25.06.2024 &#8211; Sess\u00e3o Virtual Ata Terceira C\u00e2mara 20.08.2024 &#8211; Sess\u00e3o Virtual Ata Terceira C\u00e2mara 12.11.2024 &#8211; Sess\u00e3o Virtual<\/p>\n","protected":false},"author":67,"featured_media":0,"parent":533,"menu_order":2,"comment_status":"closed","ping_status":"closed","template":"","meta":{"_acf_changed":false,"custom_icon_class":"","footnotes":""},"class_list":["post-2142","page","type-page","status-publish","hentry"],"acf":[],"_links":{"self":[{"href":"https:\/\/www.goiania.go.gov.br\/conselhotributario\/wp-json\/wp\/v2\/pages\/2142","targetHints":{"allow":["GET"]}}],"collection":[{"href":"https:\/\/www.goiania.go.gov.br\/conselhotributario\/wp-json\/wp\/v2\/pages"}],"about":[{"href":"https:\/\/www.goiania.go.gov.br\/conselhotributario\/wp-json\/wp\/v2\/types\/page"}],"author":[{"embeddable":true,"href":"https:\/\/www.goiania.go.gov.br\/conselhotributario\/wp-json\/wp\/v2\/users\/67"}],"replies":[{"embeddable":true,"href":"https:\/\/www.goiania.go.gov.br\/conselhotributario\/wp-json\/wp\/v2\/comments?post=2142"}],"version-history":[{"count":7,"href":"https:\/\/www.goiania.go.gov.br\/conselhotributario\/wp-json\/wp\/v2\/pages\/2142\/revisions"}],"predecessor-version":[{"id":2530,"href":"https:\/\/www.goiania.go.gov.br\/conselhotributario\/wp-json\/wp\/v2\/pages\/2142\/revisions\/2530"}],"up":[{"embeddable":true,"href":"https:\/\/www.goiania.go.gov.br\/conselhotributario\/wp-json\/wp\/v2\/pages\/533"}],"wp:attachment":[{"href":"https:\/\/www.goiania.go.gov.br\/conselhotributario\/wp-json\/wp\/v2\/media?parent=2142"}],"curies":[{"name":"wp","href":"https:\/\/api.w.org\/{rel}","templated":true}]}}