{"id":2136,"date":"2019-05-13T11:37:32","date_gmt":"2024-01-17T19:47:10","guid":{"rendered":"https:\/\/www.goiania.go.gov.br\/conselhotributario\/atas-4a-camara\/atas-de-sessao-4a-camara-2024\/"},"modified":"2025-01-16T09:29:02","modified_gmt":"2025-01-16T12:29:02","slug":"atas-de-sessao-4a-camara-2024","status":"publish","type":"page","link":"https:\/\/www.goiania.go.gov.br\/conselhotributario\/atas-4a-camara\/atas-de-sessao-4a-camara-2024\/","title":{"rendered":"Atas Quarta C\u00e2mara &#8211; 2024"},"content":{"rendered":"\n<p><a href=\"https:\/\/www.goiania.go.gov.br\/conselhotributario\/wp-content\/uploads\/sites\/24\/2024\/02\/Ata-Sessao-Virtual-26.02.2024-Quarta-Camara.pdf\">Ata Quarta C\u00e2mara 26.02.2024 &#8211; Sess\u00e3o Virtual<\/a><\/p>\n\n\n\n<p><a href=\"https:\/\/www.goiania.go.gov.br\/conselhotributario\/wp-content\/uploads\/sites\/24\/2024\/07\/Ata-Sessao-Virtual-20.05.2024-Quarta-Camara.pdf\">Ata Quarta C\u00e2mara 20.05.2024 &#8211; Sess\u00e3o Virtual<\/a><\/p>\n\n\n\n<p><a href=\"https:\/\/www.goiania.go.gov.br\/conselhotributario\/wp-content\/uploads\/sites\/24\/2024\/07\/Ata-Sessao-Virtual-24.06.2024-Quarta-Camara.pdf\">Ata Quarta C\u00e2mara 24.06.2024 &#8211; Sess\u00e3o Virtual<\/a><\/p>\n\n\n\n<p><a href=\"https:\/\/www.goiania.go.gov.br\/conselhotributario\/wp-content\/uploads\/sites\/24\/2024\/08\/Ata-Sessao-Virtual-27.08.2024-Quarta-Camara.pdf\">Ata Quarta C\u00e2mara 27.08.2024 &#8211; Sess\u00e3o Virtual<\/a><\/p>\n\n\n\n<p><a href=\"https:\/\/www.goiania.go.gov.br\/conselhotributario\/wp-content\/uploads\/sites\/24\/2024\/11\/Ata-Sessao-Virtual-19.11.2024-Quarta-Camara.pdf\">Ata Quarta C\u00e2mara 19.11.2024 &#8211; Sess\u00e3o Virtual<\/a><\/p>\n\n\n\n<p><\/p>\n","protected":false},"excerpt":{"rendered":"<p>Ata Quarta C\u00e2mara 26.02.2024 &#8211; Sess\u00e3o Virtual Ata Quarta C\u00e2mara 20.05.2024 &#8211; Sess\u00e3o Virtual Ata Quarta C\u00e2mara 24.06.2024 &#8211; Sess\u00e3o Virtual Ata Quarta C\u00e2mara 27.08.2024 &#8211; Sess\u00e3o Virtual Ata Quarta C\u00e2mara 19.11.2024 &#8211; Sess\u00e3o Virtual<\/p>\n","protected":false},"author":67,"featured_media":0,"parent":632,"menu_order":2,"comment_status":"closed","ping_status":"closed","template":"","meta":{"_acf_changed":false,"custom_icon_class":"","footnotes":""},"class_list":["post-2136","page","type-page","status-publish","hentry"],"acf":[],"_links":{"self":[{"href":"https:\/\/www.goiania.go.gov.br\/conselhotributario\/wp-json\/wp\/v2\/pages\/2136","targetHints":{"allow":["GET"]}}],"collection":[{"href":"https:\/\/www.goiania.go.gov.br\/conselhotributario\/wp-json\/wp\/v2\/pages"}],"about":[{"href":"https:\/\/www.goiania.go.gov.br\/conselhotributario\/wp-json\/wp\/v2\/types\/page"}],"author":[{"embeddable":true,"href":"https:\/\/www.goiania.go.gov.br\/conselhotributario\/wp-json\/wp\/v2\/users\/67"}],"replies":[{"embeddable":true,"href":"https:\/\/www.goiania.go.gov.br\/conselhotributario\/wp-json\/wp\/v2\/comments?post=2136"}],"version-history":[{"count":9,"href":"https:\/\/www.goiania.go.gov.br\/conselhotributario\/wp-json\/wp\/v2\/pages\/2136\/revisions"}],"predecessor-version":[{"id":2521,"href":"https:\/\/www.goiania.go.gov.br\/conselhotributario\/wp-json\/wp\/v2\/pages\/2136\/revisions\/2521"}],"up":[{"embeddable":true,"href":"https:\/\/www.goiania.go.gov.br\/conselhotributario\/wp-json\/wp\/v2\/pages\/632"}],"wp:attachment":[{"href":"https:\/\/www.goiania.go.gov.br\/conselhotributario\/wp-json\/wp\/v2\/media?parent=2136"}],"curies":[{"name":"wp","href":"https:\/\/api.w.org\/{rel}","templated":true}]}}