{"id":2124,"date":"2019-05-13T11:37:32","date_gmt":"2024-01-17T19:00:55","guid":{"rendered":"https:\/\/www.goiania.go.gov.br\/conselhotributario\/colegio-pleno-tributario\/pautas-colegio-pleno-tributario-1a-e-2a-camaras-2024\/"},"modified":"2025-01-16T10:02:05","modified_gmt":"2025-01-16T13:02:05","slug":"pautas-colegio-pleno-tributario-1a-e-2a-camaras-2024","status":"publish","type":"page","link":"https:\/\/www.goiania.go.gov.br\/conselhotributario\/colegio-pleno-tributario\/pautas-colegio-pleno-tributario-1a-e-2a-camaras-2024\/","title":{"rendered":"Pautas Col\u00e9gio Pleno Tribut\u00e1rio &#8211; 2024"},"content":{"rendered":"\n<p><a href=\"https:\/\/www.goiania.go.gov.br\/conselhotributario\/wp-content\/uploads\/sites\/24\/2024\/01\/Pauta-Sessao-Virtual-31.01.2024-Colegio-Pleno-Tributario.pdf\">Pauta Col\u00e9gio Pleno Tribut\u00e1rio 1\u00aa e 2\u00aa C\u00e2maras 31.01.2024 &#8211; Sess\u00e3o Virtual<\/a><\/p>\n\n\n\n<p><a href=\"https:\/\/www.goiania.go.gov.br\/conselhotributario\/wp-content\/uploads\/sites\/24\/2024\/06\/Pauta-Sessao-Virtual-02.07.2024-Colegio-Pleno-Tributario.pdf\">Pauta Col\u00e9gio Pleno Tribut\u00e1rio 1\u00aa e 2\u00aa C\u00e2maras 02.07.2024 &#8211; Sess\u00e3o Virtual<\/a><\/p>\n\n\n\n<p><\/p>\n","protected":false},"excerpt":{"rendered":"<p>Pauta Col\u00e9gio Pleno Tribut\u00e1rio 1\u00aa e 2\u00aa C\u00e2maras 31.01.2024 &#8211; Sess\u00e3o Virtual Pauta Col\u00e9gio Pleno Tribut\u00e1rio 1\u00aa e 2\u00aa C\u00e2maras 02.07.2024 &#8211; Sess\u00e3o Virtual<\/p>\n","protected":false},"author":67,"featured_media":0,"parent":365,"menu_order":2,"comment_status":"closed","ping_status":"closed","template":"","meta":{"_acf_changed":false,"custom_icon_class":"","footnotes":""},"class_list":["post-2124","page","type-page","status-publish","hentry"],"acf":[],"_links":{"self":[{"href":"https:\/\/www.goiania.go.gov.br\/conselhotributario\/wp-json\/wp\/v2\/pages\/2124","targetHints":{"allow":["GET"]}}],"collection":[{"href":"https:\/\/www.goiania.go.gov.br\/conselhotributario\/wp-json\/wp\/v2\/pages"}],"about":[{"href":"https:\/\/www.goiania.go.gov.br\/conselhotributario\/wp-json\/wp\/v2\/types\/page"}],"author":[{"embeddable":true,"href":"https:\/\/www.goiania.go.gov.br\/conselhotributario\/wp-json\/wp\/v2\/users\/67"}],"replies":[{"embeddable":true,"href":"https:\/\/www.goiania.go.gov.br\/conselhotributario\/wp-json\/wp\/v2\/comments?post=2124"}],"version-history":[{"count":5,"href":"https:\/\/www.goiania.go.gov.br\/conselhotributario\/wp-json\/wp\/v2\/pages\/2124\/revisions"}],"predecessor-version":[{"id":2581,"href":"https:\/\/www.goiania.go.gov.br\/conselhotributario\/wp-json\/wp\/v2\/pages\/2124\/revisions\/2581"}],"up":[{"embeddable":true,"href":"https:\/\/www.goiania.go.gov.br\/conselhotributario\/wp-json\/wp\/v2\/pages\/365"}],"wp:attachment":[{"href":"https:\/\/www.goiania.go.gov.br\/conselhotributario\/wp-json\/wp\/v2\/media?parent=2124"}],"curies":[{"name":"wp","href":"https:\/\/api.w.org\/{rel}","templated":true}]}}