{"id":182,"date":"2019-05-13T11:37:32","date_gmt":"2020-07-06T20:06:32","guid":{"rendered":"https:\/\/www.goiania.go.gov.br\/conselhotributario\/?page_id=182"},"modified":"2026-03-18T10:26:00","modified_gmt":"2026-03-18T13:26:00","slug":"3a-camara","status":"publish","type":"page","link":"https:\/\/www.goiania.go.gov.br\/conselhotributario\/3a-camara\/","title":{"rendered":"Pautas 3\u00aa C\u00e2mara"},"content":{"rendered":"\n<p><a href=\"https:\/\/www.goiania.go.gov.br\/conselhotributario\/3a-camara\/pautas-terceira-camara-2026\/\">Pautas Terceira C\u00e2mara &#8211; 2026<\/a><\/p>\n\n\n\n<p><a href=\"https:\/\/www.goiania.go.gov.br\/conselhotributario\/3a-camara\/pauta-terceira-camara-2025\/\">Pautas Terceira C\u00e2mara &#8211; 2025<\/a><\/p>\n\n\n\n<p><a href=\"https:\/\/www.goiania.go.gov.br\/conselhotributario\/3a-camara\/pautas-3a-camara-2024\/\">Pautas Terceira C\u00e2mara &#8211; 2024<\/a><\/p>\n\n\n\n<p><a href=\"https:\/\/www.goiania.go.gov.br\/conselhotributario\/3a-camara\/pautas-3a-camara-2023\/\">Pautas Terceira C\u00e2mara &#8211; 2023<\/a><\/p>\n\n\n\n<p><a href=\"https:\/\/www.goiania.go.gov.br\/conselhotributario\/3a-camara\/pautas-3a-camara-2022\/\">Pautas Terceira C\u00e2mara &#8211; 2022<\/a><\/p>\n\n\n\n<p><a href=\"https:\/\/www.goiania.go.gov.br\/conselhotributario\/3a-camara\/pautas-3a-camara-2021\/\" data-type=\"URL\" data-id=\"https:\/\/www.goiania.go.gov.br\/conselhotributario\/3a-camara\/pautas-3a-camara-2021\/\">Pautas Terceira C\u00e2mara &#8211; 2021<\/a><\/p>\n\n\n\n<p><a href=\"https:\/\/www.goiania.go.gov.br\/conselhotributario\/3a-camara\/pautas-3a-camara-2020\/\">Pautas Terceira C\u00e2mara &#8211; 2020<\/a><\/p>\n\n\n\n<p><a href=\"https:\/\/www.goiania.go.gov.br\/conselhotributario\/3a-camara\/pautas-3a-camara-2019\/\">Pautas Terceira C\u00e2mara &#8211; 2019<\/a><\/p>\n\n\n\n<p><a href=\"https:\/\/www.goiania.go.gov.br\/conselhotributario\/3a-camara\/pautas-3a-camara-2018\/\">Pautas Terceira C\u00e2mara &#8211; 2018<\/a><\/p>\n\n\n\n<p><a href=\"https:\/\/www.goiania.go.gov.br\/conselhotributario\/3a-camara\/pautas-3a-camara-2017\/\">Pautas Terceira C\u00e2mara &#8211; 2017<\/a><\/p>\n","protected":false},"excerpt":{"rendered":"<p>Pautas Terceira C\u00e2mara &#8211; 2026 Pautas Terceira C\u00e2mara &#8211; 2025 Pautas Terceira C\u00e2mara &#8211; 2024 Pautas Terceira C\u00e2mara &#8211; 2023 Pautas Terceira C\u00e2mara &#8211; 2022 Pautas Terceira C\u00e2mara &#8211; 2021 Pautas Terceira C\u00e2mara &#8211; 2020 Pautas Terceira C\u00e2mara &#8211; 2019 Pautas Terceira C\u00e2mara &#8211; 2018 Pautas Terceira C\u00e2mara &#8211; 2017<\/p>\n","protected":false},"author":1,"featured_media":0,"parent":0,"menu_order":15,"comment_status":"closed","ping_status":"closed","template":"","meta":{"_acf_changed":false,"custom_icon_class":"","footnotes":""},"class_list":["post-182","page","type-page","status-publish","hentry"],"acf":[],"_links":{"self":[{"href":"https:\/\/www.goiania.go.gov.br\/conselhotributario\/wp-json\/wp\/v2\/pages\/182","targetHints":{"allow":["GET"]}}],"collection":[{"href":"https:\/\/www.goiania.go.gov.br\/conselhotributario\/wp-json\/wp\/v2\/pages"}],"about":[{"href":"https:\/\/www.goiania.go.gov.br\/conselhotributario\/wp-json\/wp\/v2\/types\/page"}],"author":[{"embeddable":true,"href":"https:\/\/www.goiania.go.gov.br\/conselhotributario\/wp-json\/wp\/v2\/users\/1"}],"replies":[{"embeddable":true,"href":"https:\/\/www.goiania.go.gov.br\/conselhotributario\/wp-json\/wp\/v2\/comments?post=182"}],"version-history":[{"count":10,"href":"https:\/\/www.goiania.go.gov.br\/conselhotributario\/wp-json\/wp\/v2\/pages\/182\/revisions"}],"predecessor-version":[{"id":2837,"href":"https:\/\/www.goiania.go.gov.br\/conselhotributario\/wp-json\/wp\/v2\/pages\/182\/revisions\/2837"}],"wp:attachment":[{"href":"https:\/\/www.goiania.go.gov.br\/conselhotributario\/wp-json\/wp\/v2\/media?parent=182"}],"curies":[{"name":"wp","href":"https:\/\/api.w.org\/{rel}","templated":true}]}}