{"id":1698,"date":"2019-05-13T11:37:32","date_gmt":"2023-01-09T20:28:36","guid":{"rendered":"https:\/\/www.goiania.go.gov.br\/conselhotributario\/3a-camara\/pautas-3a-camara-2023\/"},"modified":"2025-01-16T09:48:56","modified_gmt":"2025-01-16T12:48:56","slug":"pautas-3a-camara-2023","status":"publish","type":"page","link":"https:\/\/www.goiania.go.gov.br\/conselhotributario\/3a-camara\/pautas-3a-camara-2023\/","title":{"rendered":"Pautas Terceira C\u00e2mara &#8211; 2023"},"content":{"rendered":"\n<p><a href=\"https:\/\/www.goiania.go.gov.br\/conselhotributario\/wp-content\/uploads\/sites\/24\/2023\/01\/Pauta-Sessao-de-Julgamento-Virtual-3a-Camara.pdf\">Pauta Terceira C\u00e2mara 31.01.2023 &#8211; Sess\u00e3o Virtual<\/a><\/p>\n\n\n\n<p><a href=\"https:\/\/www.goiania.go.gov.br\/conselhotributario\/wp-content\/uploads\/sites\/24\/2023\/03\/Pauta-Sessao-Virtual-21.03.2023-Terceira-Camara.pdf\">Pauta Terceira C\u00e2mara 21.03.2023 &#8211; Sess\u00e3o Virtual<\/a><\/p>\n\n\n\n<p><a href=\"https:\/\/www.goiania.go.gov.br\/conselhotributario\/wp-content\/uploads\/sites\/24\/2023\/03\/Pauta-Sessao-Virtual-11.04.2023-Terceira-Camara.pdf\">Pauta Terceira C\u00e2mara 11.04.2023 &#8211; Sess\u00e3o Virtual<\/a><\/p>\n\n\n\n<p><a href=\"https:\/\/www.goiania.go.gov.br\/conselhotributario\/wp-content\/uploads\/sites\/24\/2023\/04\/Pauta-Sessao-Virtual-18.04.2023-Terceira-Camara.pdf\">Pauta Terceira C\u00e2mara 18.04.2023 &#8211; Sess\u00e3o Virtual<\/a><\/p>\n\n\n\n<p><a href=\"https:\/\/www.goiania.go.gov.br\/conselhotributario\/wp-content\/uploads\/sites\/24\/2023\/04\/Pauta-Sessao-Virtual-09.05.2023-Terceira-Camara.pdf\">Pauta Terceira C\u00e2mara 09.05.2023 &#8211; Sess\u00e3o Virtual<\/a><\/p>\n\n\n\n<p><a href=\"https:\/\/www.goiania.go.gov.br\/conselhotributario\/wp-content\/uploads\/sites\/24\/2023\/08\/Pauta-Sessao-Virtual-18.08.2023-Terceira-Camara.pdf\">Pauta Terceira C\u00e2mara 18.08.2023 &#8211; Sess\u00e3o Virtual<\/a><\/p>\n\n\n\n<p><a href=\"https:\/\/www.goiania.go.gov.br\/conselhotributario\/wp-content\/uploads\/sites\/24\/2023\/08\/Pauta-Sessao-Virtual-29.08.2023-Terceira-Camara.pdf\">Pauta Terceira C\u00e2mara 29.08.2023 &#8211; Sess\u00e3o Virtual<\/a><\/p>\n\n\n\n<p><a href=\"https:\/\/www.goiania.go.gov.br\/conselhotributario\/wp-content\/uploads\/sites\/24\/2023\/08\/Pauta-Sessao-Presencial-05.09.2023-Terceira-Camara-1.pdf\">Pauta Terceira C\u00e2mara 05.09.2023 &#8211; Sess\u00e3o Presencial<\/a><\/p>\n\n\n\n<p><a href=\"https:\/\/www.goiania.go.gov.br\/conselhotributario\/wp-content\/uploads\/sites\/24\/2023\/09\/Pauta-Sessao-Virtual-03.10.2023-Terceira-Camara.pdf\">Pauta Terceira C\u00e2mara 03.10.2023 &#8211; Sess\u00e3o Virtual<\/a><\/p>\n\n\n\n<p><a href=\"https:\/\/www.goiania.go.gov.br\/conselhotributario\/wp-content\/uploads\/sites\/24\/2023\/10\/Pauta-Sessao-Virtual-31.10.2023-Terceira-Camara.pdf\">Pauta Terceira C\u00e2mara 31.10.2023 &#8211; Sess\u00e3o Virtual<\/a><\/p>\n\n\n\n<p><a href=\"https:\/\/www.goiania.go.gov.br\/conselhotributario\/wp-content\/uploads\/sites\/24\/2023\/11\/Ata-Sessao-Virtual-05.12.2023-Terceira-Camara.pdf\">Pauta Terceira C\u00e2mara<\/a><a href=\"https:\/\/www.goiania.go.gov.br\/conselhotributario\/wp-content\/uploads\/sites\/24\/2023\/11\/PAUTA-Sessao-Virtual-05.12.2023-Terceira-Camara.pdf\"> <\/a><a href=\"https:\/\/www.goiania.go.gov.br\/conselhotributario\/wp-content\/uploads\/sites\/24\/2023\/11\/Ata-Sessao-Virtual-05.12.2023-Terceira-Camara.pdf\">05.12.2023 &#8211; Sess\u00e3o Virtual<\/a><\/p>\n\n\n\n<p><\/p>\n","protected":false},"excerpt":{"rendered":"<p>Pauta Terceira C\u00e2mara 31.01.2023 &#8211; Sess\u00e3o Virtual Pauta Terceira C\u00e2mara 21.03.2023 &#8211; Sess\u00e3o Virtual Pauta Terceira C\u00e2mara 11.04.2023 &#8211; Sess\u00e3o Virtual Pauta Terceira C\u00e2mara 18.04.2023 &#8211; Sess\u00e3o Virtual Pauta Terceira C\u00e2mara 09.05.2023 &#8211; Sess\u00e3o Virtual Pauta Terceira C\u00e2mara 18.08.2023 &#8211; Sess\u00e3o Virtual Pauta Terceira C\u00e2mara 29.08.2023 &#8211; Sess\u00e3o Virtual Pauta Terceira C\u00e2mara 05.09.2023 &#8211; Sess\u00e3o [&hellip;]<\/p>\n","protected":false},"author":1,"featured_media":0,"parent":182,"menu_order":3,"comment_status":"closed","ping_status":"closed","template":"","meta":{"_acf_changed":false,"custom_icon_class":"","footnotes":""},"class_list":["post-1698","page","type-page","status-publish","hentry"],"acf":[],"_links":{"self":[{"href":"https:\/\/www.goiania.go.gov.br\/conselhotributario\/wp-json\/wp\/v2\/pages\/1698","targetHints":{"allow":["GET"]}}],"collection":[{"href":"https:\/\/www.goiania.go.gov.br\/conselhotributario\/wp-json\/wp\/v2\/pages"}],"about":[{"href":"https:\/\/www.goiania.go.gov.br\/conselhotributario\/wp-json\/wp\/v2\/types\/page"}],"author":[{"embeddable":true,"href":"https:\/\/www.goiania.go.gov.br\/conselhotributario\/wp-json\/wp\/v2\/users\/1"}],"replies":[{"embeddable":true,"href":"https:\/\/www.goiania.go.gov.br\/conselhotributario\/wp-json\/wp\/v2\/comments?post=1698"}],"version-history":[{"count":10,"href":"https:\/\/www.goiania.go.gov.br\/conselhotributario\/wp-json\/wp\/v2\/pages\/1698\/revisions"}],"predecessor-version":[{"id":2556,"href":"https:\/\/www.goiania.go.gov.br\/conselhotributario\/wp-json\/wp\/v2\/pages\/1698\/revisions\/2556"}],"up":[{"embeddable":true,"href":"https:\/\/www.goiania.go.gov.br\/conselhotributario\/wp-json\/wp\/v2\/pages\/182"}],"wp:attachment":[{"href":"https:\/\/www.goiania.go.gov.br\/conselhotributario\/wp-json\/wp\/v2\/media?parent=1698"}],"curies":[{"name":"wp","href":"https:\/\/api.w.org\/{rel}","templated":true}]}}