{"id":1692,"date":"2023-01-09T17:26:29","date_gmt":"2023-01-09T20:26:29","guid":{"rendered":"https:\/\/www.goiania.go.gov.br\/conselhotributario\/1a-camara\/pauta-primeira-camara-2023\/"},"modified":"2023-12-04T17:42:49","modified_gmt":"2023-12-04T20:42:49","slug":"pauta-primeira-camara-2023","status":"publish","type":"page","link":"https:\/\/www.goiania.go.gov.br\/conselhotributario\/1a-camara\/pauta-primeira-camara-2023\/","title":{"rendered":"Pauta Primeira C\u00e2mara &#8211; 2023"},"content":{"rendered":"\n<p><a href=\"https:\/\/www.goiania.go.gov.br\/conselhotributario\/wp-content\/uploads\/sites\/24\/2023\/02\/Pauta-Sessao-Virtual-15.02.2023-Primeira-Camara.pdf\">Pauta Primeira C\u00e2mara 15.02.2023 &#8211; Sess\u00e3o Virtual<\/a> &#8211; Cancelado<\/p>\n\n\n\n<p><a href=\"https:\/\/www.goiania.go.gov.br\/conselhotributario\/wp-content\/uploads\/sites\/24\/2023\/03\/Pauta-Sessao-Virtual-05.04.2023-Primeira-Camara.pdf\">Pauta Primeira C\u00e2mara 05.04.2023 &#8211; Sess\u00e3o Virtual<\/a><\/p>\n\n\n\n<p><a href=\"https:\/\/www.goiania.go.gov.br\/conselhotributario\/wp-content\/uploads\/sites\/24\/2023\/04\/Pauta-Sessao-Virtual-10.05.2023-Primeira-Camara.pdf\">Pauta Primeira C\u00e2mara 10.05.2023 &#8211; Sess\u00e3o Virtual<\/a><\/p>\n\n\n\n<p><a href=\"https:\/\/www.goiania.go.gov.br\/conselhotributario\/wp-content\/uploads\/sites\/24\/2023\/08\/Pauta-Sessao-Virtual-30.08.2023-Primeira-Camara.pdf\">Pauta Primeira C\u00e2mara 30.08.2023 &#8211; Sess\u00e3o Virtual<\/a><\/p>\n\n\n\n<p><a href=\"https:\/\/www.goiania.go.gov.br\/conselhotributario\/wp-content\/uploads\/sites\/24\/2023\/10\/Pauta-Sessao-Virtual-26.10.2023-Primeira-Camara.pdf\">Pauta Primeira C\u00e2mara 26.10.2023 &#8211; Sess\u00e3o Virtual<\/a><\/p>\n\n\n\n<p><a href=\"https:\/\/www.goiania.go.gov.br\/conselhotributario\/wp-content\/uploads\/sites\/24\/2023\/11\/Pauta-Sessao-Presencial-22.11.2023-Primeira-Camara.pdf\">Pauta Primeira C\u00e2mara 22.11.2023 &#8211; Sess\u00e3o Presencial<\/a><\/p>\n\n\n\n<p><a href=\"https:\/\/www.goiania.go.gov.br\/conselhotributario\/wp-content\/uploads\/sites\/24\/2023\/12\/Pauta-1aCamara.pdf\">Pauta Primeira C\u00e2mara 14.12.2023 &#8211; Sess\u00e3o Virtual<\/a><\/p>\n\n\n\n<p><\/p>\n","protected":false},"excerpt":{"rendered":"<p>Pauta Primeira C\u00e2mara 15.02.2023 &#8211; Sess\u00e3o Virtual &#8211; Cancelado Pauta Primeira C\u00e2mara 05.04.2023 &#8211; Sess\u00e3o Virtual Pauta Primeira C\u00e2mara 10.05.2023 &#8211; Sess\u00e3o Virtual Pauta Primeira C\u00e2mara 30.08.2023 &#8211; Sess\u00e3o Virtual Pauta Primeira C\u00e2mara 26.10.2023 &#8211; Sess\u00e3o Virtual Pauta Primeira C\u00e2mara 22.11.2023 &#8211; Sess\u00e3o Presencial Pauta Primeira C\u00e2mara 14.12.2023 &#8211; Sess\u00e3o Virtual<\/p>\n","protected":false},"author":1,"featured_media":0,"parent":61,"menu_order":3,"comment_status":"closed","ping_status":"closed","template":"","meta":{"_acf_changed":false,"custom_icon_class":"","footnotes":""},"class_list":["post-1692","page","type-page","status-publish","hentry"],"acf":[],"_links":{"self":[{"href":"https:\/\/www.goiania.go.gov.br\/conselhotributario\/wp-json\/wp\/v2\/pages\/1692","targetHints":{"allow":["GET"]}}],"collection":[{"href":"https:\/\/www.goiania.go.gov.br\/conselhotributario\/wp-json\/wp\/v2\/pages"}],"about":[{"href":"https:\/\/www.goiania.go.gov.br\/conselhotributario\/wp-json\/wp\/v2\/types\/page"}],"author":[{"embeddable":true,"href":"https:\/\/www.goiania.go.gov.br\/conselhotributario\/wp-json\/wp\/v2\/users\/1"}],"replies":[{"embeddable":true,"href":"https:\/\/www.goiania.go.gov.br\/conselhotributario\/wp-json\/wp\/v2\/comments?post=1692"}],"version-history":[{"count":9,"href":"https:\/\/www.goiania.go.gov.br\/conselhotributario\/wp-json\/wp\/v2\/pages\/1692\/revisions"}],"predecessor-version":[{"id":2081,"href":"https:\/\/www.goiania.go.gov.br\/conselhotributario\/wp-json\/wp\/v2\/pages\/1692\/revisions\/2081"}],"up":[{"embeddable":true,"href":"https:\/\/www.goiania.go.gov.br\/conselhotributario\/wp-json\/wp\/v2\/pages\/61"}],"wp:attachment":[{"href":"https:\/\/www.goiania.go.gov.br\/conselhotributario\/wp-json\/wp\/v2\/media?parent=1692"}],"curies":[{"name":"wp","href":"https:\/\/api.w.org\/{rel}","templated":true}]}}