{"id":1683,"date":"2023-01-09T17:17:13","date_gmt":"2023-01-09T20:17:13","guid":{"rendered":"https:\/\/www.goiania.go.gov.br\/conselhotributario\/atas-colegio-pleno-fiscal\/atas-colegio-pleno-fiscal-2023\/"},"modified":"2023-06-19T11:53:58","modified_gmt":"2023-06-19T14:53:58","slug":"atas-colegio-pleno-fiscal-2023","status":"publish","type":"page","link":"https:\/\/www.goiania.go.gov.br\/conselhotributario\/atas-colegio-pleno-fiscal\/atas-colegio-pleno-fiscal-2023\/","title":{"rendered":"Atas Col\u00e9gio Pleno Fiscal &#8211; 2023"},"content":{"rendered":"\n<p><a href=\"https:\/\/www.goiania.go.gov.br\/conselhotributario\/wp-content\/uploads\/sites\/24\/2023\/06\/Ata-Colegio-Pleno-Fiscal-30.05.2023.pdf\">Ata Col\u00e9gio Pleno Fiscal 3\u00aa e 4\u00aa C\u00e2maras &#8211; 30.05.2023 &#8211; Sess\u00e3o Virtual<\/a><\/p>\n\n\n\n<p><a href=\"https:\/\/www.goiania.go.gov.br\/conselhotributario\/wp-content\/uploads\/sites\/24\/2023\/06\/Ata-Proposicao-de-Sumula-03-a-06-CPF-CTF-assinada.pdf\">Ata Proposi\u00e7\u00e3o de S\u00famulas 03 a 06 &#8211; CTF &#8211; 30.05.2023<\/a><\/p>\n\n\n\n<p><\/p>\n","protected":false},"excerpt":{"rendered":"<p>Ata Col\u00e9gio Pleno Fiscal 3\u00aa e 4\u00aa C\u00e2maras &#8211; 30.05.2023 &#8211; Sess\u00e3o Virtual Ata Proposi\u00e7\u00e3o de S\u00famulas 03 a 06 &#8211; CTF &#8211; 30.05.2023<\/p>\n","protected":false},"author":1,"featured_media":0,"parent":745,"menu_order":3,"comment_status":"closed","ping_status":"closed","template":"","meta":{"_acf_changed":false,"custom_icon_class":"","footnotes":""},"class_list":["post-1683","page","type-page","status-publish","hentry"],"acf":[],"_links":{"self":[{"href":"https:\/\/www.goiania.go.gov.br\/conselhotributario\/wp-json\/wp\/v2\/pages\/1683","targetHints":{"allow":["GET"]}}],"collection":[{"href":"https:\/\/www.goiania.go.gov.br\/conselhotributario\/wp-json\/wp\/v2\/pages"}],"about":[{"href":"https:\/\/www.goiania.go.gov.br\/conselhotributario\/wp-json\/wp\/v2\/types\/page"}],"author":[{"embeddable":true,"href":"https:\/\/www.goiania.go.gov.br\/conselhotributario\/wp-json\/wp\/v2\/users\/1"}],"replies":[{"embeddable":true,"href":"https:\/\/www.goiania.go.gov.br\/conselhotributario\/wp-json\/wp\/v2\/comments?post=1683"}],"version-history":[{"count":3,"href":"https:\/\/www.goiania.go.gov.br\/conselhotributario\/wp-json\/wp\/v2\/pages\/1683\/revisions"}],"predecessor-version":[{"id":1894,"href":"https:\/\/www.goiania.go.gov.br\/conselhotributario\/wp-json\/wp\/v2\/pages\/1683\/revisions\/1894"}],"up":[{"embeddable":true,"href":"https:\/\/www.goiania.go.gov.br\/conselhotributario\/wp-json\/wp\/v2\/pages\/745"}],"wp:attachment":[{"href":"https:\/\/www.goiania.go.gov.br\/conselhotributario\/wp-json\/wp\/v2\/media?parent=1683"}],"curies":[{"name":"wp","href":"https:\/\/api.w.org\/{rel}","templated":true}]}}