{"id":1667,"date":"2019-05-13T11:37:32","date_gmt":"2023-01-09T20:10:15","guid":{"rendered":"https:\/\/www.goiania.go.gov.br\/conselhotributario\/atas-sessao-3a-camara\/atas-de-sessao-3a-camara-2023\/"},"modified":"2025-01-16T09:31:10","modified_gmt":"2025-01-16T12:31:10","slug":"atas-de-sessao-3a-camara-2023","status":"publish","type":"page","link":"https:\/\/www.goiania.go.gov.br\/conselhotributario\/atas-sessao-3a-camara\/atas-de-sessao-3a-camara-2023\/","title":{"rendered":"Atas Terceira C\u00e2mara &#8211; 2023"},"content":{"rendered":"\n<p><a href=\"https:\/\/www.goiania.go.gov.br\/conselhotributario\/wp-content\/uploads\/sites\/24\/2023\/02\/Ata-Sessao-de-Julgamento-Virtual-3a-Camara-1.pdf\">Ata Terceira C\u00e2mara 31.01.2023 &#8211; Sess\u00e3o Virtual<\/a><\/p>\n\n\n\n<p><a href=\"https:\/\/www.goiania.go.gov.br\/conselhotributario\/wp-content\/uploads\/sites\/24\/2023\/12\/Ata-Sessao-Virtual-21.03.2023-Terceira-Camara.pdf\">Ata Terceira C\u00e2mara 21.03.2023 &#8211; Sess\u00e3o Virtual<\/a><\/p>\n\n\n\n<p><a href=\"https:\/\/www.goiania.go.gov.br\/conselhotributario\/wp-content\/uploads\/sites\/24\/2023\/12\/Ata-Sessao-Virtual-11.04.2023-Terceira-Camara.pdf\">Ata Terceira C\u00e2mara 11.04.2023 &#8211; Sess\u00e3o Virtual<\/a><\/p>\n\n\n\n<p><a href=\"https:\/\/www.goiania.go.gov.br\/conselhotributario\/wp-content\/uploads\/sites\/24\/2023\/04\/Ata-Sessao-Virtual-18.04.2023-Terceira-Camara.pdf\">Ata Terceira C\u00e2mara 18.04.2023 &#8211; Sess\u00e3o Virtual<\/a><\/p>\n\n\n\n<p><a href=\"https:\/\/www.goiania.go.gov.br\/conselhotributario\/wp-content\/uploads\/sites\/24\/2023\/05\/ata-Sessao-Virtual-09.05.2023-Terceira-Camara.pdf\">Ata Terceira C\u00e2mara 09.05.2023 &#8211; Sess\u00e3o Virtual<\/a><\/p>\n\n\n\n<p><a href=\"https:\/\/www.goiania.go.gov.br\/conselhotributario\/wp-content\/uploads\/sites\/24\/2023\/12\/Ata-Sessao-Virtual-18.08.2023-Terceira-Camara.pdf\">Ata Terceira C\u00e2mara 18.08.2023 &#8211; Sess\u00e3o Virtual<\/a><\/p>\n\n\n\n<p><a href=\"https:\/\/www.goiania.go.gov.br\/conselhotributario\/wp-content\/uploads\/sites\/24\/2023\/12\/Ata-Sessao-Virtual-29.08.2023-Terceira-Camara.pdf\">Ata Terceira C\u00e2mara 29.08.2023 &#8211; Sess\u00e3o Virtual<\/a><\/p>\n\n\n\n<p><a href=\"https:\/\/www.goiania.go.gov.br\/conselhotributario\/wp-content\/uploads\/sites\/24\/2023\/12\/Ata-Sessao-Virtual-05.09.2023-Terceira-Camara.pdf\">Ata Terceira C\u00e2mara 05.09.2023 &#8211; Sess\u00e3o Presencial<\/a><\/p>\n\n\n\n<p><a href=\"https:\/\/www.goiania.go.gov.br\/conselhotributario\/wp-content\/uploads\/sites\/24\/2023\/12\/Ata-Sessao-Virtual-03.10.2023-Terceira-Camara.pdf\">Ata Terceira C\u00e2mara 03.10.2023 &#8211; Sess\u00e3o Virtual<\/a><\/p>\n\n\n\n<p><a href=\"https:\/\/www.goiania.go.gov.br\/conselhotributario\/wp-content\/uploads\/sites\/24\/2023\/12\/Ata-Sessao-Virtual-31.10.2023-Terceira-Camara.pdf\">Ata Terceira C\u00e2mara 31.10.2023 &#8211; Sess\u00e3o Virtual<\/a><\/p>\n\n\n\n<p><a href=\"https:\/\/www.goiania.go.gov.br\/conselhotributario\/wp-content\/uploads\/sites\/24\/2023\/12\/Ata-Sessao-Virtual-05.12.2023-Terceira-Camara.pdf\">Ata Terceira C\u00e2mara 05.12.2023 &#8211; Sess\u00e3o Virtual<\/a><\/p>\n\n\n\n<p><\/p>\n","protected":false},"excerpt":{"rendered":"<p>Ata Terceira C\u00e2mara 31.01.2023 &#8211; Sess\u00e3o Virtual Ata Terceira C\u00e2mara 21.03.2023 &#8211; Sess\u00e3o Virtual Ata Terceira C\u00e2mara 11.04.2023 &#8211; Sess\u00e3o Virtual Ata Terceira C\u00e2mara 18.04.2023 &#8211; Sess\u00e3o Virtual Ata Terceira C\u00e2mara 09.05.2023 &#8211; Sess\u00e3o Virtual Ata Terceira C\u00e2mara 18.08.2023 &#8211; Sess\u00e3o Virtual Ata Terceira C\u00e2mara 29.08.2023 &#8211; Sess\u00e3o Virtual Ata Terceira C\u00e2mara 05.09.2023 &#8211; Sess\u00e3o [&hellip;]<\/p>\n","protected":false},"author":1,"featured_media":0,"parent":533,"menu_order":3,"comment_status":"closed","ping_status":"closed","template":"","meta":{"_acf_changed":false,"custom_icon_class":"","footnotes":""},"class_list":["post-1667","page","type-page","status-publish","hentry"],"acf":[],"_links":{"self":[{"href":"https:\/\/www.goiania.go.gov.br\/conselhotributario\/wp-json\/wp\/v2\/pages\/1667","targetHints":{"allow":["GET"]}}],"collection":[{"href":"https:\/\/www.goiania.go.gov.br\/conselhotributario\/wp-json\/wp\/v2\/pages"}],"about":[{"href":"https:\/\/www.goiania.go.gov.br\/conselhotributario\/wp-json\/wp\/v2\/types\/page"}],"author":[{"embeddable":true,"href":"https:\/\/www.goiania.go.gov.br\/conselhotributario\/wp-json\/wp\/v2\/users\/1"}],"replies":[{"embeddable":true,"href":"https:\/\/www.goiania.go.gov.br\/conselhotributario\/wp-json\/wp\/v2\/comments?post=1667"}],"version-history":[{"count":10,"href":"https:\/\/www.goiania.go.gov.br\/conselhotributario\/wp-json\/wp\/v2\/pages\/1667\/revisions"}],"predecessor-version":[{"id":2531,"href":"https:\/\/www.goiania.go.gov.br\/conselhotributario\/wp-json\/wp\/v2\/pages\/1667\/revisions\/2531"}],"up":[{"embeddable":true,"href":"https:\/\/www.goiania.go.gov.br\/conselhotributario\/wp-json\/wp\/v2\/pages\/533"}],"wp:attachment":[{"href":"https:\/\/www.goiania.go.gov.br\/conselhotributario\/wp-json\/wp\/v2\/media?parent=1667"}],"curies":[{"name":"wp","href":"https:\/\/api.w.org\/{rel}","templated":true}]}}