{"id":1664,"date":"2023-01-09T17:09:16","date_gmt":"2023-01-09T20:09:16","guid":{"rendered":"https:\/\/www.goiania.go.gov.br\/conselhotributario\/atas-segunda-camara\/atas-segunda-camara-2023\/"},"modified":"2023-09-20T12:01:24","modified_gmt":"2023-09-20T15:01:24","slug":"atas-segunda-camara-2023","status":"publish","type":"page","link":"https:\/\/www.goiania.go.gov.br\/conselhotributario\/atas-segunda-camara\/atas-segunda-camara-2023\/","title":{"rendered":"Atas Segunda C\u00e2mara &#8211; 2023"},"content":{"rendered":"\n<p><a href=\"https:\/\/www.goiania.go.gov.br\/conselhotributario\/wp-content\/uploads\/sites\/24\/2023\/05\/Ata-Sessao-de-Julgamento-Virtual-27.04.2023-Segunda-Camara.pdf\">Ata Segunda C\u00e2mara 27.04.2023 &#8211; Sess\u00e3o Virtual<\/a><\/p>\n\n\n\n<p><a href=\"https:\/\/www.goiania.go.gov.br\/conselhotributario\/wp-content\/uploads\/sites\/24\/2023\/06\/Ata-07.06.-2023-Segunda-Camara.pdf\">Ata Segunda C\u00e2mara 07.06.2023 &#8211; Sess\u00e3o Virtual<\/a><\/p>\n\n\n\n<p><a href=\"https:\/\/www.goiania.go.gov.br\/conselhotributario\/wp-content\/uploads\/sites\/24\/2023\/09\/Ata-31.08.-2023-Segunda-Camara.pdf\">Ata Segunda C\u00e2mara 31.08.2023 &#8211; Sess\u00e3o Virtual<\/a><\/p>\n\n\n\n<p><a href=\"https:\/\/www.goiania.go.gov.br\/conselhotributario\/wp-content\/uploads\/sites\/24\/2023\/09\/Ata-14.09.-2023-Segunda-Camara.pdf\">Ata Segunda C\u00e2mara 14.09.2023 &#8211; Sess\u00e3o Virtual<\/a><\/p>\n\n\n\n<p><\/p>\n","protected":false},"excerpt":{"rendered":"<p>Ata Segunda C\u00e2mara 27.04.2023 &#8211; Sess\u00e3o Virtual Ata Segunda C\u00e2mara 07.06.2023 &#8211; Sess\u00e3o Virtual Ata Segunda C\u00e2mara 31.08.2023 &#8211; Sess\u00e3o Virtual Ata Segunda C\u00e2mara 14.09.2023 &#8211; Sess\u00e3o Virtual<\/p>\n","protected":false},"author":1,"featured_media":0,"parent":476,"menu_order":3,"comment_status":"closed","ping_status":"closed","template":"","meta":{"_acf_changed":false,"custom_icon_class":"","footnotes":""},"class_list":["post-1664","page","type-page","status-publish","hentry"],"acf":[],"_links":{"self":[{"href":"https:\/\/www.goiania.go.gov.br\/conselhotributario\/wp-json\/wp\/v2\/pages\/1664","targetHints":{"allow":["GET"]}}],"collection":[{"href":"https:\/\/www.goiania.go.gov.br\/conselhotributario\/wp-json\/wp\/v2\/pages"}],"about":[{"href":"https:\/\/www.goiania.go.gov.br\/conselhotributario\/wp-json\/wp\/v2\/types\/page"}],"author":[{"embeddable":true,"href":"https:\/\/www.goiania.go.gov.br\/conselhotributario\/wp-json\/wp\/v2\/users\/1"}],"replies":[{"embeddable":true,"href":"https:\/\/www.goiania.go.gov.br\/conselhotributario\/wp-json\/wp\/v2\/comments?post=1664"}],"version-history":[{"count":5,"href":"https:\/\/www.goiania.go.gov.br\/conselhotributario\/wp-json\/wp\/v2\/pages\/1664\/revisions"}],"predecessor-version":[{"id":1975,"href":"https:\/\/www.goiania.go.gov.br\/conselhotributario\/wp-json\/wp\/v2\/pages\/1664\/revisions\/1975"}],"up":[{"embeddable":true,"href":"https:\/\/www.goiania.go.gov.br\/conselhotributario\/wp-json\/wp\/v2\/pages\/476"}],"wp:attachment":[{"href":"https:\/\/www.goiania.go.gov.br\/conselhotributario\/wp-json\/wp\/v2\/media?parent=1664"}],"curies":[{"name":"wp","href":"https:\/\/api.w.org\/{rel}","templated":true}]}}