{"id":1661,"date":"2023-01-09T17:08:34","date_gmt":"2023-01-09T20:08:34","guid":{"rendered":"https:\/\/www.goiania.go.gov.br\/conselhotributario\/atas-de-sessao-1a-camara\/atas-primeira-camara-2023\/"},"modified":"2024-02-22T12:53:16","modified_gmt":"2024-02-22T15:53:16","slug":"atas-primeira-camara-2023","status":"publish","type":"page","link":"https:\/\/www.goiania.go.gov.br\/conselhotributario\/atas-de-sessao-1a-camara\/atas-primeira-camara-2023\/","title":{"rendered":"Atas Primeira C\u00e2mara &#8211; 2023"},"content":{"rendered":"\n<p><a href=\"https:\/\/www.goiania.go.gov.br\/conselhotributario\/wp-content\/uploads\/sites\/24\/2023\/06\/Ata-05.04.-2023-Primeira-Camara.pdf\">Ata Primeira C\u00e2mara 05.04.2023 &#8211; Sess\u00e3o Virtual<\/a><\/p>\n\n\n\n<p><a href=\"https:\/\/www.goiania.go.gov.br\/conselhotributario\/wp-content\/uploads\/sites\/24\/2024\/02\/Ata-10.05.-2023-Primeira-Camara.pdf\">Ata Primeira C\u00e2mara 10.05.2023 &#8211; Sess\u00e3o Virtual<\/a><\/p>\n\n\n\n<p><a href=\"https:\/\/www.goiania.go.gov.br\/conselhotributario\/wp-content\/uploads\/sites\/24\/2023\/09\/Ata-30.08.-2023-Primeira-Camara.pdf\">Ata Primeira C\u00e2mara 30.08.2023 &#8211; Sess\u00e3o Virtual<\/a><\/p>\n\n\n\n<p><a href=\"https:\/\/www.goiania.go.gov.br\/conselhotributario\/wp-content\/uploads\/sites\/24\/2023\/12\/Ata-26.10.-2023-Primeira-Camara.pdf\">Ata Primeira C\u00e2mara 26.10.2023 &#8211; Sess\u00e3o Virtual<\/a><\/p>\n\n\n\n<p><a href=\"https:\/\/www.goiania.go.gov.br\/conselhotributario\/wp-content\/uploads\/sites\/24\/2023\/11\/Ata-22.11.-2023-Primeira-Camara.pdf\">Ata Primeira C\u00e2mara 22.11.2023 &#8211; Sess\u00e3o Presencial<\/a><\/p>\n\n\n\n<p><a href=\"https:\/\/www.goiania.go.gov.br\/conselhotributario\/wp-content\/uploads\/sites\/24\/2023\/12\/Ata-14.12.2023-Primeira-Camara.pdf\">Ata Primeira C\u00e2mara 14.12.2023 &#8211; Sess\u00e3o Virtual<\/a><\/p>\n\n\n\n<p><\/p>\n","protected":false},"excerpt":{"rendered":"<p>Ata Primeira C\u00e2mara 05.04.2023 &#8211; Sess\u00e3o Virtual Ata Primeira C\u00e2mara 10.05.2023 &#8211; Sess\u00e3o Virtual Ata Primeira C\u00e2mara 30.08.2023 &#8211; Sess\u00e3o Virtual Ata Primeira C\u00e2mara 26.10.2023 &#8211; Sess\u00e3o Virtual Ata Primeira C\u00e2mara 22.11.2023 &#8211; Sess\u00e3o Presencial Ata Primeira C\u00e2mara 14.12.2023 &#8211; Sess\u00e3o Virtual<\/p>\n","protected":false},"author":1,"featured_media":0,"parent":444,"menu_order":3,"comment_status":"closed","ping_status":"closed","template":"","meta":{"_acf_changed":false,"custom_icon_class":"","footnotes":""},"class_list":["post-1661","page","type-page","status-publish","hentry"],"acf":[],"_links":{"self":[{"href":"https:\/\/www.goiania.go.gov.br\/conselhotributario\/wp-json\/wp\/v2\/pages\/1661","targetHints":{"allow":["GET"]}}],"collection":[{"href":"https:\/\/www.goiania.go.gov.br\/conselhotributario\/wp-json\/wp\/v2\/pages"}],"about":[{"href":"https:\/\/www.goiania.go.gov.br\/conselhotributario\/wp-json\/wp\/v2\/types\/page"}],"author":[{"embeddable":true,"href":"https:\/\/www.goiania.go.gov.br\/conselhotributario\/wp-json\/wp\/v2\/users\/1"}],"replies":[{"embeddable":true,"href":"https:\/\/www.goiania.go.gov.br\/conselhotributario\/wp-json\/wp\/v2\/comments?post=1661"}],"version-history":[{"count":10,"href":"https:\/\/www.goiania.go.gov.br\/conselhotributario\/wp-json\/wp\/v2\/pages\/1661\/revisions"}],"predecessor-version":[{"id":2212,"href":"https:\/\/www.goiania.go.gov.br\/conselhotributario\/wp-json\/wp\/v2\/pages\/1661\/revisions\/2212"}],"up":[{"embeddable":true,"href":"https:\/\/www.goiania.go.gov.br\/conselhotributario\/wp-json\/wp\/v2\/pages\/444"}],"wp:attachment":[{"href":"https:\/\/www.goiania.go.gov.br\/conselhotributario\/wp-json\/wp\/v2\/media?parent=1661"}],"curies":[{"name":"wp","href":"https:\/\/api.w.org\/{rel}","templated":true}]}}