{"id":1299,"date":"2019-05-13T11:37:32","date_gmt":"2022-02-10T19:22:13","guid":{"rendered":"https:\/\/www.goiania.go.gov.br\/conselhotributario\/4a-camara\/pautas-4a-camara-2022\/"},"modified":"2025-01-16T09:56:18","modified_gmt":"2025-01-16T12:56:18","slug":"pautas-4a-camara-2022","status":"publish","type":"page","link":"https:\/\/www.goiania.go.gov.br\/conselhotributario\/4a-camara\/pautas-4a-camara-2022\/","title":{"rendered":"Pautas Quarta C\u00e2mara &#8211; 2022"},"content":{"rendered":"\n<p><a href=\"https:\/\/www.goiania.go.gov.br\/conselhotributario\/wp-content\/uploads\/sites\/24\/2022\/03\/Pauta-Sessao-Virtual-11.04.2022-Quarta-Camara.pdf\">Pauta Quarta C\u00e2mara 11.04.2022 &#8211; Sess\u00e3o Virtual<\/a><\/p>\n\n\n\n<p><a href=\"https:\/\/www.goiania.go.gov.br\/conselhotributario\/wp-content\/uploads\/sites\/24\/2022\/04\/Pauta-Sessao-Virtual-25.04.2022-Quarta-Camara.pdf\">Pauta Quarta C\u00e2mara 25.04.2022 &#8211; Sess\u00e3o Virtual<\/a><\/p>\n\n\n\n<p><a href=\"https:\/\/www.goiania.go.gov.br\/conselhotributario\/wp-content\/uploads\/sites\/24\/2022\/05\/Pauta-Sessao-Virtual-30.05.2022-Quarta-Camara.pdf\">Pauta Quarta C\u00e2mara 30.05.2022 &#8211; Sess\u00e3o Virtual<\/a><\/p>\n\n\n\n<p><a href=\"https:\/\/www.goiania.go.gov.br\/conselhotributario\/wp-content\/uploads\/sites\/24\/2022\/06\/Pauta-Sessao-Virtual-20.06.2022-Quarta-Camara.pdf\">Pauta Quarta C\u00e2mara 20.06.2022 &#8211; Sess\u00e3o Virtual<\/a><\/p>\n\n\n\n<p><a href=\"https:\/\/www.goiania.go.gov.br\/conselhotributario\/wp-content\/uploads\/sites\/24\/2022\/06\/Pauta-Sessao-de-Julgamento-Virtual-4a-Camara-04.07.2022.pdff\">Pauta Quarta C\u00e2mara 04.07.2022 &#8211; Sess\u00e3o Virtual<\/a> &#8211; Cancelada<\/p>\n\n\n\n<p><a href=\"https:\/\/www.goiania.go.gov.br\/conselhotributario\/wp-content\/uploads\/sites\/24\/2022\/07\/Pauta-Sessao-de-Julgamento-Virtual-4a-Camara-25.07.2022.pdf\">Pauta Quarta C\u00e2mara 25.07.2022 &#8211; Sess\u00e3o Virtual<\/a><\/p>\n\n\n\n<p><a href=\"https:\/\/www.goiania.go.gov.br\/conselhotributario\/wp-content\/uploads\/sites\/24\/2022\/07\/Pauta-Sessao-de-Julgamento-Virtual-4a-Camara-08.08.2022.pdf\">Pauta Quarta C\u00e2mara 08.08.2022 &#8211; Sess\u00e3o Virtual<\/a><\/p>\n\n\n\n<p><a href=\"https:\/\/www.goiania.go.gov.br\/conselhotributario\/wp-content\/uploads\/sites\/24\/2022\/12\/Pauta-Sessao-de-Julgamento-Virtual-4a-Camara-20.10.2022.pdf\">Pauta Quarta C\u00e2mara 20.10.2022 &#8211; Sess\u00e3o Virtual<\/a><\/p>\n\n\n\n<p><a href=\"https:\/\/www.goiania.go.gov.br\/conselhotributario\/wp-content\/uploads\/sites\/24\/2022\/12\/Pauta-Sessao-de-Julgamento-virtual-4a-Camara-12.12.2022.pdf\">Pauta Quarta C\u00e2mara 12.12.2022 &#8211; Sess\u00e3o Virtual<\/a><\/p>\n\n\n\n<p><\/p>\n\n\n\n<p><\/p>\n","protected":false},"excerpt":{"rendered":"<p>Pauta Quarta C\u00e2mara 11.04.2022 &#8211; Sess\u00e3o Virtual Pauta Quarta C\u00e2mara 25.04.2022 &#8211; Sess\u00e3o Virtual Pauta Quarta C\u00e2mara 30.05.2022 &#8211; Sess\u00e3o Virtual Pauta Quarta C\u00e2mara 20.06.2022 &#8211; Sess\u00e3o Virtual Pauta Quarta C\u00e2mara 04.07.2022 &#8211; Sess\u00e3o Virtual &#8211; Cancelada Pauta Quarta C\u00e2mara 25.07.2022 &#8211; Sess\u00e3o Virtual Pauta Quarta C\u00e2mara 08.08.2022 &#8211; Sess\u00e3o Virtual Pauta Quarta C\u00e2mara 20.10.2022 [&hellip;]<\/p>\n","protected":false},"author":1,"featured_media":0,"parent":293,"menu_order":4,"comment_status":"closed","ping_status":"closed","template":"","meta":{"_acf_changed":false,"custom_icon_class":"","footnotes":""},"class_list":["post-1299","page","type-page","status-publish","hentry"],"acf":[],"_links":{"self":[{"href":"https:\/\/www.goiania.go.gov.br\/conselhotributario\/wp-json\/wp\/v2\/pages\/1299","targetHints":{"allow":["GET"]}}],"collection":[{"href":"https:\/\/www.goiania.go.gov.br\/conselhotributario\/wp-json\/wp\/v2\/pages"}],"about":[{"href":"https:\/\/www.goiania.go.gov.br\/conselhotributario\/wp-json\/wp\/v2\/types\/page"}],"author":[{"embeddable":true,"href":"https:\/\/www.goiania.go.gov.br\/conselhotributario\/wp-json\/wp\/v2\/users\/1"}],"replies":[{"embeddable":true,"href":"https:\/\/www.goiania.go.gov.br\/conselhotributario\/wp-json\/wp\/v2\/comments?post=1299"}],"version-history":[{"count":10,"href":"https:\/\/www.goiania.go.gov.br\/conselhotributario\/wp-json\/wp\/v2\/pages\/1299\/revisions"}],"predecessor-version":[{"id":2570,"href":"https:\/\/www.goiania.go.gov.br\/conselhotributario\/wp-json\/wp\/v2\/pages\/1299\/revisions\/2570"}],"up":[{"embeddable":true,"href":"https:\/\/www.goiania.go.gov.br\/conselhotributario\/wp-json\/wp\/v2\/pages\/293"}],"wp:attachment":[{"href":"https:\/\/www.goiania.go.gov.br\/conselhotributario\/wp-json\/wp\/v2\/media?parent=1299"}],"curies":[{"name":"wp","href":"https:\/\/api.w.org\/{rel}","templated":true}]}}