{"id":1296,"date":"2022-02-10T16:21:16","date_gmt":"2022-02-10T19:21:16","guid":{"rendered":"https:\/\/www.goiania.go.gov.br\/conselhotributario\/2a-camara\/pautas-segunda-camara-2022\/"},"modified":"2022-09-28T15:24:45","modified_gmt":"2022-09-28T18:24:45","slug":"pautas-segunda-camara-2022","status":"publish","type":"page","link":"https:\/\/www.goiania.go.gov.br\/conselhotributario\/2a-camara\/pautas-segunda-camara-2022\/","title":{"rendered":"Pautas Segunda C\u00e2mara &#8211; 2022"},"content":{"rendered":"\n<p><a href=\"https:\/\/www.goiania.go.gov.br\/conselhotributario\/wp-content\/uploads\/sites\/24\/2022\/05\/Pauta-Sessao-Virtual-12.05.2022-Segunda-Camara.pdf\">Pauta Segunda C\u00e2mara 12.05.2022 &#8211; Sess\u00e3o Virtual<\/a><\/p>\n\n\n\n<p><a href=\"https:\/\/www.goiania.go.gov.br\/conselhotributario\/wp-content\/uploads\/sites\/24\/2022\/06\/Pauta-Sessao-Virtual-23.06.2022-Segunda-Camara.pdf\">Pauta Segunda C\u00e2mara 23.06.2022 &#8211; Sess\u00e3o Virtual<\/a><\/p>\n\n\n\n<p><a href=\"https:\/\/www.goiania.go.gov.br\/conselhotributario\/wp-content\/uploads\/sites\/24\/2022\/06\/Pauta-Sessao-de-Julgamento-Virtual-13.07.2022.pdf\">Pauta Segunda C\u00e2mara 13.07.2022 &#8211; Sess\u00e3o Virtual<\/a><\/p>\n\n\n\n<p><a href=\"https:\/\/www.goiania.go.gov.br\/conselhotributario\/wp-content\/uploads\/sites\/24\/2022\/07\/Pauta-Sessao-de-Julgamento-Virtual-20.07.2022-Segunda-Camara.pdf\">Pauta Segunda C\u00e2mara 20.07.2022 &#8211; Sess\u00e3o Virtual<\/a><\/p>\n\n\n\n<p><a href=\"https:\/\/www.goiania.go.gov.br\/conselhotributario\/wp-content\/uploads\/sites\/24\/2022\/09\/Pauta-Sessao-de-Julgamento-Virtual-11.10.2022-Segunda-Camara.pdf\">Pauta Segunda C\u00e2mara 11.10.2022 &#8211; Sess\u00e3o Virtual<\/a><\/p>\n\n\n\n<p><\/p>\n","protected":false},"excerpt":{"rendered":"<p>Pauta Segunda C\u00e2mara 12.05.2022 &#8211; Sess\u00e3o Virtual Pauta Segunda C\u00e2mara 23.06.2022 &#8211; Sess\u00e3o Virtual Pauta Segunda C\u00e2mara 13.07.2022 &#8211; Sess\u00e3o Virtual Pauta Segunda C\u00e2mara 20.07.2022 &#8211; Sess\u00e3o Virtual Pauta Segunda C\u00e2mara 11.10.2022 &#8211; Sess\u00e3o Virtual<\/p>\n","protected":false},"author":1,"featured_media":0,"parent":119,"menu_order":4,"comment_status":"closed","ping_status":"closed","template":"","meta":{"_acf_changed":false,"custom_icon_class":"","footnotes":""},"class_list":["post-1296","page","type-page","status-publish","hentry"],"acf":[],"_links":{"self":[{"href":"https:\/\/www.goiania.go.gov.br\/conselhotributario\/wp-json\/wp\/v2\/pages\/1296","targetHints":{"allow":["GET"]}}],"collection":[{"href":"https:\/\/www.goiania.go.gov.br\/conselhotributario\/wp-json\/wp\/v2\/pages"}],"about":[{"href":"https:\/\/www.goiania.go.gov.br\/conselhotributario\/wp-json\/wp\/v2\/types\/page"}],"author":[{"embeddable":true,"href":"https:\/\/www.goiania.go.gov.br\/conselhotributario\/wp-json\/wp\/v2\/users\/1"}],"replies":[{"embeddable":true,"href":"https:\/\/www.goiania.go.gov.br\/conselhotributario\/wp-json\/wp\/v2\/comments?post=1296"}],"version-history":[{"count":7,"href":"https:\/\/www.goiania.go.gov.br\/conselhotributario\/wp-json\/wp\/v2\/pages\/1296\/revisions"}],"predecessor-version":[{"id":1574,"href":"https:\/\/www.goiania.go.gov.br\/conselhotributario\/wp-json\/wp\/v2\/pages\/1296\/revisions\/1574"}],"up":[{"embeddable":true,"href":"https:\/\/www.goiania.go.gov.br\/conselhotributario\/wp-json\/wp\/v2\/pages\/119"}],"wp:attachment":[{"href":"https:\/\/www.goiania.go.gov.br\/conselhotributario\/wp-json\/wp\/v2\/media?parent=1296"}],"curies":[{"name":"wp","href":"https:\/\/api.w.org\/{rel}","templated":true}]}}