{"id":1293,"date":"2022-02-10T16:19:49","date_gmt":"2022-02-10T19:19:49","guid":{"rendered":"https:\/\/www.goiania.go.gov.br\/conselhotributario\/1a-camara\/pauta-primeira-camara-2022\/"},"modified":"2022-12-16T15:52:27","modified_gmt":"2022-12-16T18:52:27","slug":"pauta-primeira-camara-2022","status":"publish","type":"page","link":"https:\/\/www.goiania.go.gov.br\/conselhotributario\/1a-camara\/pauta-primeira-camara-2022\/","title":{"rendered":"Pauta Primeira C\u00e2mara &#8211; 2022"},"content":{"rendered":"\n<p><a href=\"https:\/\/www.goiania.go.gov.br\/conselhotributario\/wp-content\/uploads\/sites\/24\/2022\/02\/Pauta-Sessao-Virtual-09.03.2022-Primeira-Camara-1.pdf\">Pauta Primeira C\u00e2mara 09.03.2022 &#8211; Sess\u00e3o Virtual<\/a> &#8211; Cancelada<\/p>\n\n\n\n<p><a href=\"https:\/\/www.goiania.go.gov.br\/conselhotributario\/wp-content\/uploads\/sites\/24\/2022\/03\/Pauta-Sessao-Virtual-30.03.2022-Primeira-Camara.pdf\">Pauta Primeira C\u00e2mara 30.03.2022 &#8211; Sess\u00e3o Virtual<\/a><\/p>\n\n\n\n<p><a href=\"https:\/\/www.goiania.go.gov.br\/conselhotributario\/wp-content\/uploads\/sites\/24\/2022\/05\/Pauta-Sessao-Virtual-22.06.2022-Primeira-Camara.pdf\">Pauta Primeira C\u00e2mara 22.06.2022 &#8211; Sess\u00e3o Virtual<\/a><\/p>\n\n\n\n<p><a href=\"https:\/\/www.goiania.go.gov.br\/conselhotributario\/wp-content\/uploads\/sites\/24\/2022\/10\/Pauta-Sessao-Virtual-26.10.2022-Primeira-Camara.pdf\">Pauta Primeira C\u00e2mara 26.10.2022 &#8211; Sess\u00e3o Virtual<\/a> &#8211; Cancelada<\/p>\n\n\n\n<p><a href=\"https:\/\/www.goiania.go.gov.br\/conselhotributario\/wp-content\/uploads\/sites\/24\/2022\/10\/Pauta-Sessao-Virtual-01.11.2022-Primeira-Camara.pdf\">Pauta Primeira C\u00e2mara 01.11.2022 &#8211; Sess\u00e3o Virtual<\/a><\/p>\n\n\n\n<p><a href=\"https:\/\/www.goiania.go.gov.br\/conselhotributario\/wp-content\/uploads\/sites\/24\/2022\/10\/Pauta-Sessao-Virtual-09.11.2022-Primeira-Camara.pdf\">Pauta Primeira C\u00e2mara 09.11.2022 &#8211; Sess\u00e3o Virtual<\/a><\/p>\n\n\n\n<p><a href=\"https:\/\/www.goiania.go.gov.br\/conselhotributario\/wp-content\/uploads\/sites\/24\/2022\/12\/Pauta-Sessao-Virtual-21.12.2022-Primeira-Camara.pdf\">Pauta Primeira C\u00e2mara 21.12.2022 &#8211; Sess\u00e3o Virtual<\/a> &#8211; Cancelada<\/p>\n\n\n\n<p><\/p>\n","protected":false},"excerpt":{"rendered":"<p>Pauta Primeira C\u00e2mara 09.03.2022 &#8211; Sess\u00e3o Virtual &#8211; Cancelada Pauta Primeira C\u00e2mara 30.03.2022 &#8211; Sess\u00e3o Virtual Pauta Primeira C\u00e2mara 22.06.2022 &#8211; Sess\u00e3o Virtual Pauta Primeira C\u00e2mara 26.10.2022 &#8211; Sess\u00e3o Virtual &#8211; Cancelada Pauta Primeira C\u00e2mara 01.11.2022 &#8211; Sess\u00e3o Virtual Pauta Primeira C\u00e2mara 09.11.2022 &#8211; Sess\u00e3o Virtual Pauta Primeira C\u00e2mara 21.12.2022 &#8211; Sess\u00e3o Virtual &#8211; Cancelada<\/p>\n","protected":false},"author":1,"featured_media":0,"parent":61,"menu_order":4,"comment_status":"closed","ping_status":"closed","template":"","meta":{"_acf_changed":false,"custom_icon_class":"","footnotes":""},"class_list":["post-1293","page","type-page","status-publish","hentry"],"acf":[],"_links":{"self":[{"href":"https:\/\/www.goiania.go.gov.br\/conselhotributario\/wp-json\/wp\/v2\/pages\/1293","targetHints":{"allow":["GET"]}}],"collection":[{"href":"https:\/\/www.goiania.go.gov.br\/conselhotributario\/wp-json\/wp\/v2\/pages"}],"about":[{"href":"https:\/\/www.goiania.go.gov.br\/conselhotributario\/wp-json\/wp\/v2\/types\/page"}],"author":[{"embeddable":true,"href":"https:\/\/www.goiania.go.gov.br\/conselhotributario\/wp-json\/wp\/v2\/users\/1"}],"replies":[{"embeddable":true,"href":"https:\/\/www.goiania.go.gov.br\/conselhotributario\/wp-json\/wp\/v2\/comments?post=1293"}],"version-history":[{"count":10,"href":"https:\/\/www.goiania.go.gov.br\/conselhotributario\/wp-json\/wp\/v2\/pages\/1293\/revisions"}],"predecessor-version":[{"id":1653,"href":"https:\/\/www.goiania.go.gov.br\/conselhotributario\/wp-json\/wp\/v2\/pages\/1293\/revisions\/1653"}],"up":[{"embeddable":true,"href":"https:\/\/www.goiania.go.gov.br\/conselhotributario\/wp-json\/wp\/v2\/pages\/61"}],"wp:attachment":[{"href":"https:\/\/www.goiania.go.gov.br\/conselhotributario\/wp-json\/wp\/v2\/media?parent=1293"}],"curies":[{"name":"wp","href":"https:\/\/api.w.org\/{rel}","templated":true}]}}