{"id":1281,"date":"2019-05-13T11:37:32","date_gmt":"2022-02-10T19:13:54","guid":{"rendered":"https:\/\/www.goiania.go.gov.br\/conselhotributario\/atas-4a-camara\/atas-4a-camara-2022\/"},"modified":"2025-01-16T09:29:50","modified_gmt":"2025-01-16T12:29:50","slug":"atas-4a-camara-2022","status":"publish","type":"page","link":"https:\/\/www.goiania.go.gov.br\/conselhotributario\/atas-4a-camara\/atas-4a-camara-2022\/","title":{"rendered":"Atas Quarta C\u00e2mara &#8211; 2022"},"content":{"rendered":"\n<p><a href=\"https:\/\/www.goiania.go.gov.br\/conselhotributario\/wp-content\/uploads\/sites\/24\/2022\/04\/Ata-Sessao-4a-Camara-11.04.2022.pdf\">Ata Quarta C\u00e2mara 11.04.2022 &#8211; Sess\u00e3o Virtual<\/a><\/p>\n\n\n\n<p><a href=\"https:\/\/www.goiania.go.gov.br\/conselhotributario\/wp-content\/uploads\/sites\/24\/2022\/04\/Ata-Sessao-4a-Camara-25.04.2022.pdf\">Ata Quarta C\u00e2mara 25.04.2022 &#8211; Sess\u00e3o Virtual<\/a><\/p>\n\n\n\n<p><a href=\"https:\/\/www.goiania.go.gov.br\/conselhotributario\/wp-content\/uploads\/sites\/24\/2022\/06\/Ata-Sessao-Virtual-30.05.2022-Quarta-Camara.pdf\">Ata Quarta C\u00e2mara 30.05.2022 &#8211; Sess\u00e3o Virtual<\/a><\/p>\n\n\n\n<p><a href=\"https:\/\/www.goiania.go.gov.br\/conselhotributario\/wp-content\/uploads\/sites\/24\/2022\/07\/Ata-Sessao-Virtual-20.06.2022-Quarta-Camara.pdf\">Ata Quarta C\u00e2mara 20.06.2022 &#8211; Sess\u00e3o Virtual<\/a><\/p>\n\n\n\n<p><a href=\"https:\/\/www.goiania.go.gov.br\/conselhotributario\/wp-content\/uploads\/sites\/24\/2022\/07\/Ata-Sessao-Virtual-25.07.2022-Quarta-Camara.pdf\">Ata Quarta C\u00e2mara 25.07.2022 &#8211; Sess\u00e3o Virtual<\/a><\/p>\n\n\n\n<p><a href=\"https:\/\/www.goiania.go.gov.br\/conselhotributario\/wp-content\/uploads\/sites\/24\/2022\/08\/Ata-Sessao-Virtual-08.08.2022-Quarta-Camara.pdf\">Ata Quarta C\u00e2mara 08.08.2022 &#8211; Sess\u00e3o Virtual<\/a><\/p>\n\n\n\n<p><a href=\"https:\/\/www.goiania.go.gov.br\/conselhotributario\/wp-content\/uploads\/sites\/24\/2022\/10\/ATA-ELEICAO-PRESIDENCIA-4a-Camara.pdf\">Ata Elei\u00e7\u00e3o Presidente e Vice-Presidente da Quarta C\u00e2mara 20.10.2022 &#8211; Sess\u00e3o Virtual<\/a><\/p>\n\n\n\n<p><a href=\"https:\/\/www.goiania.go.gov.br\/conselhotributario\/wp-content\/uploads\/sites\/24\/2022\/10\/Ata-Sessao-Virtual-20.10.2022-Quarta-Camara.pdf\">Ata Quarta C\u00e2mara 20.10.2022 &#8211; Sess\u00e3o Virtual<\/a><\/p>\n\n\n\n<p><a href=\"https:\/\/www.goiania.go.gov.br\/conselhotributario\/wp-content\/uploads\/sites\/24\/2022\/12\/Ata-Sessao-Virtual-12.12.2022-Quarta-Camara.pdf\">Ata Quarta C\u00e2mara 12.12.2022 &#8211; Sess\u00e3o Virtual<\/a><\/p>\n\n\n\n<p><\/p>\n","protected":false},"excerpt":{"rendered":"<p>Ata Quarta C\u00e2mara 11.04.2022 &#8211; Sess\u00e3o Virtual Ata Quarta C\u00e2mara 25.04.2022 &#8211; Sess\u00e3o Virtual Ata Quarta C\u00e2mara 30.05.2022 &#8211; Sess\u00e3o Virtual Ata Quarta C\u00e2mara 20.06.2022 &#8211; Sess\u00e3o Virtual Ata Quarta C\u00e2mara 25.07.2022 &#8211; Sess\u00e3o Virtual Ata Quarta C\u00e2mara 08.08.2022 &#8211; Sess\u00e3o Virtual Ata Elei\u00e7\u00e3o Presidente e Vice-Presidente da Quarta C\u00e2mara 20.10.2022 &#8211; Sess\u00e3o Virtual Ata [&hellip;]<\/p>\n","protected":false},"author":1,"featured_media":0,"parent":632,"menu_order":4,"comment_status":"closed","ping_status":"closed","template":"","meta":{"_acf_changed":false,"custom_icon_class":"","footnotes":""},"class_list":["post-1281","page","type-page","status-publish","hentry"],"acf":[],"_links":{"self":[{"href":"https:\/\/www.goiania.go.gov.br\/conselhotributario\/wp-json\/wp\/v2\/pages\/1281","targetHints":{"allow":["GET"]}}],"collection":[{"href":"https:\/\/www.goiania.go.gov.br\/conselhotributario\/wp-json\/wp\/v2\/pages"}],"about":[{"href":"https:\/\/www.goiania.go.gov.br\/conselhotributario\/wp-json\/wp\/v2\/types\/page"}],"author":[{"embeddable":true,"href":"https:\/\/www.goiania.go.gov.br\/conselhotributario\/wp-json\/wp\/v2\/users\/1"}],"replies":[{"embeddable":true,"href":"https:\/\/www.goiania.go.gov.br\/conselhotributario\/wp-json\/wp\/v2\/comments?post=1281"}],"version-history":[{"count":10,"href":"https:\/\/www.goiania.go.gov.br\/conselhotributario\/wp-json\/wp\/v2\/pages\/1281\/revisions"}],"predecessor-version":[{"id":2523,"href":"https:\/\/www.goiania.go.gov.br\/conselhotributario\/wp-json\/wp\/v2\/pages\/1281\/revisions\/2523"}],"up":[{"embeddable":true,"href":"https:\/\/www.goiania.go.gov.br\/conselhotributario\/wp-json\/wp\/v2\/pages\/632"}],"wp:attachment":[{"href":"https:\/\/www.goiania.go.gov.br\/conselhotributario\/wp-json\/wp\/v2\/media?parent=1281"}],"curies":[{"name":"wp","href":"https:\/\/api.w.org\/{rel}","templated":true}]}}