{"id":1276,"date":"2019-05-13T11:37:32","date_gmt":"2022-02-10T19:12:36","guid":{"rendered":"https:\/\/www.goiania.go.gov.br\/conselhotributario\/atas-sessao-3a-camara\/atas-de-sessao-3a-camara-2022\/"},"modified":"2025-01-16T09:31:19","modified_gmt":"2025-01-16T12:31:19","slug":"atas-de-sessao-3a-camara-2022","status":"publish","type":"page","link":"https:\/\/www.goiania.go.gov.br\/conselhotributario\/atas-sessao-3a-camara\/atas-de-sessao-3a-camara-2022\/","title":{"rendered":"Atas Terceira C\u00e2mara &#8211; 2022"},"content":{"rendered":"\n<p><a href=\"https:\/\/www.goiania.go.gov.br\/conselhotributario\/wp-content\/uploads\/sites\/24\/2022\/02\/Ata-Sessao-3a-Camara-08.02.2022.pdf\">Ata Terceira C\u00e2mara 08.02.2022 &#8211; Sess\u00e3o Virtual<\/a><\/p>\n\n\n\n<p><a href=\"https:\/\/www.goiania.go.gov.br\/conselhotributario\/wp-content\/uploads\/sites\/24\/2022\/05\/Ata-Sessao-3a-Camara-15.03.2022.pdf\">Ata Terceira C\u00e2mara 15.03.2022 &#8211; Sess\u00e3o Virtual<\/a><\/p>\n\n\n\n<p><a href=\"https:\/\/www.goiania.go.gov.br\/conselhotributario\/wp-content\/uploads\/sites\/24\/2022\/05\/Ata-Sessao-3a-Camara-03.05.2022.pdf\">Ata Terceira C\u00e2mara 03.05.2022 &#8211; Sess\u00e3o Virtual<\/a><\/p>\n\n\n\n<p><a href=\"https:\/\/www.goiania.go.gov.br\/conselhotributario\/wp-content\/uploads\/sites\/24\/2023\/05\/Ata-Sessao-3a-Camara-21.06.2022.pdf\">Ata Terceira C\u00e2mara 21.06.2022 &#8211; Sess\u00e3o Virtual<\/a><\/p>\n\n\n\n<p><a href=\"https:\/\/www.goiania.go.gov.br\/conselhotributario\/wp-content\/uploads\/sites\/24\/2022\/07\/Ata-Sessao-Virtual-12.07.2022-Terceira-Camara.pdf\">Ata Terceira C\u00e2mara 12.07.2022 &#8211; Sess\u00e3o Virtual<\/a><\/p>\n\n\n\n<p><a href=\"https:\/\/www.goiania.go.gov.br\/conselhotributario\/wp-content\/uploads\/sites\/24\/2022\/08\/Ata-Sessao-Virtual-02.08.2022-Terceira-Camara.pdf\">Ata Terceira C\u00e2mara 02.08.2022 &#8211; Sess\u00e3o Virtual<\/a><\/p>\n\n\n\n<p><a href=\"https:\/\/www.goiania.go.gov.br\/conselhotributario\/wp-content\/uploads\/sites\/24\/2022\/08\/Ata-Sessao-Sessao-Virtual-16.08.2022-Terceira-Camara.pdf\">Ata Terceira C\u00e2mara 16.08.2022 &#8211; Sess\u00e3o Virtual<\/a><\/p>\n\n\n\n<p><a href=\"https:\/\/www.goiania.go.gov.br\/conselhotributario\/wp-content\/uploads\/sites\/24\/2022\/10\/ATA-ELEICAO-PRESIDENCIA-3a-Camara.pdf\">Ata Elei\u00e7\u00e3o Presidente e Vice-Presidente da Terceira C\u00e2mara 18.10.2022 &#8211; Sess\u00e3o Virtual<\/a><\/p>\n\n\n\n<p><a href=\"https:\/\/www.goiania.go.gov.br\/conselhotributario\/wp-content\/uploads\/sites\/24\/2022\/10\/Ata-Sessao-Sessao-Virtual-18.10.2022-Terceira-Camara.pdf\">Ata Terceira C\u00e2mara 18.10.2022 &#8211; Sess\u00e3o Virtual<\/a><\/p>\n\n\n\n<p><a href=\"https:\/\/www.goiania.go.gov.br\/conselhotributario\/wp-content\/uploads\/sites\/24\/2022\/11\/Ata-Sessao-Virtual-08.11.2022-Terceira-Camara.pdf\">Ata Terceira C\u00e2mara 08.11.2022 &#8211; Sess\u00e3o Virtual<\/a><\/p>\n\n\n\n<p><a href=\"https:\/\/www.goiania.go.gov.br\/conselhotributario\/wp-content\/uploads\/sites\/24\/2022\/12\/Ata-Sessao-Virtual-13.12.2022-Terceira-Camara.pdf\">Ata Terceira C\u00e2mara 13.12.2022 &#8211; Sess\u00e3o Virtual<\/a><\/p>\n\n\n\n<p><a href=\"https:\/\/www.goiania.go.gov.br\/conselhotributario\/wp-content\/uploads\/sites\/24\/2022\/12\/Ata-Sessao-Virtual-20.12.2022-Terceira-Camara.pdf\">Ata Terceira C\u00e2mara 20.12.2022 &#8211; Sess\u00e3o Virtual<\/a><\/p>\n\n\n\n<p><\/p>\n\n\n\n<p><a href=\"https:\/\/www.goiania.go.gov.br\/conselhotributario\/wp-content\/uploads\/sites\/24\/2022\/10\/ATA-ELEICAO-PRESIDENCIA-3a-Camara.pdf\"> <\/a><\/p>\n","protected":false},"excerpt":{"rendered":"<p>Ata Terceira C\u00e2mara 08.02.2022 &#8211; Sess\u00e3o Virtual Ata Terceira C\u00e2mara 15.03.2022 &#8211; Sess\u00e3o Virtual Ata Terceira C\u00e2mara 03.05.2022 &#8211; Sess\u00e3o Virtual Ata Terceira C\u00e2mara 21.06.2022 &#8211; Sess\u00e3o Virtual Ata Terceira C\u00e2mara 12.07.2022 &#8211; Sess\u00e3o Virtual Ata Terceira C\u00e2mara 02.08.2022 &#8211; Sess\u00e3o Virtual Ata Terceira C\u00e2mara 16.08.2022 &#8211; Sess\u00e3o Virtual Ata Elei\u00e7\u00e3o Presidente e Vice-Presidente da [&hellip;]<\/p>\n","protected":false},"author":1,"featured_media":0,"parent":533,"menu_order":4,"comment_status":"closed","ping_status":"closed","template":"","meta":{"_acf_changed":false,"custom_icon_class":"","footnotes":""},"class_list":["post-1276","page","type-page","status-publish","hentry"],"acf":[],"_links":{"self":[{"href":"https:\/\/www.goiania.go.gov.br\/conselhotributario\/wp-json\/wp\/v2\/pages\/1276","targetHints":{"allow":["GET"]}}],"collection":[{"href":"https:\/\/www.goiania.go.gov.br\/conselhotributario\/wp-json\/wp\/v2\/pages"}],"about":[{"href":"https:\/\/www.goiania.go.gov.br\/conselhotributario\/wp-json\/wp\/v2\/types\/page"}],"author":[{"embeddable":true,"href":"https:\/\/www.goiania.go.gov.br\/conselhotributario\/wp-json\/wp\/v2\/users\/1"}],"replies":[{"embeddable":true,"href":"https:\/\/www.goiania.go.gov.br\/conselhotributario\/wp-json\/wp\/v2\/comments?post=1276"}],"version-history":[{"count":10,"href":"https:\/\/www.goiania.go.gov.br\/conselhotributario\/wp-json\/wp\/v2\/pages\/1276\/revisions"}],"predecessor-version":[{"id":2532,"href":"https:\/\/www.goiania.go.gov.br\/conselhotributario\/wp-json\/wp\/v2\/pages\/1276\/revisions\/2532"}],"up":[{"embeddable":true,"href":"https:\/\/www.goiania.go.gov.br\/conselhotributario\/wp-json\/wp\/v2\/pages\/533"}],"wp:attachment":[{"href":"https:\/\/www.goiania.go.gov.br\/conselhotributario\/wp-json\/wp\/v2\/media?parent=1276"}],"curies":[{"name":"wp","href":"https:\/\/api.w.org\/{rel}","templated":true}]}}