{"id":1273,"date":"2022-02-10T16:10:26","date_gmt":"2022-02-10T19:10:26","guid":{"rendered":"https:\/\/www.goiania.go.gov.br\/conselhotributario\/atas-segunda-camara\/atas-segunda-camara-2022\/"},"modified":"2022-10-18T14:30:17","modified_gmt":"2022-10-18T17:30:17","slug":"atas-segunda-camara-2022","status":"publish","type":"page","link":"https:\/\/www.goiania.go.gov.br\/conselhotributario\/atas-segunda-camara\/atas-segunda-camara-2022\/","title":{"rendered":"Atas Segunda C\u00e2mara &#8211; 2022"},"content":{"rendered":"\n<p><a href=\"https:\/\/www.goiania.go.gov.br\/conselhotributario\/wp-content\/uploads\/sites\/24\/2022\/05\/Ata-Sessao-Virtual-12.05.2022-Primeira-Camara-1.pdf\">Ata Segunda C\u00e2mara 12.05.2022 &#8211; Sess\u00e3o Virtual<\/a><\/p>\n\n\n\n<p><a href=\"https:\/\/www.goiania.go.gov.br\/conselhotributario\/wp-content\/uploads\/sites\/24\/2022\/07\/Ata-Sessao-Virtual-23.06.2022-Segunda-Camara.pdf\">Ata Segunda C\u00e2mara 23.06.2022 &#8211; Sess\u00e3o Virtual<\/a><\/p>\n\n\n\n<p><a href=\"https:\/\/www.goiania.go.gov.br\/conselhotributario\/wp-content\/uploads\/sites\/24\/2022\/07\/Ata-Sessao-Virtual-13.07.2022-Segunda-Camara.pdf\">Ata Segunda C\u00e2mara 13.07.2022 &#8211; Sess\u00e3o Virtual<\/a><\/p>\n\n\n\n<p><a href=\"https:\/\/www.goiania.go.gov.br\/conselhotributario\/wp-content\/uploads\/sites\/24\/2022\/10\/Ata-Sessao-de-Julgamento-Virtual-20.07.2022-Segunda-Camara.pdf\">Ata Segunda C\u00e2mara 20.07.2022 &#8211; Sess\u00e3o Virtual<\/a><\/p>\n\n\n\n<p><a href=\"https:\/\/www.goiania.go.gov.br\/conselhotributario\/wp-content\/uploads\/sites\/24\/2022\/10\/ATA-ELEICAO-PRESIDENCIA-2a-Camara.pdf\">Ata Elei\u00e7\u00e3o Presidente e Vice-Presidente da Segunda C\u00e2mara 11.10.2022 &#8211; Sess\u00e3o Virtual<\/a><\/p>\n\n\n\n<p><a href=\"https:\/\/www.goiania.go.gov.br\/conselhotributario\/wp-content\/uploads\/sites\/24\/2022\/10\/Ata-Sessao-de-Julgamento-Virtual-11.10.2022-Segunda-Camara-segpre.pdf\">Ata Segunda C\u00e2mara 11.10.2022 &#8211; Sess\u00e3o Virtual<\/a><\/p>\n\n\n\n<p><\/p>\n","protected":false},"excerpt":{"rendered":"<p>Ata Segunda C\u00e2mara 12.05.2022 &#8211; Sess\u00e3o Virtual Ata Segunda C\u00e2mara 23.06.2022 &#8211; Sess\u00e3o Virtual Ata Segunda C\u00e2mara 13.07.2022 &#8211; Sess\u00e3o Virtual Ata Segunda C\u00e2mara 20.07.2022 &#8211; Sess\u00e3o Virtual Ata Elei\u00e7\u00e3o Presidente e Vice-Presidente da Segunda C\u00e2mara 11.10.2022 &#8211; Sess\u00e3o Virtual Ata Segunda C\u00e2mara 11.10.2022 &#8211; Sess\u00e3o Virtual<\/p>\n","protected":false},"author":1,"featured_media":0,"parent":476,"menu_order":4,"comment_status":"closed","ping_status":"closed","template":"","meta":{"_acf_changed":false,"custom_icon_class":"","footnotes":""},"class_list":["post-1273","page","type-page","status-publish","hentry"],"acf":[],"_links":{"self":[{"href":"https:\/\/www.goiania.go.gov.br\/conselhotributario\/wp-json\/wp\/v2\/pages\/1273","targetHints":{"allow":["GET"]}}],"collection":[{"href":"https:\/\/www.goiania.go.gov.br\/conselhotributario\/wp-json\/wp\/v2\/pages"}],"about":[{"href":"https:\/\/www.goiania.go.gov.br\/conselhotributario\/wp-json\/wp\/v2\/types\/page"}],"author":[{"embeddable":true,"href":"https:\/\/www.goiania.go.gov.br\/conselhotributario\/wp-json\/wp\/v2\/users\/1"}],"replies":[{"embeddable":true,"href":"https:\/\/www.goiania.go.gov.br\/conselhotributario\/wp-json\/wp\/v2\/comments?post=1273"}],"version-history":[{"count":9,"href":"https:\/\/www.goiania.go.gov.br\/conselhotributario\/wp-json\/wp\/v2\/pages\/1273\/revisions"}],"predecessor-version":[{"id":1591,"href":"https:\/\/www.goiania.go.gov.br\/conselhotributario\/wp-json\/wp\/v2\/pages\/1273\/revisions\/1591"}],"up":[{"embeddable":true,"href":"https:\/\/www.goiania.go.gov.br\/conselhotributario\/wp-json\/wp\/v2\/pages\/476"}],"wp:attachment":[{"href":"https:\/\/www.goiania.go.gov.br\/conselhotributario\/wp-json\/wp\/v2\/media?parent=1273"}],"curies":[{"name":"wp","href":"https:\/\/api.w.org\/{rel}","templated":true}]}}