{"id":1269,"date":"2022-02-10T16:09:17","date_gmt":"2022-02-10T19:09:17","guid":{"rendered":"https:\/\/www.goiania.go.gov.br\/conselhotributario\/atas-de-sessao-1a-camara\/atas-primeira-camara-2022\/"},"modified":"2022-11-09T15:37:36","modified_gmt":"2022-11-09T18:37:36","slug":"atas-primeira-camara-2022","status":"publish","type":"page","link":"https:\/\/www.goiania.go.gov.br\/conselhotributario\/atas-de-sessao-1a-camara\/atas-primeira-camara-2022\/","title":{"rendered":"Atas Primeira C\u00e2mara &#8211; 2022"},"content":{"rendered":"\n<p><a href=\"https:\/\/www.goiania.go.gov.br\/conselhotributario\/wp-content\/uploads\/sites\/24\/2022\/05\/Ata-Sessao-Virtual-30.03.2022-Primeira-Camara-1.pdf\">Ata Primeira C\u00e2mara 30.03.2022 &#8211; Sess\u00e3o Virtual<\/a><\/p>\n\n\n\n<p><a href=\"https:\/\/www.goiania.go.gov.br\/conselhotributario\/wp-content\/uploads\/sites\/24\/2022\/07\/Ata-Sessao-Virtual-22.06.2022-Primeira-Camara.pdf\">Ata Primeira C\u00e2mara 22.06.2022 &#8211; Sess\u00e3o Virtual<\/a><\/p>\n\n\n\n<p><a href=\"https:\/\/www.goiania.go.gov.br\/conselhotributario\/wp-content\/uploads\/sites\/24\/2022\/11\/Ata-Sessao-Virtual-01.11.-2022-Primeira-Camara.pdf\">Ata Primeira C\u00e2mara 01.11.2022 &#8211; Sess\u00e3o Virtual<\/a><\/p>\n\n\n\n<p><a href=\"https:\/\/www.goiania.go.gov.br\/conselhotributario\/wp-content\/uploads\/sites\/24\/2022\/11\/Ata-Sessao-Virtual-09.11.-2022-Primeira-Camara.pdf\">Ata Primeira C\u00e2mara 09.11.2022 &#8211; Sess\u00e3o Virtual<\/a><\/p>\n\n\n\n<p><\/p>\n\n\n\n<p><\/p>\n","protected":false},"excerpt":{"rendered":"<p>Ata Primeira C\u00e2mara 30.03.2022 &#8211; Sess\u00e3o Virtual Ata Primeira C\u00e2mara 22.06.2022 &#8211; Sess\u00e3o Virtual Ata Primeira C\u00e2mara 01.11.2022 &#8211; Sess\u00e3o Virtual Ata Primeira C\u00e2mara 09.11.2022 &#8211; Sess\u00e3o Virtual<\/p>\n","protected":false},"author":1,"featured_media":0,"parent":444,"menu_order":4,"comment_status":"closed","ping_status":"closed","template":"","meta":{"_acf_changed":false,"custom_icon_class":"","footnotes":""},"class_list":["post-1269","page","type-page","status-publish","hentry"],"acf":[],"_links":{"self":[{"href":"https:\/\/www.goiania.go.gov.br\/conselhotributario\/wp-json\/wp\/v2\/pages\/1269","targetHints":{"allow":["GET"]}}],"collection":[{"href":"https:\/\/www.goiania.go.gov.br\/conselhotributario\/wp-json\/wp\/v2\/pages"}],"about":[{"href":"https:\/\/www.goiania.go.gov.br\/conselhotributario\/wp-json\/wp\/v2\/types\/page"}],"author":[{"embeddable":true,"href":"https:\/\/www.goiania.go.gov.br\/conselhotributario\/wp-json\/wp\/v2\/users\/1"}],"replies":[{"embeddable":true,"href":"https:\/\/www.goiania.go.gov.br\/conselhotributario\/wp-json\/wp\/v2\/comments?post=1269"}],"version-history":[{"count":10,"href":"https:\/\/www.goiania.go.gov.br\/conselhotributario\/wp-json\/wp\/v2\/pages\/1269\/revisions"}],"predecessor-version":[{"id":1610,"href":"https:\/\/www.goiania.go.gov.br\/conselhotributario\/wp-json\/wp\/v2\/pages\/1269\/revisions\/1610"}],"up":[{"embeddable":true,"href":"https:\/\/www.goiania.go.gov.br\/conselhotributario\/wp-json\/wp\/v2\/pages\/444"}],"wp:attachment":[{"href":"https:\/\/www.goiania.go.gov.br\/conselhotributario\/wp-json\/wp\/v2\/media?parent=1269"}],"curies":[{"name":"wp","href":"https:\/\/api.w.org\/{rel}","templated":true}]}}