{"id":1259,"date":"2019-05-13T11:37:32","date_gmt":"2022-01-25T19:06:02","guid":{"rendered":"https:\/\/www.goiania.go.gov.br\/conselhotributario\/colegio-pleno-tributario\/pautas-colegio-pleno-1-e-2-camaras-2021-2\/"},"modified":"2025-01-16T10:02:27","modified_gmt":"2025-01-16T13:02:27","slug":"pautas-colegio-pleno-1-e-2-camaras-2021-2","status":"publish","type":"page","link":"https:\/\/www.goiania.go.gov.br\/conselhotributario\/colegio-pleno-tributario\/pautas-colegio-pleno-1-e-2-camaras-2021-2\/","title":{"rendered":"Pautas Col\u00e9gio Pleno Tribut\u00e1rio &#8211; 2021"},"content":{"rendered":"\n<p><a href=\"https:\/\/www.goiania.go.gov.br\/conselhotributario\/wp-uploads\/sites\/24\/2021\/07\/Pauta-15.07.2021.pdf\">Pauta Col\u00e9gio Pleno Tribut\u00e1rio 1\u00aa e 2\u00aa C\u00e2maras 15\/07\/2021 &#8211; Sess\u00e3o Virtual<\/a><\/p>\n\n\n\n<p><a href=\"https:\/\/www.goiania.go.gov.br\/conselhotributario\/wp-content\/uploads\/sites\/24\/2021\/08\/Pauta-Colegio-Pleno-Tributario-20.08.2021.pdf\">Pauta Col\u00e9gio Pleno Tribut\u00e1rio 1\u00aa e 2\u00aa C\u00e2maras 20\/08\/2021 &#8211; Sess\u00e3o Virtual<\/a><\/p>\n\n\n\n<p><a href=\"https:\/\/www.goiania.go.gov.br\/conselhotributario\/wp-content\/uploads\/sites\/24\/2021\/08\/Pauta-Colegio-Pleno-Tributario-03.09.2021.pdf\">Pauta Col\u00e9gio Pleno Tribut\u00e1rio 1\u00aa e 2\u00aa C\u00e2maras 03\/09\/2021 &#8211; Sess\u00e3o Virtual<\/a><\/p>\n\n\n\n<p><a href=\"https:\/\/www.goiania.go.gov.br\/conselhotributario\/wp-content\/uploads\/sites\/24\/2021\/08\/Pauta-Sessao-Virtual-10.09.2021-Colegio-Pleno-Tributario.pdf\">Pauta Col\u00e9gio Pleno Tribut\u00e1rio 1\u00aa e 2\u00aa C\u00e2maras 10\/09\/2021 &#8211; Sess\u00e3o Virtual<\/a><\/p>\n\n\n\n<p><a href=\"https:\/\/www.goiania.go.gov.br\/conselhotributario\/wp-content\/uploads\/sites\/24\/2021\/09\/Pauta-Sessao-Virtual-01.10.2021-Colegio-Pleno-Tributario.pdf\">Pauta Col\u00e9gio Pleno Tribut\u00e1rio 1\u00aa e 2\u00aa C\u00e2maras 01\/10\/2021 &#8211; Sess\u00e3o Virtual<\/a><\/p>\n\n\n\n<p><a href=\"https:\/\/www.goiania.go.gov.br\/conselhotributario\/wp-content\/uploads\/sites\/24\/2021\/09\/Pauta-Sessao-Virtual-15.10.2021-Colegio-Pleno-Tributario.pdf\">Pauta Col\u00e9gio Pleno Tribut\u00e1rio 1\u00aa e 2\u00aa C\u00e2maras 15\/10\/2021 &#8211; Sess\u00e3o Virtual<\/a><\/p>\n\n\n\n<p><a href=\"https:\/\/www.goiania.go.gov.br\/conselhotributario\/wp-content\/uploads\/sites\/24\/2021\/10\/Pauta-Sessao-Virtual-05.11.2021-Colegio-Pleno-Tributario.pdf\">Pauta Col\u00e9gio Pleno Tribut\u00e1rio 1\u00aa e 2\u00aa C\u00e2maras 05\/11\/2021 &#8211; Sess\u00e3o Virtual<\/a><\/p>\n\n\n\n<p><a href=\"https:\/\/www.goiania.go.gov.br\/conselhotributario\/wp-content\/uploads\/sites\/24\/2021\/10\/Pauta-Sessao-Virtual-12.11.2021-Colegio-Pleno-Tributario.pdf\">Pauta Col\u00e9gio Pleno Tribut\u00e1rio 1\u00aa e 2\u00aa C\u00e2maras 12\/11\/2021 &#8211; Sess\u00e3o Virtual<\/a> &#8211; Cancelada<\/p>\n\n\n\n<p><a href=\"https:\/\/www.goiania.go.gov.br\/conselhotributario\/wp-content\/uploads\/sites\/24\/2021\/11\/Pauta-Sessao-Virtual-19.11.2021-Colegio-Pleno-Tributario.pdf\">Pauta Col\u00e9gio Pleno Tribut\u00e1rio 1\u00aa e 2\u00aa C\u00e2maras 19\/11\/2021 &#8211; Sess\u00e3o Virtual<\/a> &#8211; Cancelada<\/p>\n\n\n\n<p><\/p>\n","protected":false},"excerpt":{"rendered":"<p>Pauta Col\u00e9gio Pleno Tribut\u00e1rio 1\u00aa e 2\u00aa C\u00e2maras 15\/07\/2021 &#8211; Sess\u00e3o Virtual Pauta Col\u00e9gio Pleno Tribut\u00e1rio 1\u00aa e 2\u00aa C\u00e2maras 20\/08\/2021 &#8211; Sess\u00e3o Virtual Pauta Col\u00e9gio Pleno Tribut\u00e1rio 1\u00aa e 2\u00aa C\u00e2maras 03\/09\/2021 &#8211; Sess\u00e3o Virtual Pauta Col\u00e9gio Pleno Tribut\u00e1rio 1\u00aa e 2\u00aa C\u00e2maras 10\/09\/2021 &#8211; Sess\u00e3o Virtual Pauta Col\u00e9gio Pleno Tribut\u00e1rio 1\u00aa e 2\u00aa [&hellip;]<\/p>\n","protected":false},"author":67,"featured_media":0,"parent":365,"menu_order":5,"comment_status":"closed","ping_status":"closed","template":"","meta":{"_acf_changed":false,"custom_icon_class":"","footnotes":""},"class_list":["post-1259","page","type-page","status-publish","hentry"],"acf":[],"_links":{"self":[{"href":"https:\/\/www.goiania.go.gov.br\/conselhotributario\/wp-json\/wp\/v2\/pages\/1259","targetHints":{"allow":["GET"]}}],"collection":[{"href":"https:\/\/www.goiania.go.gov.br\/conselhotributario\/wp-json\/wp\/v2\/pages"}],"about":[{"href":"https:\/\/www.goiania.go.gov.br\/conselhotributario\/wp-json\/wp\/v2\/types\/page"}],"author":[{"embeddable":true,"href":"https:\/\/www.goiania.go.gov.br\/conselhotributario\/wp-json\/wp\/v2\/users\/67"}],"replies":[{"embeddable":true,"href":"https:\/\/www.goiania.go.gov.br\/conselhotributario\/wp-json\/wp\/v2\/comments?post=1259"}],"version-history":[{"count":1,"href":"https:\/\/www.goiania.go.gov.br\/conselhotributario\/wp-json\/wp\/v2\/pages\/1259\/revisions"}],"predecessor-version":[{"id":2584,"href":"https:\/\/www.goiania.go.gov.br\/conselhotributario\/wp-json\/wp\/v2\/pages\/1259\/revisions\/2584"}],"up":[{"embeddable":true,"href":"https:\/\/www.goiania.go.gov.br\/conselhotributario\/wp-json\/wp\/v2\/pages\/365"}],"wp:attachment":[{"href":"https:\/\/www.goiania.go.gov.br\/conselhotributario\/wp-json\/wp\/v2\/media?parent=1259"}],"curies":[{"name":"wp","href":"https:\/\/api.w.org\/{rel}","templated":true}]}}