{"id":1054,"date":"2021-06-15T16:17:23","date_gmt":"2021-06-15T19:17:23","guid":{"rendered":"https:\/\/www.goiania.go.gov.br\/conselhotributario\/atas-colegio-pleno-tributario\/atas-colegio-pleno-tributario-2021\/"},"modified":"2021-11-16T14:57:37","modified_gmt":"2021-11-16T17:57:37","slug":"atas-colegio-pleno-tributario-2021","status":"publish","type":"page","link":"https:\/\/www.goiania.go.gov.br\/conselhotributario\/atas-colegio-pleno-tributario\/atas-colegio-pleno-tributario-2021\/","title":{"rendered":"Atas Col\u00e9gio Pleno Tribut\u00e1rio &#8211; 2021"},"content":{"rendered":"\n<p><a href=\"https:\/\/www.goiania.go.gov.br\/conselhotributario\/wp-content\/uploads\/sites\/24\/2021\/08\/Ata-Sessao-Extraordinaria-Colegio-Pleno-Tributario-15.07.2021.pdf\">Ata Col\u00e9gio Pleno Tribut\u00e1rio 1\u00aa e 2\u00aa C\u00e2maras 15\/07\/2021 &#8211; Sess\u00e3o Virtual<\/a><\/p>\n\n\n\n<p><a href=\"https:\/\/www.goiania.go.gov.br\/conselhotributario\/wp-content\/uploads\/sites\/24\/2021\/08\/ATA-POSSE-VICE-PRESIDENCIA-CTF-15.07.2021.pdf\">Ata Elei\u00e7\u00e3o Vice-Presidente Conselho Tribut\u00e1rio Fiscal 15\/07\/2021 &#8211; Sess\u00e3o Virtual<\/a><\/p>\n\n\n\n<p><a href=\"https:\/\/www.goiania.go.gov.br\/conselhotributario\/wp-content\/uploads\/sites\/24\/2021\/11\/Ata-Sessao-Ordinaria-Colegio-Pleno-Tributario-20.08.2021.pdf\">Ata Col\u00e9gio Pleno Tribut\u00e1rio 1\u00aa e 2\u00aa C\u00e2maras 20\/08\/2021 &#8211; Sess\u00e3o Virtual<\/a><\/p>\n\n\n\n<p><a href=\"https:\/\/www.goiania.go.gov.br\/conselhotributario\/wp-content\/uploads\/sites\/24\/2021\/11\/Ata-Sessao-Ordinaria-Colegio-Pleno-Tributario-03.09.2021-1.pdf\">Ata Col\u00e9gio Pleno Tribut\u00e1rio 1\u00aa e 2\u00aa C\u00e2maras 03\/09\/2021 &#8211; Sess\u00e3o Virtual<\/a><\/p>\n\n\n\n<p><a href=\"https:\/\/www.goiania.go.gov.br\/conselhotributario\/wp-content\/uploads\/sites\/24\/2021\/11\/Ata-Sessao-Ordinaria-Colegio-Pleno-Tributario-10.09.2021.pdf\">Ata Col\u00e9gio Pleno Tribut\u00e1rio 1\u00aa e 2\u00aa C\u00e2maras 10\/09\/2021 &#8211; Sess\u00e3o Virtual<\/a><\/p>\n\n\n\n<p><a href=\"https:\/\/www.goiania.go.gov.br\/conselhotributario\/wp-content\/uploads\/sites\/24\/2021\/11\/Ata-Sessao-Ordinaria-Colegio-Pleno-Tributario-01.10.2021.pdf\">Ata Col\u00e9gio Pleno Tribut\u00e1rio 1\u00aa e 2\u00aa C\u00e2maras 01\/10\/2021 &#8211; Sess\u00e3o Virtual<\/a><\/p>\n\n\n\n<p><a href=\"https:\/\/www.goiania.go.gov.br\/conselhotributario\/wp-content\/uploads\/sites\/24\/2021\/11\/Ata-Sessao-Ordinaria-Colegio-Pleno-Tributario-15.10.2021.pdf\">Ata Col\u00e9gio Pleno Tribut\u00e1rio 1\u00aa e 2\u00aa C\u00e2maras 15\/10\/2021 &#8211; Sess\u00e3o Virtual<\/a><\/p>\n\n\n\n<p><a href=\"https:\/\/www.goiania.go.gov.br\/conselhotributario\/wp-content\/uploads\/sites\/24\/2021\/11\/Ata-Sessao-Ordinaria-Colegio-Pleno-Tributario-05.11.2021.pdf\">Ata Col\u00e9gio Pleno Tribut\u00e1rio 1\u00aa e 2\u00aa C\u00e2maras 05\/11\/2021 &#8211; Sess\u00e3o Virtual<\/a><\/p>\n\n\n\n<p><\/p>\n","protected":false},"excerpt":{"rendered":"<p>Ata Col\u00e9gio Pleno Tribut\u00e1rio 1\u00aa e 2\u00aa C\u00e2maras 15\/07\/2021 &#8211; Sess\u00e3o Virtual Ata Elei\u00e7\u00e3o Vice-Presidente Conselho Tribut\u00e1rio Fiscal 15\/07\/2021 &#8211; Sess\u00e3o Virtual Ata Col\u00e9gio Pleno Tribut\u00e1rio 1\u00aa e 2\u00aa C\u00e2maras 20\/08\/2021 &#8211; Sess\u00e3o Virtual Ata Col\u00e9gio Pleno Tribut\u00e1rio 1\u00aa e 2\u00aa C\u00e2maras 03\/09\/2021 &#8211; Sess\u00e3o Virtual Ata Col\u00e9gio Pleno Tribut\u00e1rio 1\u00aa e 2\u00aa C\u00e2maras 10\/09\/2021 [&hellip;]<\/p>\n","protected":false},"author":1,"featured_media":0,"parent":694,"menu_order":5,"comment_status":"closed","ping_status":"closed","template":"","meta":{"_acf_changed":false,"custom_icon_class":"","footnotes":""},"class_list":["post-1054","page","type-page","status-publish","hentry"],"acf":[],"_links":{"self":[{"href":"https:\/\/www.goiania.go.gov.br\/conselhotributario\/wp-json\/wp\/v2\/pages\/1054","targetHints":{"allow":["GET"]}}],"collection":[{"href":"https:\/\/www.goiania.go.gov.br\/conselhotributario\/wp-json\/wp\/v2\/pages"}],"about":[{"href":"https:\/\/www.goiania.go.gov.br\/conselhotributario\/wp-json\/wp\/v2\/types\/page"}],"author":[{"embeddable":true,"href":"https:\/\/www.goiania.go.gov.br\/conselhotributario\/wp-json\/wp\/v2\/users\/1"}],"replies":[{"embeddable":true,"href":"https:\/\/www.goiania.go.gov.br\/conselhotributario\/wp-json\/wp\/v2\/comments?post=1054"}],"version-history":[{"count":8,"href":"https:\/\/www.goiania.go.gov.br\/conselhotributario\/wp-json\/wp\/v2\/pages\/1054\/revisions"}],"predecessor-version":[{"id":1206,"href":"https:\/\/www.goiania.go.gov.br\/conselhotributario\/wp-json\/wp\/v2\/pages\/1054\/revisions\/1206"}],"up":[{"embeddable":true,"href":"https:\/\/www.goiania.go.gov.br\/conselhotributario\/wp-json\/wp\/v2\/pages\/694"}],"wp:attachment":[{"href":"https:\/\/www.goiania.go.gov.br\/conselhotributario\/wp-json\/wp\/v2\/media?parent=1054"}],"curies":[{"name":"wp","href":"https:\/\/api.w.org\/{rel}","templated":true}]}}