{"id":1043,"date":"2019-05-13T11:37:32","date_gmt":"2021-06-15T18:37:33","guid":{"rendered":"https:\/\/www.goiania.go.gov.br\/conselhotributario\/atas-sessao-3a-camara\/atas-de-sessao-segunda-camara-2021\/"},"modified":"2025-01-16T09:31:28","modified_gmt":"2025-01-16T12:31:28","slug":"atas-de-sessao-3a-camara-2021","status":"publish","type":"page","link":"https:\/\/www.goiania.go.gov.br\/conselhotributario\/atas-sessao-3a-camara\/atas-de-sessao-3a-camara-2021\/","title":{"rendered":"Atas Terceira C\u00e2mara &#8211; 2021"},"content":{"rendered":"\n<p><a href=\"https:\/\/www.goiania.go.gov.br\/conselhotributario\/wp-uploads\/sites\/24\/2021\/07\/ATA-SESSAO-ORDINARIA-VIRTUAL-3a-CAMARA-08.06.2021.pdf\">Ata Terceira C\u00e2mara 08.06.2021 &#8211; Sess\u00e3o Virtual<\/a><\/p>\n\n\n\n<p><a href=\"https:\/\/www.goiania.go.gov.br\/conselhotributario\/wp-content\/uploads\/sites\/24\/2021\/08\/ATA-SESSAO-ORDINARIA-VIRTUAL-3a-CAMARA-28.07.2021.pdf\">Ata Terceira C\u00e2mara 28.07.2021 &#8211; Sess\u00e3o Virtual<\/a><\/p>\n\n\n\n<p><a href=\"https:\/\/www.goiania.go.gov.br\/conselhotributario\/wp-content\/uploads\/sites\/24\/2021\/10\/ATA-SESSAO-ORDINARIA-VIRTUAL-3a-CAMARA-23.08.2021.pdf\">Ata Terceira C\u00e2mara 23.08.2021 &#8211; Sess\u00e3o Virtual<\/a><\/p>\n\n\n\n<p><a href=\"https:\/\/www.goiania.go.gov.br\/conselhotributario\/wp-content\/uploads\/sites\/24\/2021\/10\/ATA-SESSAO-ORDINARIA-VIRTUAL-3a-CAMARA-19.10.2021.pdf\">Ata Terceira C\u00e2mara 19.10.2021 &#8211; Sess\u00e3o Virtual<\/a><\/p>\n\n\n\n<p><a href=\"https:\/\/www.goiania.go.gov.br\/conselhotributario\/wp-content\/uploads\/sites\/24\/2021\/12\/ATA-SESSAO-ORDINARIA-VIRTUAL-3a-CAMARA-30.11.2021.pdf\">Ata Terceira C\u00e2mara 30.11.2021 &#8211; Sess\u00e3o Virtual<\/a><\/p>\n\n\n\n<p><a href=\"https:\/\/www.goiania.go.gov.br\/conselhotributario\/wp-content\/uploads\/sites\/24\/2021\/12\/ATA-SESSAO-ORDINARIA-VIRTUAL-3a-CAMARA-01.12.2021.pdf\">Ata Terceira C\u00e2mara 01.12.2021 &#8211; Sess\u00e3o Virtual<\/a><\/p>\n\n\n\n<p><\/p>\n","protected":false},"excerpt":{"rendered":"<p>Ata Terceira C\u00e2mara 08.06.2021 &#8211; Sess\u00e3o Virtual Ata Terceira C\u00e2mara 28.07.2021 &#8211; Sess\u00e3o Virtual Ata Terceira C\u00e2mara 23.08.2021 &#8211; Sess\u00e3o Virtual Ata Terceira C\u00e2mara 19.10.2021 &#8211; Sess\u00e3o Virtual Ata Terceira C\u00e2mara 30.11.2021 &#8211; Sess\u00e3o Virtual Ata Terceira C\u00e2mara 01.12.2021 &#8211; Sess\u00e3o Virtual<\/p>\n","protected":false},"author":1,"featured_media":0,"parent":533,"menu_order":5,"comment_status":"closed","ping_status":"closed","template":"","meta":{"_acf_changed":false,"custom_icon_class":"","footnotes":""},"class_list":["post-1043","page","type-page","status-publish","hentry"],"acf":[],"_links":{"self":[{"href":"https:\/\/www.goiania.go.gov.br\/conselhotributario\/wp-json\/wp\/v2\/pages\/1043","targetHints":{"allow":["GET"]}}],"collection":[{"href":"https:\/\/www.goiania.go.gov.br\/conselhotributario\/wp-json\/wp\/v2\/pages"}],"about":[{"href":"https:\/\/www.goiania.go.gov.br\/conselhotributario\/wp-json\/wp\/v2\/types\/page"}],"author":[{"embeddable":true,"href":"https:\/\/www.goiania.go.gov.br\/conselhotributario\/wp-json\/wp\/v2\/users\/1"}],"replies":[{"embeddable":true,"href":"https:\/\/www.goiania.go.gov.br\/conselhotributario\/wp-json\/wp\/v2\/comments?post=1043"}],"version-history":[{"count":7,"href":"https:\/\/www.goiania.go.gov.br\/conselhotributario\/wp-json\/wp\/v2\/pages\/1043\/revisions"}],"predecessor-version":[{"id":2533,"href":"https:\/\/www.goiania.go.gov.br\/conselhotributario\/wp-json\/wp\/v2\/pages\/1043\/revisions\/2533"}],"up":[{"embeddable":true,"href":"https:\/\/www.goiania.go.gov.br\/conselhotributario\/wp-json\/wp\/v2\/pages\/533"}],"wp:attachment":[{"href":"https:\/\/www.goiania.go.gov.br\/conselhotributario\/wp-json\/wp\/v2\/media?parent=1043"}],"curies":[{"name":"wp","href":"https:\/\/api.w.org\/{rel}","templated":true}]}}