{"id":1030,"date":"2019-05-13T11:37:32","date_gmt":"2021-06-15T18:31:19","guid":{"rendered":"https:\/\/www.goiania.go.gov.br\/conselhotributario\/4a-camara\/pautas-4a-camara-2021\/"},"modified":"2025-01-16T09:56:25","modified_gmt":"2025-01-16T12:56:25","slug":"pautas-4a-camara-2021","status":"publish","type":"page","link":"https:\/\/www.goiania.go.gov.br\/conselhotributario\/4a-camara\/pautas-4a-camara-2021\/","title":{"rendered":"Pautas Quarta C\u00e2mara &#8211; 2021"},"content":{"rendered":"\n<p><a href=\"https:\/\/www.goiania.go.gov.br\/conselhotributario\/wp-uploads\/sites\/24\/2021\/07\/Pauta-4a-Camara-29.07.2021.pdf\">Pauta Quarta C\u00e2mara 29.07.2021 &#8211; Sess\u00e3o Virtual<\/a><\/p>\n\n\n\n<p><a href=\"https:\/\/www.goiania.go.gov.br\/conselhotributario\/wp-content\/uploads\/sites\/24\/2021\/10\/Pauta-Sessao-Virtual-18.10.2021-Quarta-Camara.pdf\">Pauta Quarta C\u00e2mara 18.10.2021 &#8211; Sess\u00e3o Virtual<\/a><\/p>\n\n\n\n<p><a href=\"https:\/\/www.goiania.go.gov.br\/conselhotributario\/wp-content\/uploads\/sites\/24\/2022\/05\/Pauta-Sessao-Virtual-04.11.2021-Quarta-Camara.pdf\">Pauta Quarta C\u00e2mara 04.11.2021 &#8211; Sess\u00e3o Virtual<\/a><\/p>\n\n\n\n<p><a href=\"https:\/\/www.goiania.go.gov.br\/conselhotributario\/wp-content\/uploads\/sites\/24\/2021\/11\/Pauta-Sessao-Virtual-22.11.2021-Quarta-Camara.pdf\">Pauta Quarta C\u00e2mara 22.11.2021 &#8211; Sess\u00e3o Virtual<\/a><\/p>\n\n\n\n<p><a href=\"https:\/\/www.goiania.go.gov.br\/conselhotributario\/wp-content\/uploads\/sites\/24\/2021\/11\/Pauta-Sessao-Virtual-13.12.2021-Quarta-Camara.pdf\">Pauta Quarta C\u00e2mara 13.12.2021 &#8211; Sess\u00e3o Virtual<\/a><\/p>\n\n\n\n<p><\/p>\n","protected":false},"excerpt":{"rendered":"<p>Pauta Quarta C\u00e2mara 29.07.2021 &#8211; Sess\u00e3o Virtual Pauta Quarta C\u00e2mara 18.10.2021 &#8211; Sess\u00e3o Virtual Pauta Quarta C\u00e2mara 04.11.2021 &#8211; Sess\u00e3o Virtual Pauta Quarta C\u00e2mara 22.11.2021 &#8211; Sess\u00e3o Virtual Pauta Quarta C\u00e2mara 13.12.2021 &#8211; Sess\u00e3o Virtual<\/p>\n","protected":false},"author":1,"featured_media":0,"parent":293,"menu_order":5,"comment_status":"closed","ping_status":"closed","template":"","meta":{"_acf_changed":false,"custom_icon_class":"","footnotes":""},"class_list":["post-1030","page","type-page","status-publish","hentry"],"acf":[],"_links":{"self":[{"href":"https:\/\/www.goiania.go.gov.br\/conselhotributario\/wp-json\/wp\/v2\/pages\/1030","targetHints":{"allow":["GET"]}}],"collection":[{"href":"https:\/\/www.goiania.go.gov.br\/conselhotributario\/wp-json\/wp\/v2\/pages"}],"about":[{"href":"https:\/\/www.goiania.go.gov.br\/conselhotributario\/wp-json\/wp\/v2\/types\/page"}],"author":[{"embeddable":true,"href":"https:\/\/www.goiania.go.gov.br\/conselhotributario\/wp-json\/wp\/v2\/users\/1"}],"replies":[{"embeddable":true,"href":"https:\/\/www.goiania.go.gov.br\/conselhotributario\/wp-json\/wp\/v2\/comments?post=1030"}],"version-history":[{"count":7,"href":"https:\/\/www.goiania.go.gov.br\/conselhotributario\/wp-json\/wp\/v2\/pages\/1030\/revisions"}],"predecessor-version":[{"id":2571,"href":"https:\/\/www.goiania.go.gov.br\/conselhotributario\/wp-json\/wp\/v2\/pages\/1030\/revisions\/2571"}],"up":[{"embeddable":true,"href":"https:\/\/www.goiania.go.gov.br\/conselhotributario\/wp-json\/wp\/v2\/pages\/293"}],"wp:attachment":[{"href":"https:\/\/www.goiania.go.gov.br\/conselhotributario\/wp-json\/wp\/v2\/media?parent=1030"}],"curies":[{"name":"wp","href":"https:\/\/api.w.org\/{rel}","templated":true}]}}