{"id":34,"date":"2024-08-26T14:21:58","date_gmt":"2024-08-26T17:21:58","guid":{"rendered":"https:\/\/www.goiania.go.gov.br\/conselhodeeducacao\/?page_id=34"},"modified":"2024-10-04T13:39:43","modified_gmt":"2024-10-04T16:39:43","slug":"conselho-tutelares","status":"publish","type":"page","link":"https:\/\/www.goiania.go.gov.br\/conselhodeeducacao\/conselho-tutelares\/","title":{"rendered":"Conselho Tutelares"},"content":{"rendered":"\n<p>O Conselho Municipal dos Direitos da Crian\u00e7a e do Adolescente de Goi\u00e2nia (CMDCA), mant\u00e9m atualizados os dados dos Conselhos Tutelares do munic\u00edpio de Goi\u00e2nia. Acesse o site <a href=\"https:\/\/cmdca.go.gov.br\/conselhos-tutelares\/\" target=\"_blank\" rel=\"noreferrer noopener\">https:\/\/cmdca.go.gov.br\/conselhos-tutelares\/<\/a> para obter o telefone e o endere\u00e7o do Conselho Tutelar da sua regi\u00e3o.<\/p>\n\n\n\n<div class=\"wp-block-columns is-layout-flex wp-container-core-columns-is-layout-c4fef4f8 wp-block-columns-is-layout-flex\">\n<div class=\"wp-block-column is-layout-flow wp-block-column-is-layout-flow\">\n<div class=\"wp-block-group has-grey-10-background-color has-background\" style=\"border-radius:15px;min-height:20rem;padding-top:2rem;padding-right:2rem;padding-bottom:2rem;padding-left:2rem\"><div class=\"wp-block-group__inner-container is-layout-constrained wp-container-core-group-is-layout-51968c57 wp-block-group-is-layout-constrained\">\n<h4 class=\"wp-block-heading\">Regi\u00e3o Tutelar Centro-Sul<\/h4>\n\n\n\n<div class=\"wp-block-group is-nowrap is-layout-flex wp-container-core-group-is-layout-716c66ba wp-block-group-is-layout-flex\" style=\"padding-top:1rem;padding-bottom:1rem\"><div class=\"wp-block-safe-svg-svg-icon safe-svg-cover\" style=\"text-align: left;\">\n\t\t\t\t<div class=\"safe-svg-inside safe-svg-inline\" style=\"width: 20px; height: 20px; background-color: var(--wp--preset--color--); color: var(--wp--preset--color--); padding-top: ; padding-right: ; padding-bottom: ; padding-left: ; margin-top: ; margin-right: ; margin-bottom: ; margin-left: ;\"><?xml version=\"1.0\" encoding=\"UTF-8\" standalone=\"no\"?> <svg xmlns=\"http:\/\/www.w3.org\/2000\/svg\" xmlns:xlink=\"http:\/\/www.w3.org\/1999\/xlink\" width=\"800px\" height=\"800px\" viewBox=\"0 -2.5 20 20\" version=\"1.1\"><title>email [#1572]<\/title><desc>Created with Sketch.<\/desc><defs> <\/defs><g id=\"Page-1\" stroke=\"none\" stroke-width=\"1\" fill=\"none\" fill-rule=\"evenodd\"><g id=\"Dribbble-Light-Preview\" transform=\"translate(-340.000000, -922.000000)\" fill=\"#000000\"><g id=\"icons\" transform=\"translate(56.000000, 160.000000)\"><path d=\"M294,774.474 L284,765.649 L284,777 L304,777 L304,765.649 L294,774.474 Z M294.001,771.812 L284,762.981 L284,762 L304,762 L304,762.981 L294.001,771.812 Z\" id=\"email-[#1572]\"> <\/path><\/g><\/g><\/g><\/svg> <\/div>\n\t\t\t<\/div>\n\n\n<p>constcs@semas.goiania.go.gov.br<\/p>\n<\/div>\n<\/div><\/div>\n<\/div>\n\n\n\n<div class=\"wp-block-column is-layout-flow wp-block-column-is-layout-flow\">\n<div class=\"wp-block-group has-grey-10-background-color has-background\" style=\"border-radius:15px;min-height:20rem;padding-top:2rem;padding-right:2rem;padding-bottom:2rem;padding-left:2rem\"><div class=\"wp-block-group__inner-container is-layout-constrained wp-container-core-group-is-layout-51968c57 wp-block-group-is-layout-constrained\">\n<h4 class=\"wp-block-heading\">Regi\u00e3o Tutelar Oeste<\/h4>\n\n\n\n<div class=\"wp-block-group is-nowrap is-layout-flex wp-container-core-group-is-layout-716c66ba wp-block-group-is-layout-flex\" style=\"padding-top:1rem;padding-bottom:1rem\"><div class=\"wp-block-safe-svg-svg-icon safe-svg-cover\" style=\"text-align: left;\">\n\t\t\t\t<div class=\"safe-svg-inside safe-svg-inline\" style=\"width: 20px; height: 20px; background-color: var(--wp--preset--color--); color: var(--wp--preset--color--); padding-top: ; padding-right: ; padding-bottom: ; padding-left: ; margin-top: ; margin-right: ; margin-bottom: ; margin-left: ;\"><?xml version=\"1.0\" encoding=\"UTF-8\" standalone=\"no\"?> <svg xmlns=\"http:\/\/www.w3.org\/2000\/svg\" xmlns:xlink=\"http:\/\/www.w3.org\/1999\/xlink\" width=\"800px\" height=\"800px\" viewBox=\"0 -2.5 20 20\" version=\"1.1\"><title>email [#1572]<\/title><desc>Created with Sketch.<\/desc><defs> <\/defs><g id=\"Page-1\" stroke=\"none\" stroke-width=\"1\" fill=\"none\" fill-rule=\"evenodd\"><g id=\"Dribbble-Light-Preview\" transform=\"translate(-340.000000, -922.000000)\" fill=\"#000000\"><g id=\"icons\" transform=\"translate(56.000000, 160.000000)\"><path d=\"M294,774.474 L284,765.649 L284,777 L304,777 L304,765.649 L294,774.474 Z M294.001,771.812 L284,762.981 L284,762 L304,762 L304,762.981 L294.001,771.812 Z\" id=\"email-[#1572]\"> <\/path><\/g><\/g><\/g><\/svg> <\/div>\n\t\t\t<\/div>\n\n\n<p>ctoestegyn@gmail.com<\/p>\n<\/div>\n<\/div><\/div>\n<\/div>\n\n\n\n<div class=\"wp-block-column is-layout-flow wp-block-column-is-layout-flow\">\n<div class=\"wp-block-group has-grey-10-background-color has-background\" style=\"border-radius:15px;min-height:20rem;padding-top:2rem;padding-right:2rem;padding-bottom:2rem;padding-left:2rem\"><div class=\"wp-block-group__inner-container is-layout-constrained wp-container-core-group-is-layout-51968c57 wp-block-group-is-layout-constrained\">\n<h4 class=\"wp-block-heading\">Regi\u00e3o Tutelar Leste<\/h4>\n\n\n\n<div class=\"wp-block-group is-nowrap is-layout-flex wp-container-core-group-is-layout-716c66ba wp-block-group-is-layout-flex\" style=\"padding-top:1rem;padding-bottom:1rem\"><div class=\"wp-block-safe-svg-svg-icon safe-svg-cover\" style=\"text-align: left;\">\n\t\t\t\t<div class=\"safe-svg-inside safe-svg-inline\" style=\"width: 20px; height: 20px; background-color: var(--wp--preset--color--); color: var(--wp--preset--color--); padding-top: ; padding-right: ; padding-bottom: ; padding-left: ; margin-top: ; margin-right: ; margin-bottom: ; margin-left: ;\"><?xml version=\"1.0\" encoding=\"UTF-8\" standalone=\"no\"?> <svg xmlns=\"http:\/\/www.w3.org\/2000\/svg\" xmlns:xlink=\"http:\/\/www.w3.org\/1999\/xlink\" width=\"800px\" height=\"800px\" viewBox=\"0 -2.5 20 20\" version=\"1.1\"><title>email [#1572]<\/title><desc>Created with Sketch.<\/desc><defs> <\/defs><g id=\"Page-1\" stroke=\"none\" stroke-width=\"1\" fill=\"none\" fill-rule=\"evenodd\"><g id=\"Dribbble-Light-Preview\" transform=\"translate(-340.000000, -922.000000)\" fill=\"#000000\"><g id=\"icons\" transform=\"translate(56.000000, 160.000000)\"><path d=\"M294,774.474 L284,765.649 L284,777 L304,777 L304,765.649 L294,774.474 Z M294.001,771.812 L284,762.981 L284,762 L304,762 L304,762.981 L294.001,771.812 Z\" id=\"email-[#1572]\"> <\/path><\/g><\/g><\/g><\/svg> <\/div>\n\t\t\t<\/div>\n\n\n<p>ctlestegyn@gmail.com<\/p>\n<\/div>\n<\/div><\/div>\n<\/div>\n<\/div>\n\n\n\n<div class=\"wp-block-columns are-vertically-aligned-center is-layout-flex wp-container-core-columns-is-layout-c4fef4f8 wp-block-columns-is-layout-flex\">\n<div class=\"wp-block-column is-vertically-aligned-center is-layout-flow wp-block-column-is-layout-flow\">\n<div class=\"wp-block-group has-grey-10-background-color has-background\" style=\"border-radius:15px;min-height:20rem;padding-top:2rem;padding-right:2rem;padding-bottom:2rem;padding-left:2rem\"><div class=\"wp-block-group__inner-container is-layout-constrained wp-container-core-group-is-layout-51968c57 wp-block-group-is-layout-constrained\">\n<h4 class=\"wp-block-heading\">Regi\u00e3o Tutelar Campinas<\/h4>\n\n\n\n<div class=\"wp-block-group is-nowrap is-layout-flex wp-container-core-group-is-layout-716c66ba wp-block-group-is-layout-flex\" style=\"padding-top:1rem;padding-bottom:1rem\"><div class=\"wp-block-safe-svg-svg-icon safe-svg-cover\" style=\"text-align: left;\">\n\t\t\t\t<div class=\"safe-svg-inside safe-svg-inline\" style=\"width: 20px; height: 20px; background-color: var(--wp--preset--color--); color: var(--wp--preset--color--); padding-top: ; padding-right: ; padding-bottom: ; padding-left: ; margin-top: ; margin-right: ; margin-bottom: ; margin-left: ;\"><?xml version=\"1.0\" encoding=\"UTF-8\" standalone=\"no\"?> <svg xmlns=\"http:\/\/www.w3.org\/2000\/svg\" xmlns:xlink=\"http:\/\/www.w3.org\/1999\/xlink\" width=\"800px\" height=\"800px\" viewBox=\"0 -2.5 20 20\" version=\"1.1\"><title>email [#1572]<\/title><desc>Created with Sketch.<\/desc><defs> <\/defs><g id=\"Page-1\" stroke=\"none\" stroke-width=\"1\" fill=\"none\" fill-rule=\"evenodd\"><g id=\"Dribbble-Light-Preview\" transform=\"translate(-340.000000, -922.000000)\" fill=\"#000000\"><g id=\"icons\" transform=\"translate(56.000000, 160.000000)\"><path d=\"M294,774.474 L284,765.649 L284,777 L304,777 L304,765.649 L294,774.474 Z M294.001,771.812 L284,762.981 L284,762 L304,762 L304,762.981 L294.001,771.812 Z\" id=\"email-[#1572]\"> <\/path><\/g><\/g><\/g><\/svg> <\/div>\n\t\t\t<\/div>\n\n\n<p>ctc-goiania@outlook.com<\/p>\n<\/div>\n<\/div><\/div>\n<\/div>\n\n\n\n<div class=\"wp-block-column is-vertically-aligned-center is-layout-flow wp-block-column-is-layout-flow\">\n<div class=\"wp-block-group has-grey-10-background-color has-background\" style=\"border-radius:15px;min-height:20rem;padding-top:2rem;padding-right:2rem;padding-bottom:2rem;padding-left:2rem\"><div class=\"wp-block-group__inner-container is-layout-constrained wp-container-core-group-is-layout-51968c57 wp-block-group-is-layout-constrained\">\n<h4 class=\"wp-block-heading\">Regi\u00e3o Tutelar Norte<\/h4>\n\n\n\n<div class=\"wp-block-group is-nowrap is-layout-flex wp-container-core-group-is-layout-716c66ba wp-block-group-is-layout-flex\" style=\"padding-top:1rem;padding-bottom:1rem\"><div class=\"wp-block-safe-svg-svg-icon safe-svg-cover\" style=\"text-align: left;\">\n\t\t\t\t<div class=\"safe-svg-inside safe-svg-inline\" style=\"width: 20px; height: 20px; background-color: var(--wp--preset--color--); color: var(--wp--preset--color--); padding-top: ; padding-right: ; padding-bottom: ; padding-left: ; margin-top: ; margin-right: ; margin-bottom: ; margin-left: ;\"><?xml version=\"1.0\" encoding=\"UTF-8\" standalone=\"no\"?> <svg xmlns=\"http:\/\/www.w3.org\/2000\/svg\" xmlns:xlink=\"http:\/\/www.w3.org\/1999\/xlink\" width=\"800px\" height=\"800px\" viewBox=\"0 -2.5 20 20\" version=\"1.1\"><title>email [#1572]<\/title><desc>Created with Sketch.<\/desc><defs> <\/defs><g id=\"Page-1\" stroke=\"none\" stroke-width=\"1\" fill=\"none\" fill-rule=\"evenodd\"><g id=\"Dribbble-Light-Preview\" transform=\"translate(-340.000000, -922.000000)\" fill=\"#000000\"><g id=\"icons\" transform=\"translate(56.000000, 160.000000)\"><path d=\"M294,774.474 L284,765.649 L284,777 L304,777 L304,765.649 L294,774.474 Z M294.001,771.812 L284,762.981 L284,762 L304,762 L304,762.981 L294.001,771.812 Z\" id=\"email-[#1572]\"> <\/path><\/g><\/g><\/g><\/svg> <\/div>\n\t\t\t<\/div>\n\n\n<p>cpgnorte@gmail.com<\/p>\n<\/div>\n<\/div><\/div>\n<\/div>\n\n\n\n<div class=\"wp-block-column is-vertically-aligned-center is-layout-flow wp-block-column-is-layout-flow\">\n<div class=\"wp-block-group has-grey-10-background-color has-background\" style=\"border-radius:15px;min-height:20rem;padding-top:2rem;padding-right:2rem;padding-bottom:2rem;padding-left:2rem\"><div class=\"wp-block-group__inner-container is-layout-constrained wp-container-core-group-is-layout-51968c57 wp-block-group-is-layout-constrained\">\n<h4 class=\"wp-block-heading\">Regi\u00e3o Tutelar Noroeste<\/h4>\n\n\n\n<div class=\"wp-block-group is-nowrap is-layout-flex wp-container-core-group-is-layout-716c66ba wp-block-group-is-layout-flex\" style=\"padding-top:1rem;padding-bottom:1rem\"><div class=\"wp-block-safe-svg-svg-icon safe-svg-cover\" style=\"text-align: left;\">\n\t\t\t\t<div class=\"safe-svg-inside safe-svg-inline\" style=\"width: 20px; height: 20px; background-color: var(--wp--preset--color--); color: var(--wp--preset--color--); padding-top: ; padding-right: ; padding-bottom: ; padding-left: ; margin-top: ; margin-right: ; margin-bottom: ; margin-left: ;\"><?xml version=\"1.0\" encoding=\"UTF-8\" standalone=\"no\"?> <svg xmlns=\"http:\/\/www.w3.org\/2000\/svg\" xmlns:xlink=\"http:\/\/www.w3.org\/1999\/xlink\" width=\"800px\" height=\"800px\" viewBox=\"0 -2.5 20 20\" version=\"1.1\"><title>email [#1572]<\/title><desc>Created with Sketch.<\/desc><defs> <\/defs><g id=\"Page-1\" stroke=\"none\" stroke-width=\"1\" fill=\"none\" fill-rule=\"evenodd\"><g id=\"Dribbble-Light-Preview\" transform=\"translate(-340.000000, -922.000000)\" fill=\"#000000\"><g id=\"icons\" transform=\"translate(56.000000, 160.000000)\"><path d=\"M294,774.474 L284,765.649 L284,777 L304,777 L304,765.649 L294,774.474 Z M294.001,771.812 L284,762.981 L284,762 L304,762 L304,762.981 L294.001,771.812 Z\" id=\"email-[#1572]\"> <\/path><\/g><\/g><\/g><\/svg> <\/div>\n\t\t\t<\/div>\n\n\n<p>conselhonoroeste@hotmail.com<\/p>\n<\/div>\n<\/div><\/div>\n<\/div>\n<\/div>\n","protected":false},"excerpt":{"rendered":"<p>O Conselho Municipal dos Direitos da Crian\u00e7a e do Adolescente de Goi\u00e2nia (CMDCA), mant\u00e9m atualizados os dados dos Conselhos Tutelares do munic\u00edpio de Goi\u00e2nia. Acesse o site https:\/\/cmdca.go.gov.br\/conselhos-tutelares\/ para obter o telefone e o endere\u00e7o do Conselho Tutelar da sua regi\u00e3o. Regi\u00e3o Tutelar Centro-Sul constcs@semas.goiania.go.gov.br Regi\u00e3o Tutelar Oeste ctoestegyn@gmail.com Regi\u00e3o Tutelar Leste ctlestegyn@gmail.com Regi\u00e3o Tutelar [&hellip;]<\/p>\n","protected":false},"author":1,"featured_media":0,"parent":0,"menu_order":0,"comment_status":"closed","ping_status":"closed","template":"","meta":{"_acf_changed":false,"custom_icon_class":"","footnotes":""},"class_list":["post-34","page","type-page","status-publish","hentry"],"acf":[],"_links":{"self":[{"href":"https:\/\/www.goiania.go.gov.br\/conselhodeeducacao\/wp-json\/wp\/v2\/pages\/34","targetHints":{"allow":["GET"]}}],"collection":[{"href":"https:\/\/www.goiania.go.gov.br\/conselhodeeducacao\/wp-json\/wp\/v2\/pages"}],"about":[{"href":"https:\/\/www.goiania.go.gov.br\/conselhodeeducacao\/wp-json\/wp\/v2\/types\/page"}],"author":[{"embeddable":true,"href":"https:\/\/www.goiania.go.gov.br\/conselhodeeducacao\/wp-json\/wp\/v2\/users\/1"}],"replies":[{"embeddable":true,"href":"https:\/\/www.goiania.go.gov.br\/conselhodeeducacao\/wp-json\/wp\/v2\/comments?post=34"}],"version-history":[{"count":10,"href":"https:\/\/www.goiania.go.gov.br\/conselhodeeducacao\/wp-json\/wp\/v2\/pages\/34\/revisions"}],"predecessor-version":[{"id":101,"href":"https:\/\/www.goiania.go.gov.br\/conselhodeeducacao\/wp-json\/wp\/v2\/pages\/34\/revisions\/101"}],"wp:attachment":[{"href":"https:\/\/www.goiania.go.gov.br\/conselhodeeducacao\/wp-json\/wp\/v2\/media?parent=34"}],"curies":[{"name":"wp","href":"https:\/\/api.w.org\/{rel}","templated":true}]}}