{"id":28,"date":"2024-08-26T14:21:20","date_gmt":"2024-08-26T17:21:20","guid":{"rendered":"https:\/\/www.goiania.go.gov.br\/conselhodeeducacao\/?page_id=28"},"modified":"2025-11-17T15:58:02","modified_gmt":"2025-11-17T18:58:02","slug":"fale-conosco","status":"publish","type":"page","link":"https:\/\/www.goiania.go.gov.br\/conselhodeeducacao\/fale-conosco\/","title":{"rendered":"Fale Conosco"},"content":{"rendered":"\n<div class=\"wp-block-columns is-layout-flex wp-container-core-columns-is-layout-c4fef4f8 wp-block-columns-is-layout-flex\">\n<div class=\"wp-block-column is-layout-flow wp-block-column-is-layout-flow\" style=\"flex-basis:600px\">\n<div class=\"wp-block-group has-grey-10-background-color has-background\" style=\"border-radius:15px;min-height:20rem;padding-top:2rem;padding-right:2rem;padding-bottom:2rem;padding-left:2rem\"><div class=\"wp-block-group__inner-container is-layout-constrained wp-container-core-group-is-layout-51968c57 wp-block-group-is-layout-constrained\">\n<div class=\"wp-block-group is-nowrap is-layout-flex wp-container-core-group-is-layout-716c66ba wp-block-group-is-layout-flex\" style=\"padding-top:1rem;padding-bottom:1rem\"><div class=\"wp-block-safe-svg-svg-icon safe-svg-cover\" style=\"text-align: left;\">\n\t\t\t\t<div class=\"safe-svg-inside safe-svg-inline\" style=\"width: 20px; height: 20px; background-color: var(--wp--preset--color--); color: var(--wp--preset--color--); padding-top: ; padding-right: ; padding-bottom: ; padding-left: ; margin-top: ; margin-right: ; margin-bottom: ; margin-left: ;\"><?xml version=\"1.0\" encoding=\"UTF-8\" standalone=\"no\"?> <svg xmlns=\"http:\/\/www.w3.org\/2000\/svg\" xmlns:xlink=\"http:\/\/www.w3.org\/1999\/xlink\" width=\"800px\" height=\"800px\" viewBox=\"0 -2.5 20 20\" version=\"1.1\"><title>email [#1572]<\/title><desc>Created with Sketch.<\/desc><defs> <\/defs><g id=\"Page-1\" stroke=\"none\" stroke-width=\"1\" fill=\"none\" fill-rule=\"evenodd\"><g id=\"Dribbble-Light-Preview\" transform=\"translate(-340.000000, -922.000000)\" fill=\"#000000\"><g id=\"icons\" transform=\"translate(56.000000, 160.000000)\"><path d=\"M294,774.474 L284,765.649 L284,777 L304,777 L304,765.649 L294,774.474 Z M294.001,771.812 L284,762.981 L284,762 L304,762 L304,762.981 L294.001,771.812 Z\" id=\"email-[#1572]\"> <\/path><\/g><\/g><\/g><\/svg> <\/div>\n\t\t\t<\/div>\n\n\n<p>cmegyn@gmail.com<\/p>\n<\/div>\n\n\n\n<p><img loading=\"lazy\" decoding=\"async\" width=\"24\" height=\"24\" class=\"wp-image-47\" style=\"width: 24px\" src=\"https:\/\/www.goiania.go.gov.br\/conselhodeeducacao\/wp-content\/uploads\/sites\/47\/2024\/08\/telephone-svgrepo-com.svg\" alt=\"\"> (62) 3416-6351<\/p>\n\n\n\n<div class=\"wp-block-group is-nowrap is-layout-flex wp-container-core-group-is-layout-716c66ba wp-block-group-is-layout-flex\" style=\"padding-top:1rem;padding-bottom:1rem\"><div class=\"wp-block-safe-svg-svg-icon safe-svg-cover\" style=\"text-align: left;\">\n\t\t\t\t<div class=\"safe-svg-inside safe-svg-inline\" style=\"width: 24px; height: 24px; background-color: var(--wp--preset--color--); color: var(--wp--preset--color--); padding-top: ; padding-right: ; padding-bottom: ; padding-left: ; margin-top: ; margin-right: ; margin-bottom: ; margin-left: ;\"><?xml version=\"1.0\" encoding=\"UTF-8\"?> <svg xmlns=\"http:\/\/www.w3.org\/2000\/svg\" width=\"800px\" height=\"800px\" viewBox=\"0 0 48 48\" fill=\"none\"><g id=\"SVGRepo_bgCarrier\" stroke-width=\"0\"><\/g><g id=\"SVGRepo_tracerCarrier\" stroke-linecap=\"round\" stroke-linejoin=\"round\" stroke=\"#CCCCCC\" stroke-width=\"0.096\"><\/g><g id=\"SVGRepo_iconCarrier\"><rect width=\"48\" height=\"48\" fill=\"white\" fill-opacity=\"0.01\"><\/rect><path d=\"M24 44C24 44 39 32 39 19C39 10.7157 32.2843 4 24 4C15.7157 4 9 10.7157 9 19C9 32 24 44 24 44Z\" fill=\"#ffffff\" stroke=\"#000000\" stroke-width=\"4\" stroke-linejoin=\"round\"><\/path><path d=\"M24 25C27.3137 25 30 22.3137 30 19C30 15.6863 27.3137 13 24 13C20.6863 13 18 15.6863 18 19C18 22.3137 20.6863 25 24 25Z\" fill=\"#000000\" stroke=\"white\" stroke-width=\"4\" stroke-linejoin=\"round\"><\/path><\/g><\/svg> <\/div>\n\t\t\t<\/div>\n\n\n<p>Rua 227-A, n.\u00ba 331, Setor Leste Universit\u00e1rio, Goi\u00e2nia-GO<\/p>\n<\/div>\n\n\n\n<div class=\"wp-block-group is-nowrap is-layout-flex wp-container-core-group-is-layout-716c66ba wp-block-group-is-layout-flex\" style=\"padding-top:1rem;padding-bottom:1rem\"><div class=\"wp-block-safe-svg-svg-icon safe-svg-cover\" style=\"text-align: left;\">\n\t\t\t\t<div class=\"safe-svg-inside safe-svg-inline\" style=\"width: 28px; height: 28px; background-color: var(--wp--preset--color--); color: var(--wp--preset--color--); padding-top: ; padding-right: ; padding-bottom: ; padding-left: ; margin-top: ; margin-right: ; margin-bottom: ; margin-left: ;\"><?xml version=\"1.0\" encoding=\"UTF-8\"?> <svg xmlns=\"http:\/\/www.w3.org\/2000\/svg\" width=\"800px\" height=\"800px\" viewBox=\"0 -4 28 28\" fill=\"none\"><g id=\"SVGRepo_bgCarrier\" stroke-width=\"0\"><\/g><g id=\"SVGRepo_tracerCarrier\" stroke-linecap=\"round\" stroke-linejoin=\"round\"><\/g><g id=\"SVGRepo_iconCarrier\"><g clip-path=\"url(#clip0_503_2731)\"><rect width=\"28\" height=\"20\" rx=\"2\" fill=\"white\"><\/rect><mask id=\"mask0_503_2731\" style=\"mask-type:alpha\" maskUnits=\"userSpaceOnUse\" x=\"0\" y=\"0\" width=\"28\" height=\"20\"><rect width=\"28\" height=\"20\" rx=\"2\" fill=\"white\"><\/rect><\/mask><g mask=\"url(#mask0_503_2731)\"><rect width=\"28\" height=\"20\" fill=\"#000000\"><\/rect><path fill-rule=\"evenodd\" clip-rule=\"evenodd\" d=\"M14 17.3333C18.0501 17.3333 21.3333 14.0501 21.3333 10C21.3333 5.94992 18.0501 2.66667 14 2.66667C9.9499 2.66667 6.66666 5.94992 6.66666 10C6.66666 14.0501 9.9499 17.3333 14 17.3333ZM19.9634 10.6667C19.7158 12.9058 18.2361 14.7736 16.2173 15.577C16.8674 14.253 17.2472 12.528 17.3203 10.6667H19.9634ZM15.9856 10.6667C15.8883 12.9157 15.3011 14.9034 14.3855 15.9878C14.258 15.9959 14.1295 16 14 16C13.8705 16 13.7419 15.9959 13.6145 15.9878C12.6989 14.9034 12.1117 12.9157 12.0143 10.6667H15.9856ZM10.6797 10.6667C10.7528 12.528 11.1326 14.253 11.7827 15.577C9.76385 14.7736 8.28414 12.9058 8.03661 10.6667H10.6797ZM12.0143 9.33334H15.9856C15.8883 7.08429 15.3011 5.09658 14.3855 4.01219C14.258 4.00411 14.1295 4.00001 14 4.00001C13.8705 4.00001 13.7419 4.00411 13.6145 4.01219C12.6989 5.09658 12.1117 7.08429 12.0143 9.33334ZM11.7827 4.42303C11.1326 5.74705 10.7528 7.47197 10.6797 9.33334H8.03661C8.28414 7.09417 9.76385 5.22638 11.7827 4.42303ZM19.9634 9.33334H17.3203C17.2472 7.47198 16.8674 5.74705 16.2173 4.42303C18.2361 5.22637 19.7158 7.09417 19.9634 9.33334Z\" fill=\"white\"><\/path><\/g><\/g><defs><clipPath id=\"clip0_503_2731\"><rect width=\"28\" height=\"20\" rx=\"2\" fill=\"white\"><\/rect><\/clipPath><\/defs><\/g><\/svg> <\/div>\n\t\t\t<\/div>\n\n\n<p>Canal de Den\u00fancias <a href=\"https:\/\/abre.ai\/cme-comunicacao\" target=\"_blank\" rel=\"noreferrer noopener\">https:\/\/abre.ai\/cme-comunicacao<\/a> <\/p>\n<\/div>\n\n\n\n<div class=\"wp-block-group is-nowrap is-layout-flex wp-container-core-group-is-layout-716c66ba wp-block-group-is-layout-flex\" style=\"padding-top:1rem;padding-bottom:1rem\"><div class=\"wp-block-safe-svg-svg-icon safe-svg-cover\" style=\"text-align: left;\">\n\t\t\t\t<div class=\"safe-svg-inside safe-svg-inline\" style=\"width: 24px; height: 24px; background-color: var(--wp--preset--color--); color: var(--wp--preset--color--); padding-top: ; padding-right: ; padding-bottom: ; padding-left: ; margin-top: ; margin-right: ; margin-bottom: ; margin-left: ;\"><?xml version=\"1.0\" encoding=\"UTF-8\"?> <svg xmlns=\"http:\/\/www.w3.org\/2000\/svg\" width=\"800px\" height=\"800px\" viewBox=\"0 0 24 24\" fill=\"none\"><path fill-rule=\"evenodd\" clip-rule=\"evenodd\" d=\"M12 18C15.3137 18 18 15.3137 18 12C18 8.68629 15.3137 6 12 6C8.68629 6 6 8.68629 6 12C6 15.3137 8.68629 18 12 18ZM12 16C14.2091 16 16 14.2091 16 12C16 9.79086 14.2091 8 12 8C9.79086 8 8 9.79086 8 12C8 14.2091 9.79086 16 12 16Z\" fill=\"#0F0F0F\"><\/path><path d=\"M18 5C17.4477 5 17 5.44772 17 6C17 6.55228 17.4477 7 18 7C18.5523 7 19 6.55228 19 6C19 5.44772 18.5523 5 18 5Z\" fill=\"#0F0F0F\"><\/path><path fill-rule=\"evenodd\" clip-rule=\"evenodd\" d=\"M1.65396 4.27606C1 5.55953 1 7.23969 1 10.6V13.4C1 16.7603 1 18.4405 1.65396 19.7239C2.2292 20.8529 3.14708 21.7708 4.27606 22.346C5.55953 23 7.23969 23 10.6 23H13.4C16.7603 23 18.4405 23 19.7239 22.346C20.8529 21.7708 21.7708 20.8529 22.346 19.7239C23 18.4405 23 16.7603 23 13.4V10.6C23 7.23969 23 5.55953 22.346 4.27606C21.7708 3.14708 20.8529 2.2292 19.7239 1.65396C18.4405 1 16.7603 1 13.4 1H10.6C7.23969 1 5.55953 1 4.27606 1.65396C3.14708 2.2292 2.2292 3.14708 1.65396 4.27606ZM13.4 3H10.6C8.88684 3 7.72225 3.00156 6.82208 3.0751C5.94524 3.14674 5.49684 3.27659 5.18404 3.43597C4.43139 3.81947 3.81947 4.43139 3.43597 5.18404C3.27659 5.49684 3.14674 5.94524 3.0751 6.82208C3.00156 7.72225 3 8.88684 3 10.6V13.4C3 15.1132 3.00156 16.2777 3.0751 17.1779C3.14674 18.0548 3.27659 18.5032 3.43597 18.816C3.81947 19.5686 4.43139 20.1805 5.18404 20.564C5.49684 20.7234 5.94524 20.8533 6.82208 20.9249C7.72225 20.9984 8.88684 21 10.6 21H13.4C15.1132 21 16.2777 20.9984 17.1779 20.9249C18.0548 20.8533 18.5032 20.7234 18.816 20.564C19.5686 20.1805 20.1805 19.5686 20.564 18.816C20.7234 18.5032 20.8533 18.0548 20.9249 17.1779C20.9984 16.2777 21 15.1132 21 13.4V10.6C21 8.88684 20.9984 7.72225 20.9249 6.82208C20.8533 5.94524 20.7234 5.49684 20.564 5.18404C20.1805 4.43139 19.5686 3.81947 18.816 3.43597C18.5032 3.27659 18.0548 3.14674 17.1779 3.0751C16.2777 3.00156 15.1132 3 13.4 3Z\" fill=\"#0F0F0F\"><\/path><\/svg> <\/div>\n\t\t\t<\/div>\n\n\n<p>@cmegoiania<\/p>\n<\/div>\n<\/div><\/div>\n<\/div>\n<\/div>\n","protected":false},"excerpt":{"rendered":"<p>cmegyn@gmail.com (62) 3416-6351 Rua 227-A, n.\u00ba 331, Setor Leste Universit\u00e1rio, Goi\u00e2nia-GO Canal de Den\u00fancias https:\/\/abre.ai\/cme-comunicacao @cmegoiania<\/p>\n","protected":false},"author":1,"featured_media":0,"parent":0,"menu_order":0,"comment_status":"closed","ping_status":"closed","template":"","meta":{"_acf_changed":false,"custom_icon_class":"","footnotes":""},"class_list":["post-28","page","type-page","status-publish","hentry"],"acf":[],"_links":{"self":[{"href":"https:\/\/www.goiania.go.gov.br\/conselhodeeducacao\/wp-json\/wp\/v2\/pages\/28","targetHints":{"allow":["GET"]}}],"collection":[{"href":"https:\/\/www.goiania.go.gov.br\/conselhodeeducacao\/wp-json\/wp\/v2\/pages"}],"about":[{"href":"https:\/\/www.goiania.go.gov.br\/conselhodeeducacao\/wp-json\/wp\/v2\/types\/page"}],"author":[{"embeddable":true,"href":"https:\/\/www.goiania.go.gov.br\/conselhodeeducacao\/wp-json\/wp\/v2\/users\/1"}],"replies":[{"embeddable":true,"href":"https:\/\/www.goiania.go.gov.br\/conselhodeeducacao\/wp-json\/wp\/v2\/comments?post=28"}],"version-history":[{"count":9,"href":"https:\/\/www.goiania.go.gov.br\/conselhodeeducacao\/wp-json\/wp\/v2\/pages\/28\/revisions"}],"predecessor-version":[{"id":219,"href":"https:\/\/www.goiania.go.gov.br\/conselhodeeducacao\/wp-json\/wp\/v2\/pages\/28\/revisions\/219"}],"wp:attachment":[{"href":"https:\/\/www.goiania.go.gov.br\/conselhodeeducacao\/wp-json\/wp\/v2\/media?parent=28"}],"curies":[{"name":"wp","href":"https:\/\/api.w.org\/{rel}","templated":true}]}}