{"id":26,"date":"2024-08-26T14:19:57","date_gmt":"2024-08-26T17:19:57","guid":{"rendered":"https:\/\/www.goiania.go.gov.br\/conselhodeeducacao\/?page_id=26"},"modified":"2024-08-26T14:57:19","modified_gmt":"2024-08-26T17:57:19","slug":"instituicoes-autorizadas","status":"publish","type":"page","link":"https:\/\/www.goiania.go.gov.br\/conselhodeeducacao\/instituicoes-autorizadas\/","title":{"rendered":"Institui\u00e7\u00f5es Autorizadas"},"content":{"rendered":"\n<p>Para mais informa\u00e7\u00f5es acesse \u00e0 planilha de institui\u00e7\u00f5es autorizadas pelo CME. Recomendamos que utilize o comando de atalho do teclado ctrl+f para otimizar sua busca.<\/p>\n\n\n\n<div class=\"wp-block-buttons is-layout-flex wp-block-buttons-is-layout-flex\">\n<div class=\"wp-block-button has-custom-width wp-block-button__width-100 is-style-outline is-style-outline--1\"><a class=\"wp-block-button__link wp-element-button\" href=\"https:\/\/docs.google.com\/spreadsheets\/d\/e\/2PACX-1vQwS8dIxYdhRMxRQrQ4vM-33Sen-HQw0R8Oi4Qm2V3NC7jTSBMaOv_dm5JNKcISnbMKJrKvnPlYg_lT\/pubhtml?gid=1937773161&amp;single=true\" style=\"border-radius:0px\" target=\"_blank\" rel=\"noreferrer noopener\">Rela\u00e7\u00e3o de Institui\u00e7\u00f5es Autorizadas pelo CME<\/a><\/div>\n<\/div>\n\n\n\n<p>Caso a institui\u00e7\u00e3o esteja com processo em tramita\u00e7\u00e3o no CME, acesse a lista abaixo. Utilize o n\u00famero do processo para consultar o andamento.<\/p>\n\n\n\n<div class=\"wp-block-buttons is-layout-flex wp-block-buttons-is-layout-flex\">\n<div class=\"wp-block-button has-custom-width wp-block-button__width-100 is-style-outline is-style-outline--2\"><a class=\"wp-block-button__link wp-element-button\" href=\"https:\/\/sei.goiania.go.gov.br\/sei\/modulos\/pesquisa\/md_pesq_processo_pesquisar.php?acao_externa=protocolo_pesquisar&amp;acao_origem_externa=protocolo_pesquisar&amp;id_orgao_acesso_externo=0\" style=\"border-radius:0px\" target=\"_blank\" rel=\"noreferrer noopener\">Consulta P\u00fablica<\/a><\/div>\n<\/div>\n","protected":false},"excerpt":{"rendered":"<p>Para mais informa\u00e7\u00f5es acesse \u00e0 planilha de institui\u00e7\u00f5es autorizadas pelo CME. Recomendamos que utilize o comando de atalho do teclado ctrl+f para otimizar sua busca. Caso a institui\u00e7\u00e3o esteja com processo em tramita\u00e7\u00e3o no CME, acesse a lista abaixo. Utilize o n\u00famero do processo para consultar o andamento.<\/p>\n","protected":false},"author":1,"featured_media":0,"parent":0,"menu_order":0,"comment_status":"closed","ping_status":"closed","template":"","meta":{"_acf_changed":false,"custom_icon_class":"","footnotes":""},"class_list":["post-26","page","type-page","status-publish","hentry"],"acf":[],"_links":{"self":[{"href":"https:\/\/www.goiania.go.gov.br\/conselhodeeducacao\/wp-json\/wp\/v2\/pages\/26","targetHints":{"allow":["GET"]}}],"collection":[{"href":"https:\/\/www.goiania.go.gov.br\/conselhodeeducacao\/wp-json\/wp\/v2\/pages"}],"about":[{"href":"https:\/\/www.goiania.go.gov.br\/conselhodeeducacao\/wp-json\/wp\/v2\/types\/page"}],"author":[{"embeddable":true,"href":"https:\/\/www.goiania.go.gov.br\/conselhodeeducacao\/wp-json\/wp\/v2\/users\/1"}],"replies":[{"embeddable":true,"href":"https:\/\/www.goiania.go.gov.br\/conselhodeeducacao\/wp-json\/wp\/v2\/comments?post=26"}],"version-history":[{"count":3,"href":"https:\/\/www.goiania.go.gov.br\/conselhodeeducacao\/wp-json\/wp\/v2\/pages\/26\/revisions"}],"predecessor-version":[{"id":64,"href":"https:\/\/www.goiania.go.gov.br\/conselhodeeducacao\/wp-json\/wp\/v2\/pages\/26\/revisions\/64"}],"wp:attachment":[{"href":"https:\/\/www.goiania.go.gov.br\/conselhodeeducacao\/wp-json\/wp\/v2\/media?parent=26"}],"curies":[{"name":"wp","href":"https:\/\/api.w.org\/{rel}","templated":true}]}}