{"id":24,"date":"2024-08-26T14:19:24","date_gmt":"2024-08-26T17:19:24","guid":{"rendered":"https:\/\/www.goiania.go.gov.br\/conselhodeeducacao\/?page_id=24"},"modified":"2025-07-09T14:31:47","modified_gmt":"2025-07-09T17:31:47","slug":"resolucoes-cme","status":"publish","type":"page","link":"https:\/\/www.goiania.go.gov.br\/conselhodeeducacao\/legislacao\/resolucoes-cme\/","title":{"rendered":"Resolu\u00e7\u00f5es CME"},"content":{"rendered":"\n<p><a href=\"https:\/\/www.goiania.go.gov.br\/conselhodeeducacao\/wp-content\/uploads\/sites\/47\/2025\/07\/Resolucao-CME-n.o-171-de-17-de-juho-de-2025.pdf\" data-type=\"attachment\" data-id=\"204\">Resolu\u00e7\u00e3o CME n.\u00ba 171\/2025<\/a> (altera o artigo 51 da Resolu\u00e7\u00e3o n.\u00ba 110\/2025)<\/p>\n\n\n\n<p><a href=\"https:\/\/www.goiania.go.gov.br\/conselhodeeducacao\/wp-content\/uploads\/sites\/47\/2025\/04\/RESOLUCAO-CME-N.o-110-DE-01-DE-ABRIL-DE-2025.-compressed.pdf\" data-type=\"attachment\" data-id=\"173\">Resolu\u00e7\u00e3o CME n.\u00ba 110\/2025 &#8211; Educa\u00e7\u00e3o Infantil<\/a><\/p>\n\n\n\n<p><a href=\"https:\/\/www.goiania.go.gov.br\/conselhodeeducacao\/wp-content\/uploads\/sites\/47\/2024\/08\/RESOLUCAO-CME-No-120.pdf\">Resolu\u00e7\u00e3o CME n.\u00ba 120\/2016 &#8211; Educa\u00e7\u00e3o Infantil<\/a> (revogada pela Resolu\u00e7\u00e3o CME n.\u00ba 110\/2025)<\/p>\n\n\n\n<p><a href=\"https:\/\/www.goiania.go.gov.br\/conselhodeeducacao\/wp-content\/uploads\/sites\/47\/2024\/08\/RESOLUCAO-CME-N%C2%B0-116.pdf\">Resolu\u00e7\u00e3o CME n.\u00ba 116\/2013 &#8211; Ensino Fundamental<\/a><\/p>\n","protected":false},"excerpt":{"rendered":"<p>Resolu\u00e7\u00e3o CME n.\u00ba 171\/2025 (altera o artigo 51 da Resolu\u00e7\u00e3o n.\u00ba 110\/2025) Resolu\u00e7\u00e3o CME n.\u00ba 110\/2025 &#8211; Educa\u00e7\u00e3o Infantil Resolu\u00e7\u00e3o CME n.\u00ba 120\/2016 &#8211; Educa\u00e7\u00e3o Infantil (revogada pela Resolu\u00e7\u00e3o CME n.\u00ba 110\/2025) Resolu\u00e7\u00e3o CME n.\u00ba 116\/2013 &#8211; Ensino Fundamental<\/p>\n","protected":false},"author":1,"featured_media":0,"parent":56,"menu_order":0,"comment_status":"closed","ping_status":"closed","template":"","meta":{"_acf_changed":false,"custom_icon_class":"","footnotes":""},"class_list":["post-24","page","type-page","status-publish","hentry"],"acf":[],"_links":{"self":[{"href":"https:\/\/www.goiania.go.gov.br\/conselhodeeducacao\/wp-json\/wp\/v2\/pages\/24","targetHints":{"allow":["GET"]}}],"collection":[{"href":"https:\/\/www.goiania.go.gov.br\/conselhodeeducacao\/wp-json\/wp\/v2\/pages"}],"about":[{"href":"https:\/\/www.goiania.go.gov.br\/conselhodeeducacao\/wp-json\/wp\/v2\/types\/page"}],"author":[{"embeddable":true,"href":"https:\/\/www.goiania.go.gov.br\/conselhodeeducacao\/wp-json\/wp\/v2\/users\/1"}],"replies":[{"embeddable":true,"href":"https:\/\/www.goiania.go.gov.br\/conselhodeeducacao\/wp-json\/wp\/v2\/comments?post=24"}],"version-history":[{"count":8,"href":"https:\/\/www.goiania.go.gov.br\/conselhodeeducacao\/wp-json\/wp\/v2\/pages\/24\/revisions"}],"predecessor-version":[{"id":210,"href":"https:\/\/www.goiania.go.gov.br\/conselhodeeducacao\/wp-json\/wp\/v2\/pages\/24\/revisions\/210"}],"up":[{"embeddable":true,"href":"https:\/\/www.goiania.go.gov.br\/conselhodeeducacao\/wp-json\/wp\/v2\/pages\/56"}],"wp:attachment":[{"href":"https:\/\/www.goiania.go.gov.br\/conselhodeeducacao\/wp-json\/wp\/v2\/media?parent=24"}],"curies":[{"name":"wp","href":"https:\/\/api.w.org\/{rel}","templated":true}]}}