{"id":22,"date":"2024-08-26T14:19:17","date_gmt":"2024-08-26T17:19:17","guid":{"rendered":"https:\/\/www.goiania.go.gov.br\/conselhodeeducacao\/?page_id=22"},"modified":"2024-10-04T13:32:58","modified_gmt":"2024-10-04T16:32:58","slug":"leis-regulamentos-e-normas","status":"publish","type":"page","link":"https:\/\/www.goiania.go.gov.br\/conselhodeeducacao\/legislacao\/leis-regulamentos-e-normas\/","title":{"rendered":"Leis, regulamentos e normas"},"content":{"rendered":"\n<p><a href=\"https:\/\/www.planalto.gov.br\/ccivil_03\/leis\/l9394.htm\" target=\"_blank\" rel=\"noreferrer noopener\">Estabelece as Diretrizes e Bases da Educa\u00e7\u00e3o Nacional &#8211; LDB<\/a><\/p>\n\n\n\n<p><a href=\"https:\/\/www.planalto.gov.br\/ccivil_03\/leis\/l8069.htm\" target=\"_blank\" rel=\"noreferrer noopener\">Disp\u00f5e sobre o Estatuto da Crian\u00e7a e do Adolescente e d\u00e1 outras provid\u00eancias &#8211; ECA<\/a><\/p>\n\n\n\n<p><a href=\"https:\/\/goias.gov.br\/educacao\/dc-go-documento-curricular-para-goias\/\" target=\"_blank\" rel=\"noreferrer noopener\">Documentos Curriculares para Goi\u00e1s<\/a><\/p>\n","protected":false},"excerpt":{"rendered":"<p>Estabelece as Diretrizes e Bases da Educa\u00e7\u00e3o Nacional &#8211; LDB Disp\u00f5e sobre o Estatuto da Crian\u00e7a e do Adolescente e d\u00e1 outras provid\u00eancias &#8211; ECA Documentos Curriculares para Goi\u00e1s<\/p>\n","protected":false},"author":1,"featured_media":0,"parent":56,"menu_order":0,"comment_status":"closed","ping_status":"closed","template":"","meta":{"_acf_changed":false,"custom_icon_class":"","footnotes":""},"class_list":["post-22","page","type-page","status-publish","hentry"],"acf":[],"_links":{"self":[{"href":"https:\/\/www.goiania.go.gov.br\/conselhodeeducacao\/wp-json\/wp\/v2\/pages\/22","targetHints":{"allow":["GET"]}}],"collection":[{"href":"https:\/\/www.goiania.go.gov.br\/conselhodeeducacao\/wp-json\/wp\/v2\/pages"}],"about":[{"href":"https:\/\/www.goiania.go.gov.br\/conselhodeeducacao\/wp-json\/wp\/v2\/types\/page"}],"author":[{"embeddable":true,"href":"https:\/\/www.goiania.go.gov.br\/conselhodeeducacao\/wp-json\/wp\/v2\/users\/1"}],"replies":[{"embeddable":true,"href":"https:\/\/www.goiania.go.gov.br\/conselhodeeducacao\/wp-json\/wp\/v2\/comments?post=22"}],"version-history":[{"count":3,"href":"https:\/\/www.goiania.go.gov.br\/conselhodeeducacao\/wp-json\/wp\/v2\/pages\/22\/revisions"}],"predecessor-version":[{"id":126,"href":"https:\/\/www.goiania.go.gov.br\/conselhodeeducacao\/wp-json\/wp\/v2\/pages\/22\/revisions\/126"}],"up":[{"embeddable":true,"href":"https:\/\/www.goiania.go.gov.br\/conselhodeeducacao\/wp-json\/wp\/v2\/pages\/56"}],"wp:attachment":[{"href":"https:\/\/www.goiania.go.gov.br\/conselhodeeducacao\/wp-json\/wp\/v2\/media?parent=22"}],"curies":[{"name":"wp","href":"https:\/\/api.w.org\/{rel}","templated":true}]}}