{"id":969,"date":"2024-10-25T08:52:35","date_gmt":"2024-10-25T11:52:35","guid":{"rendered":"https:\/\/www.goiania.go.gov.br\/arg\/consultas-publicas\/consulta-publica-n-013-2024-2\/"},"modified":"2024-11-25T09:46:48","modified_gmt":"2024-11-25T12:46:48","slug":"consulta-publica-conjunta-n-002-2024","status":"publish","type":"page","link":"https:\/\/www.goiania.go.gov.br\/arg\/consultas-publicas\/consulta-publica-conjunta-n-002-2024\/","title":{"rendered":"Consulta P\u00fablica Conjunta n\u00b0 002\/2024"},"content":{"rendered":"\n<h3 class=\"wp-block-heading\">Aviso <\/h3>\n\n\n\n<ul class=\"wp-block-list\">\n<li><a href=\"https:\/\/www.goiania.go.gov.br\/arg\/wp-content\/uploads\/sites\/19\/2024\/10\/Aviso-de-Consulta-Publica-1.pdf\">Aviso de Consulta P\u00fablica <\/a><\/li>\n<\/ul>\n\n\n\n<h3 class=\"wp-block-heading\">Nota T\u00e9cnica <\/h3>\n\n\n\n<ul class=\"wp-block-list\">\n<li><a href=\"https:\/\/www.goiania.go.gov.br\/arg\/wp-content\/uploads\/sites\/19\/2024\/10\/Nota-Tecnica-Conjunta-no-7.2024-AGR.-AR.-AMAE.-ARM.pdf\">Nota T\u00e9cnica Conjunta n\u00ba 7\/2024 \u2013 AGR\/AR\/AMAE\/ARM <\/a><\/li>\n<\/ul>\n\n\n\n<h3 class=\"wp-block-heading\">Minuta <\/h3>\n\n\n\n<ul class=\"wp-block-list\">\n<li><a href=\"https:\/\/www.goiania.go.gov.br\/arg\/wp-content\/uploads\/sites\/19\/2024\/10\/Minuta-de-Resolucao-Normativa-Conjunta.pdf\">Minuta de Resolu\u00e7\u00e3o Normativa<\/a><\/li>\n<\/ul>\n\n\n\n<h3 class=\"wp-block-heading\">Formul\u00e1rio <\/h3>\n\n\n\n<ul class=\"wp-block-list\">\n<li><a href=\"https:\/\/www.goiania.go.gov.br\/arg\/wp-content\/uploads\/sites\/19\/2024\/10\/Formulario-para-participacao-1.docx\">Formul\u00e1rio para&nbsp;participa\u00e7\u00e3o<\/a><\/li>\n<\/ul>\n\n\n\n<h3 class=\"wp-block-heading\">Of\u00edcios<\/h3>\n\n\n\n<ul class=\"wp-block-list\">\n<li><a href=\"https:\/\/www.goiania.go.gov.br\/arg\/wp-content\/uploads\/sites\/19\/2024\/10\/Oficio-no-375.2024-SANEAGO.pdf\">Of\u00edcio n\u00ba 375\/2024 \u2013 SANEAGO<\/a><\/li>\n\n\n\n<li><a href=\"https:\/\/www.goiania.go.gov.br\/arg\/wp-content\/uploads\/sites\/19\/2024\/10\/Oficio-no-376.2024-MP.pdf\">Of\u00edcio n\u00ba 376\/2024 \u2013 MP<\/a><\/li>\n\n\n\n<li><a href=\"https:\/\/www.goiania.go.gov.br\/arg\/wp-content\/uploads\/sites\/19\/2024\/10\/Oficio-no-377.2024-SECOVI.pdf\">Of\u00edcio n\u00ba 377\/2024 \u2013 SECOVI<\/a><\/li>\n\n\n\n<li><a href=\"https:\/\/www.goiania.go.gov.br\/arg\/wp-content\/uploads\/sites\/19\/2024\/10\/Oficio-no-378.2024-ADU.pdf\">Of\u00edcio n\u00ba 378\/2024 \u2013 ADU<\/a><\/li>\n\n\n\n<li><a href=\"https:\/\/www.goiania.go.gov.br\/arg\/wp-content\/uploads\/sites\/19\/2024\/10\/Oficio-no-379.2024-TCM.pdf\">Of\u00edcio n\u00ba&nbsp;379\/2024&nbsp;&#8211;&nbsp;TCM<\/a><\/li>\n<\/ul>\n\n\n\n<h2 class=\"wp-block-heading\">Contribui\u00e7\u00f5es<\/h2>\n\n\n\n<ul class=\"wp-block-list\">\n<li><a href=\"https:\/\/www.goiania.go.gov.br\/arg\/wp-content\/uploads\/sites\/19\/2024\/11\/Contribuicoes-Saneamento-de-Goias-S.A.pdf\">Saneamento de Goi\u00e1s S.A<\/a><\/li>\n<\/ul>\n\n\n\n<p><\/p>\n","protected":false},"excerpt":{"rendered":"<p>Aviso Nota T\u00e9cnica Minuta Formul\u00e1rio Of\u00edcios Contribui\u00e7\u00f5es<\/p>\n","protected":false},"author":1,"featured_media":0,"parent":332,"menu_order":12,"comment_status":"closed","ping_status":"closed","template":"","meta":{"_acf_changed":false,"custom_icon_class":"","footnotes":""},"class_list":["post-969","page","type-page","status-publish","hentry"],"acf":[],"_links":{"self":[{"href":"https:\/\/www.goiania.go.gov.br\/arg\/wp-json\/wp\/v2\/pages\/969","targetHints":{"allow":["GET"]}}],"collection":[{"href":"https:\/\/www.goiania.go.gov.br\/arg\/wp-json\/wp\/v2\/pages"}],"about":[{"href":"https:\/\/www.goiania.go.gov.br\/arg\/wp-json\/wp\/v2\/types\/page"}],"author":[{"embeddable":true,"href":"https:\/\/www.goiania.go.gov.br\/arg\/wp-json\/wp\/v2\/users\/1"}],"replies":[{"embeddable":true,"href":"https:\/\/www.goiania.go.gov.br\/arg\/wp-json\/wp\/v2\/comments?post=969"}],"version-history":[{"count":5,"href":"https:\/\/www.goiania.go.gov.br\/arg\/wp-json\/wp\/v2\/pages\/969\/revisions"}],"predecessor-version":[{"id":992,"href":"https:\/\/www.goiania.go.gov.br\/arg\/wp-json\/wp\/v2\/pages\/969\/revisions\/992"}],"up":[{"embeddable":true,"href":"https:\/\/www.goiania.go.gov.br\/arg\/wp-json\/wp\/v2\/pages\/332"}],"wp:attachment":[{"href":"https:\/\/www.goiania.go.gov.br\/arg\/wp-json\/wp\/v2\/media?parent=969"}],"curies":[{"name":"wp","href":"https:\/\/api.w.org\/{rel}","templated":true}]}}