{"id":944,"date":"2024-10-10T09:31:38","date_gmt":"2024-10-10T12:31:38","guid":{"rendered":"https:\/\/www.goiania.go.gov.br\/arg\/consultas-publicas\/consulta-publica-n-013-2024\/"},"modified":"2025-01-27T14:01:06","modified_gmt":"2025-01-27T17:01:06","slug":"consulta-publica-n-013-2024","status":"publish","type":"page","link":"https:\/\/www.goiania.go.gov.br\/arg\/consultas-publicas\/consulta-publica-n-013-2024\/","title":{"rendered":"Consulta P\u00fablica n\u00b0 013\/2024"},"content":{"rendered":"\n<h2 class=\"wp-block-heading\">Avisos<\/h2>\n\n\n\n<ul class=\"wp-block-list\">\n<li><a href=\"https:\/\/www.goiania.go.gov.br\/arg\/wp-content\/uploads\/sites\/19\/2024\/10\/Aviso-de-Consulta-Publica.pdf\">Aviso de Consulta P\u00fablica<\/a><\/li>\n\n\n\n<li><a href=\"https:\/\/www.goiania.go.gov.br\/arg\/wp-content\/uploads\/sites\/19\/2024\/10\/Publicacao-DOM.pdf\">Publica\u00e7\u00e3o do DOM<\/a><\/li>\n<\/ul>\n\n\n\n<h2 class=\"wp-block-heading\">Nota T\u00e9cnica<\/h2>\n\n\n\n<ul class=\"wp-block-list\">\n<li><a href=\"https:\/\/www.goiania.go.gov.br\/arg\/wp-content\/uploads\/sites\/19\/2024\/10\/Nota-Tecnica-no-3-2024-DIRREG.pdf\">Nota T\u00e9cnica n\u00ba 3\/2024 \u2013 DIRREG\/AR<\/a><\/li>\n<\/ul>\n\n\n\n<h2 class=\"wp-block-heading\">Formul\u00e1rio<\/h2>\n\n\n\n<ul class=\"wp-block-list\">\n<li><a href=\"https:\/\/www.goiania.go.gov.br\/arg\/wp-content\/uploads\/sites\/19\/2024\/10\/Formulario-para-participacao.docx\"> Formul\u00e1rio para participa\u00e7\u00e3o<\/a><\/li>\n<\/ul>\n\n\n\n<h2 class=\"wp-block-heading\">Of\u00edcios<\/h2>\n\n\n\n<ul class=\"wp-block-list\">\n<li><a href=\"https:\/\/www.goiania.go.gov.br\/arg\/wp-content\/uploads\/sites\/19\/2024\/10\/Oficio-Titular-no-358-.-2024-TCM.pdf\">Of\u00edcio n\u00ba 358\/2024 \u2013 TCM\/GO<\/a><\/li>\n\n\n\n<li><a href=\"https:\/\/www.goiania.go.gov.br\/arg\/wp-content\/uploads\/sites\/19\/2024\/10\/Oficio-Titular-no-359-.-2024-MP.pdf\">Of\u00edcio n\u00ba 359\/2024 \u2013 MP\/GO<\/a><\/li>\n\n\n\n<li><a href=\"https:\/\/www.goiania.go.gov.br\/arg\/wp-content\/uploads\/sites\/19\/2024\/10\/Oficio-Titular-no-360-.-2024-SECOVI.pdf\">Of\u00edcio n\u00ba 360\/2024 \u2013 SECOVI\/GO<\/a><\/li>\n\n\n\n<li><a href=\"https:\/\/www.goiania.go.gov.br\/arg\/wp-content\/uploads\/sites\/19\/2024\/10\/Oficio-Titular-no-361-.-2024-PROCON.pdf\">Of\u00edcio n\u00ba 361\/2024 \u2013 PROCON Goi\u00e2nia<\/a><\/li>\n\n\n\n<li><a href=\"https:\/\/www.goiania.go.gov.br\/arg\/wp-content\/uploads\/sites\/19\/2024\/10\/Oficio-Titular-no-362-.-2024-AGR.pdf\">Of\u00edcio n\u00ba 362\/2024 \u2013 AGR<\/a><\/li>\n\n\n\n<li><a href=\"https:\/\/www.goiania.go.gov.br\/arg\/wp-content\/uploads\/sites\/19\/2024\/10\/Oficio-Titular-no-363-.-2024-SEINFRA.pdf\">Of\u00edcio n\u00ba 363\/2024 \u2013 SEINFRA\/GO<\/a><\/li>\n\n\n\n<li><a href=\"https:\/\/www.goiania.go.gov.br\/arg\/wp-content\/uploads\/sites\/19\/2024\/10\/Oficio-Titular-no-364-.-2024-SANEAGO.pdf\">Of\u00edcio n\u00ba 364\/2024&nbsp;&#8211;&nbsp;SANEAGO<\/a><\/li>\n\n\n\n<li><a href=\"https:\/\/www.goiania.go.gov.br\/arg\/wp-content\/uploads\/sites\/19\/2024\/10\/SEI_5343631_Oficio_Titular_366.pdf\">Of\u00edcio n\u00ba 366\/2024&nbsp;\u2013&nbsp;ADU\/GO<\/a><\/li>\n<\/ul>\n\n\n\n<h2 class=\"wp-block-heading\">Avisos<\/h2>\n\n\n\n<ul class=\"wp-block-list\">\n<li><a href=\"https:\/\/www.goiania.go.gov.br\/arg\/wp-content\/uploads\/sites\/19\/2024\/11\/Prorrogacao-da-Consulta-Publica.pdf\">Prorroga\u00e7\u00e3o da Consulta P\u00fablica<\/a><\/li>\n<\/ul>\n\n\n\n<h2 class=\"wp-block-heading\">Contribui\u00e7\u00f5es<\/h2>\n\n\n\n<ul class=\"wp-block-list\">\n<li><a href=\"https:\/\/www.goiania.go.gov.br\/arg\/wp-content\/uploads\/sites\/19\/2024\/11\/Contribuicoes-Saneamento-de-Goias-S.A-2.pdf\">Saneamento de Goi\u00e1s S.A<\/a><\/li>\n\n\n\n<li><a href=\"https:\/\/www.goiania.go.gov.br\/arg\/wp-content\/uploads\/sites\/19\/2024\/11\/Oficio-1973-2024-AGR.pdf\">Ag\u00eancia Goiana&nbsp;de&nbsp;Regula\u00e7\u00e3o<\/a><\/li>\n<\/ul>\n\n\n\n<h2 class=\"wp-block-heading\">Relat\u00f3rio<\/h2>\n\n\n\n<ul class=\"wp-block-list\">\n<li><a href=\"https:\/\/www.goiania.go.gov.br\/arg\/wp-content\/uploads\/sites\/19\/2025\/01\/SEI_5739123_Relatorio_153.pdf\" target=\"_blank\" rel=\"noreferrer noopener\">Relat\u00f3rio n\u00ba 153\/2024 &#8211; DIRREG<\/a><\/li>\n<\/ul>\n","protected":false},"excerpt":{"rendered":"<p>Avisos Nota T\u00e9cnica Formul\u00e1rio Of\u00edcios Avisos Contribui\u00e7\u00f5es Relat\u00f3rio<\/p>\n","protected":false},"author":1,"featured_media":0,"parent":332,"menu_order":12,"comment_status":"closed","ping_status":"closed","template":"","meta":{"_acf_changed":false,"custom_icon_class":"","footnotes":""},"class_list":["post-944","page","type-page","status-publish","hentry"],"acf":[],"_links":{"self":[{"href":"https:\/\/www.goiania.go.gov.br\/arg\/wp-json\/wp\/v2\/pages\/944","targetHints":{"allow":["GET"]}}],"collection":[{"href":"https:\/\/www.goiania.go.gov.br\/arg\/wp-json\/wp\/v2\/pages"}],"about":[{"href":"https:\/\/www.goiania.go.gov.br\/arg\/wp-json\/wp\/v2\/types\/page"}],"author":[{"embeddable":true,"href":"https:\/\/www.goiania.go.gov.br\/arg\/wp-json\/wp\/v2\/users\/1"}],"replies":[{"embeddable":true,"href":"https:\/\/www.goiania.go.gov.br\/arg\/wp-json\/wp\/v2\/comments?post=944"}],"version-history":[{"count":9,"href":"https:\/\/www.goiania.go.gov.br\/arg\/wp-json\/wp\/v2\/pages\/944\/revisions"}],"predecessor-version":[{"id":1012,"href":"https:\/\/www.goiania.go.gov.br\/arg\/wp-json\/wp\/v2\/pages\/944\/revisions\/1012"}],"up":[{"embeddable":true,"href":"https:\/\/www.goiania.go.gov.br\/arg\/wp-json\/wp\/v2\/pages\/332"}],"wp:attachment":[{"href":"https:\/\/www.goiania.go.gov.br\/arg\/wp-json\/wp\/v2\/media?parent=944"}],"curies":[{"name":"wp","href":"https:\/\/api.w.org\/{rel}","templated":true}]}}