{"id":910,"date":"2021-07-01T16:20:41","date_gmt":"2024-06-11T16:52:45","guid":{"rendered":"https:\/\/www.goiania.go.gov.br\/arg\/audiencias-publicas\/audiencia-publica-no-004-2023-2\/"},"modified":"2024-06-11T14:19:40","modified_gmt":"2024-06-11T17:19:40","slug":"audiencia-publica-no-04-2024-plano-de-drenagem","status":"publish","type":"page","link":"https:\/\/www.goiania.go.gov.br\/arg\/audiencias-publicas\/audiencia-publica-no-04-2024-plano-de-drenagem\/","title":{"rendered":"Audi\u00eancia P\u00fablica n\u00ba 04\/2024 \u2013 Plano de Drenagem"},"content":{"rendered":"\n<h3 class=\"wp-block-heading\">Aviso<\/h3>\n\n\n\n<ul class=\"wp-block-list\">\n<li><a href=\"https:\/\/www.goiania.go.gov.br\/arg\/wp-content\/uploads\/sites\/19\/2024\/06\/Aviso.pdf\"> Aviso Di\u00e1rio Oficial<\/a><\/li>\n<\/ul>\n\n\n\n<h3 class=\"wp-block-heading\">Diagn\u00f3sticos<\/h3>\n\n\n\n<ul class=\"wp-block-list\">\n<li><a href=\"https:\/\/www.goiania.go.gov.br\/arg\/wp-content\/uploads\/sites\/19\/2024\/06\/00_Diagnostico_Relatorio_Geral.pdf\">Geral<\/a><\/li>\n\n\n\n<li><a href=\"https:\/\/www.goiania.go.gov.br\/arg\/wp-content\/uploads\/sites\/19\/2024\/06\/01_Cascavel_Diagnostico.pdf\">Cascavel<\/a><\/li>\n\n\n\n<li><a href=\"https:\/\/www.goiania.go.gov.br\/arg\/wp-content\/uploads\/sites\/19\/2024\/06\/01_Cascavel_Diagnostico_Apendices_compressed.pdf\">Cascavel Ap\u00eandices<\/a><\/li>\n\n\n\n<li><a href=\"https:\/\/www.goiania.go.gov.br\/arg\/wp-content\/uploads\/sites\/19\/2024\/06\/02_Botafogo_Diagnostico.pdf\">Botafogo<\/a><\/li>\n\n\n\n<li><a href=\"https:\/\/www.goiania.go.gov.br\/arg\/wp-content\/uploads\/sites\/19\/2024\/06\/02_Botafogo_Diagnostico.pdf\">Botafogo Ap\u00eandices<\/a><\/li>\n\n\n\n<li><a href=\"https:\/\/www.goiania.go.gov.br\/arg\/wp-content\/uploads\/sites\/19\/2024\/06\/03_Macambira_Diagnostico.pdf\">Macambira<\/a><\/li>\n\n\n\n<li><a href=\"https:\/\/www.goiania.go.gov.br\/arg\/wp-content\/uploads\/sites\/19\/2024\/06\/03_Macambira_Diagnostico_Apendices_compressed.pdf\">Macambira Ap\u00eandices<\/a><\/li>\n\n\n\n<li><a href=\"https:\/\/www.goiania.go.gov.br\/arg\/wp-content\/uploads\/sites\/19\/2024\/06\/04_Taquaral_Diagnostico.pdf\">Taquaral<\/a><\/li>\n\n\n\n<li><a href=\"https:\/\/www.goiania.go.gov.br\/arg\/wp-content\/uploads\/sites\/19\/2024\/06\/04_Taquaral_Diagnostico_Apendices-1_compressed.pdf\">Taquaral Ap\u00eandices<\/a><\/li>\n<\/ul>\n\n\n\n<h3 class=\"wp-block-heading\">Of\u00edcios<\/h3>\n\n\n\n<ul class=\"wp-block-list\">\n<li><a href=\"https:\/\/www.goiania.go.gov.br\/arg\/wp-content\/uploads\/sites\/19\/2024\/06\/Oficios-Convite.pdf\">Of\u00edcios\u00a0Convite<\/a><\/li>\n<\/ul>\n\n\n\n<h3 class=\"wp-block-heading\">Formul\u00e1rio<\/h3>\n\n\n\n<ul class=\"wp-block-list\">\n<li><a href=\"https:\/\/docs.google.com\/forms\/d\/1uI2Rq8ewxVjUmiZ7rOa3hja-mxAl4qYORWuvxCBAXCc\/edit\">Formul\u00e1rio<\/a><\/li>\n<\/ul>\n","protected":false},"excerpt":{"rendered":"<p>Aviso Diagn\u00f3sticos Of\u00edcios Formul\u00e1rio<\/p>\n","protected":false},"author":1,"featured_media":0,"parent":604,"menu_order":3,"comment_status":"closed","ping_status":"closed","template":"","meta":{"_acf_changed":false,"custom_icon_class":"","footnotes":""},"class_list":["post-910","page","type-page","status-publish","hentry"],"acf":[],"_links":{"self":[{"href":"https:\/\/www.goiania.go.gov.br\/arg\/wp-json\/wp\/v2\/pages\/910","targetHints":{"allow":["GET"]}}],"collection":[{"href":"https:\/\/www.goiania.go.gov.br\/arg\/wp-json\/wp\/v2\/pages"}],"about":[{"href":"https:\/\/www.goiania.go.gov.br\/arg\/wp-json\/wp\/v2\/types\/page"}],"author":[{"embeddable":true,"href":"https:\/\/www.goiania.go.gov.br\/arg\/wp-json\/wp\/v2\/users\/1"}],"replies":[{"embeddable":true,"href":"https:\/\/www.goiania.go.gov.br\/arg\/wp-json\/wp\/v2\/comments?post=910"}],"version-history":[{"count":2,"href":"https:\/\/www.goiania.go.gov.br\/arg\/wp-json\/wp\/v2\/pages\/910\/revisions"}],"predecessor-version":[{"id":928,"href":"https:\/\/www.goiania.go.gov.br\/arg\/wp-json\/wp\/v2\/pages\/910\/revisions\/928"}],"up":[{"embeddable":true,"href":"https:\/\/www.goiania.go.gov.br\/arg\/wp-json\/wp\/v2\/pages\/604"}],"wp:attachment":[{"href":"https:\/\/www.goiania.go.gov.br\/arg\/wp-json\/wp\/v2\/media?parent=910"}],"curies":[{"name":"wp","href":"https:\/\/api.w.org\/{rel}","templated":true}]}}