{"id":902,"date":"2021-07-01T16:20:41","date_gmt":"2024-06-11T16:43:43","guid":{"rendered":"https:\/\/www.goiania.go.gov.br\/arg\/consultas-publicas\/consulta-publica-no-001-2024-2\/"},"modified":"2024-06-20T13:22:39","modified_gmt":"2024-06-20T16:22:39","slug":"consulta-publica-conjunta-no-001-2024","status":"publish","type":"page","link":"https:\/\/www.goiania.go.gov.br\/arg\/consultas-publicas\/consulta-publica-conjunta-no-001-2024\/","title":{"rendered":"Consulta P\u00fablica Conjunta n\u00ba 001\/2024"},"content":{"rendered":"\n<h3 class=\"wp-block-heading\"> Avisos <\/h3>\n\n\n\n<ul class=\"wp-block-list\">\n<li><a href=\"https:\/\/www.goiania.go.gov.br\/arg\/wp-content\/uploads\/sites\/19\/2024\/06\/Aviso.pdf\">Aviso Di\u00e1rio Oficial<\/a><\/li>\n\n\n\n<li><a href=\"https:\/\/www.goiania.go.gov.br\/arg\/wp-content\/uploads\/sites\/19\/2024\/05\/Publicacao-DOM.pdf\" target=\"_blank\" rel=\"noreferrer noopener\">Publica\u00e7\u00e3o DOM<\/a><\/li>\n<\/ul>\n\n\n\n<h3 class=\"wp-block-heading\">Nota T\u00e9cnica <\/h3>\n\n\n\n<ul class=\"wp-block-list\">\n<li><a href=\"https:\/\/www.goiania.go.gov.br\/arg\/wp-content\/uploads\/sites\/19\/2024\/06\/Nota-Tecnica-Conjunta-BRR.pdf\">Nota T\u00e9cnica Conjunta n\u00ba 3\/2024 \u2013 Ar\/AGR\/AMAE\/ARM <\/a><\/li>\n<\/ul>\n\n\n\n<h3 class=\"wp-block-heading\">Of\u00edcios<\/h3>\n\n\n\n<ul class=\"wp-block-list\">\n<li><a href=\"https:\/\/www.goiania.go.gov.br\/arg\/wp-content\/uploads\/sites\/19\/2024\/05\/SEI_4139992_Oficio_Titular_124.pdf\">Of\u00edcio n\u00ba 122\/2024 \u2013 <\/a><a href=\"https:\/\/www.goiania.go.gov.br\/arg\/wp-content\/uploads\/sites\/19\/2024\/05\/SEI_4139199_Oficio_Titular_122.pdf\" target=\"_blank\" rel=\"noreferrer noopener\">SANEAGO<\/a><\/li>\n\n\n\n<li><a href=\"https:\/\/www.goiania.go.gov.br\/arg\/wp-content\/uploads\/sites\/19\/2024\/05\/SEI_4139487_Oficio_Titular_123.pdf\" target=\"_blank\" rel=\"noreferrer noopener\">Of\u00edcio n\u00ba 123\/2024 \u2013 MP-GO<\/a><\/li>\n\n\n\n<li><a href=\"https:\/\/www.goiania.go.gov.br\/arg\/wp-content\/uploads\/sites\/19\/2024\/05\/SEI_4139992_Oficio_Titular_124.pdf\" target=\"_blank\" rel=\"noreferrer noopener\">Of\u00edcio n\u00ba 124\/2024 \u2013 TCM<\/a><\/li>\n\n\n\n<li><a href=\"https:\/\/www.goiania.go.gov.br\/arg\/wp-content\/uploads\/sites\/19\/2024\/05\/SEI_4140041_Oficio_Titular_125.pdf\" target=\"_blank\" rel=\"noreferrer noopener\">Of\u00edcio n\u00ba 125\/2024 \u2013 PROCON<\/a><\/li>\n\n\n\n<li><a href=\"https:\/\/www.goiania.go.gov.br\/arg\/wp-content\/uploads\/sites\/19\/2024\/05\/SEI_4140135_Oficio_Titular_126.pdf\" target=\"_blank\" rel=\"noreferrer noopener\">Of\u00edcio n\u00ba 126\/2024 \u2013 SECOVI<\/a><\/li>\n<\/ul>\n\n\n\n<h3 class=\"wp-block-heading\">Formul\u00e1rio para participa\u00e7\u00e3o<\/h3>\n\n\n\n<ul class=\"wp-block-list\">\n<li><a href=\"https:\/\/www.goiania.go.gov.br\/arg\/wp-content\/uploads\/sites\/19\/2024\/06\/Formulario.docx\">Formul\u00e1rio<\/a><\/li>\n<\/ul>\n\n\n\n<h3 class=\"wp-block-heading\">Contribui\u00e7\u00f5es Saneago<\/h3>\n\n\n\n<ul class=\"wp-block-list\">\n<li><a href=\"https:\/\/www.goiania.go.gov.br\/arg\/wp-content\/uploads\/sites\/19\/2024\/06\/Contribuicoes-Saneago.pdf\">Saneamento\u00a0de\u00a0Goi\u00e1\u00a0S.A<\/a><\/li>\n<\/ul>\n\n\n\n<h3 class=\"wp-block-heading\">Relat\u00f3rio<\/h3>\n\n\n\n<ul class=\"wp-block-list\">\n<li><a href=\"https:\/\/www.goiania.go.gov.br\/arg\/wp-content\/uploads\/sites\/19\/2024\/06\/Relatorio-Conjunto-no-1-2024-AR-AGR-AMAE-ARM.pdf\">Relat\u00f3rio Conjunto n\u00ba 1\/2024 \u2013\u00a0AR\/AGR\/AMAE\/ARM<\/a><\/li>\n<\/ul>\n\n\n\n<p><\/p>\n","protected":false},"excerpt":{"rendered":"<p>Avisos Nota T\u00e9cnica Of\u00edcios Formul\u00e1rio para participa\u00e7\u00e3o Contribui\u00e7\u00f5es Saneago Relat\u00f3rio<\/p>\n","protected":false},"author":1,"featured_media":0,"parent":332,"menu_order":11,"comment_status":"closed","ping_status":"closed","template":"","meta":{"_acf_changed":false,"custom_icon_class":"","footnotes":""},"class_list":["post-902","page","type-page","status-publish","hentry"],"acf":[],"_links":{"self":[{"href":"https:\/\/www.goiania.go.gov.br\/arg\/wp-json\/wp\/v2\/pages\/902","targetHints":{"allow":["GET"]}}],"collection":[{"href":"https:\/\/www.goiania.go.gov.br\/arg\/wp-json\/wp\/v2\/pages"}],"about":[{"href":"https:\/\/www.goiania.go.gov.br\/arg\/wp-json\/wp\/v2\/types\/page"}],"author":[{"embeddable":true,"href":"https:\/\/www.goiania.go.gov.br\/arg\/wp-json\/wp\/v2\/users\/1"}],"replies":[{"embeddable":true,"href":"https:\/\/www.goiania.go.gov.br\/arg\/wp-json\/wp\/v2\/comments?post=902"}],"version-history":[{"count":5,"href":"https:\/\/www.goiania.go.gov.br\/arg\/wp-json\/wp\/v2\/pages\/902\/revisions"}],"predecessor-version":[{"id":933,"href":"https:\/\/www.goiania.go.gov.br\/arg\/wp-json\/wp\/v2\/pages\/902\/revisions\/933"}],"up":[{"embeddable":true,"href":"https:\/\/www.goiania.go.gov.br\/arg\/wp-json\/wp\/v2\/pages\/332"}],"wp:attachment":[{"href":"https:\/\/www.goiania.go.gov.br\/arg\/wp-json\/wp\/v2\/media?parent=902"}],"curies":[{"name":"wp","href":"https:\/\/api.w.org\/{rel}","templated":true}]}}