{"id":804,"date":"2023-10-27T08:18:02","date_gmt":"2023-10-27T11:18:02","guid":{"rendered":"https:\/\/www.goiania.go.gov.br\/arg\/consultas-publicas\/consulta-publica-no-12-2023\/"},"modified":"2024-03-27T17:37:55","modified_gmt":"2024-03-27T20:37:55","slug":"consulta-publica-no-12-2023","status":"publish","type":"page","link":"https:\/\/www.goiania.go.gov.br\/arg\/consultas-publicas\/consulta-publica-no-12-2023\/","title":{"rendered":"Consulta P\u00fablica n\u00ba 012\/2023"},"content":{"rendered":"\n<h3 class=\"wp-block-heading\">Nota T\u00e9cnica<\/h3>\n\n\n\n<ul class=\"wp-block-list\">\n<li><a href=\"https:\/\/www.goiania.go.gov.br\/arg\/wp-content\/uploads\/sites\/19\/2023\/10\/Nota-Tecnica-Conjunta-no-5-2023-AGR-AR.pdf\">Nota T\u00e9cnica Conjunta n\u00ba 5\/2023 \u2013 AR\/AGR<\/a><\/li>\n<\/ul>\n\n\n\n<h3 class=\"wp-block-heading\">Relat\u00f3rios<\/h3>\n\n\n\n<ul class=\"wp-block-list\">\n<li><a href=\"https:\/\/www.goiania.go.gov.br\/arg\/wp-content\/uploads\/sites\/19\/2023\/10\/Realtorio-conjunto-no-4.2023-AR.AGR_.pdf\">Relat\u00f3rio Conjunto n\u00ba 4\/2023 \u2013 AR\/AGR<\/a><\/li>\n\n\n\n<li><a href=\"https:\/\/www.goiania.go.gov.br\/arg\/wp-content\/uploads\/sites\/19\/2024\/03\/Relatorio_Conjunto_no_08.2024___AR_AGR.pdf\">Relat\u00f3rio Conjunto n\u00b0 8\/2024 &#8211; AR\/AGR<\/a><\/li>\n<\/ul>\n\n\n\n<h3 class=\"wp-block-heading\">Minutas<\/h3>\n\n\n\n<ul class=\"wp-block-list\">\n<li><a href=\"https:\/\/www.goiania.go.gov.br\/arg\/wp-content\/uploads\/sites\/19\/2023\/10\/Minuta-Resolucao-Normativa.pdf\">Resolu\u00e7\u00e3o Normativa<\/a><\/li>\n<\/ul>\n\n\n\n<h3 class=\"wp-block-heading\">Formul\u00e1rios<\/h3>\n\n\n\n<ul class=\"wp-block-list\">\n<li><a href=\"https:\/\/www.goiania.go.gov.br\/arg\/wp-content\/uploads\/sites\/19\/2023\/10\/Formulario-de-contribuicao-Consulta-Publica-N\u00b012.2023.docx\">Formul\u00e1rio para contribui\u00e7\u00f5es<\/a><\/li>\n<\/ul>\n\n\n\n<h3 class=\"wp-block-heading\">Avisos<\/h3>\n\n\n\n<ul class=\"wp-block-list\">\n<li><a href=\"https:\/\/www.goiania.go.gov.br\/arg\/wp-content\/uploads\/sites\/19\/2023\/10\/Extrato-de-aviso.pdf\">Extrato&nbsp;de&nbsp;aviso<\/a><\/li>\n\n\n\n<li><a href=\"https:\/\/www.goiania.go.gov.br\/arg\/wp-content\/uploads\/sites\/19\/2023\/10\/Aviso-Diario-Oficial.pdf\">Aviso Di\u00e1rio Oficial<\/a><\/li>\n<\/ul>\n\n\n\n<h3 class=\"wp-block-heading\">Of\u00edcios<\/h3>\n\n\n\n<ul class=\"wp-block-list\">\n<li><a href=\"https:\/\/www.goiania.go.gov.br\/arg\/wp-content\/uploads\/sites\/19\/2023\/10\/SEI_2809661_Oficio_Titular_395-MP.pdf\">Of\u00edcio n\u00ba 395\/2023 \u2013 GAB\/AR \u2013 MP<\/a><\/li>\n\n\n\n<li><a href=\"https:\/\/www.goiania.go.gov.br\/arg\/wp-content\/uploads\/sites\/19\/2023\/10\/SEI_2809969_Oficio_Titular_396-PROCON-Goiania.pdf\">Of\u00edcio n\u00ba 396\/2023 \u2013 GAB\/AR \u2013 PROCON\/Goi\u00e2nia<\/a><\/li>\n\n\n\n<li><a href=\"https:\/\/www.goiania.go.gov.br\/arg\/wp-content\/uploads\/sites\/19\/2023\/10\/SEI_2810712_Oficio_Titular_397-PROCON-Goias.pdf\">Of\u00edcio n\u00ba 397\/2023 \u2013 GAB\/AR \u2013 PROCON\/Goi\u00e1s<\/a><\/li>\n\n\n\n<li><a href=\"https:\/\/www.goiania.go.gov.br\/arg\/wp-content\/uploads\/sites\/19\/2023\/10\/SEI_2813259_Oficio_Titular_398-SANEAGO.pdf\">Of\u00edcio n\u00ba 398\/2023 \u2013 GAB\/AR \u2013 SANEAGO<\/a><\/li>\n\n\n\n<li><a href=\"https:\/\/www.goiania.go.gov.br\/arg\/wp-content\/uploads\/sites\/19\/2023\/10\/SEI_2813319_Oficio_Titular_399-SEINFRA-Goias.pdf\">Of\u00edcio n\u00ba 399\/2023 \u2013 GAB\/AR \u2013 SEINFRA\/Goi\u00e1s<\/a><\/li>\n\n\n\n<li><a href=\"https:\/\/www.goiania.go.gov.br\/arg\/wp-content\/uploads\/sites\/19\/2023\/10\/SEI_2813475_Oficio_Titular_400-CREA-GO.pdf\">Of\u00edcio n\u00ba 400\/2023 \u2013 GAB\/AR \u2013 CREA\/Goi\u00e1s<\/a><\/li>\n\n\n\n<li><a href=\"https:\/\/www.goiania.go.gov.br\/arg\/wp-content\/uploads\/sites\/19\/2023\/10\/SEI_2813514_Oficio_Titular_401-SECOVI-GO.pdf\">Of\u00edcio n\u00ba 401\/2023 \u2013 GAB\/AR \u2013 SECOVI\/Goi\u00e1s<\/a><\/li>\n\n\n\n<li><a href=\"https:\/\/www.goiania.go.gov.br\/arg\/wp-content\/uploads\/sites\/19\/2023\/10\/SEI_2813565_Oficio_Titular_402-ADU-GO.pdf\">Of\u00edcio n\u00ba 402\/2023 \u2013 GAB\/AR \u2013 ADU\/Goi\u00e1s<\/a><\/li>\n\n\n\n<li><a href=\"https:\/\/www.goiania.go.gov.br\/arg\/wp-content\/uploads\/sites\/19\/2023\/10\/SEI_2813721_Oficio_Titular_403-CODESE.pdf\">Of\u00edcio n\u00ba 403\/2023 \u2013 GAB\/AR \u2013 CODESE\/Goi\u00e2nia<\/a><\/li>\n<\/ul>\n\n\n\n<h3 class=\"wp-block-heading\">Contribui\u00e7\u00f5es<\/h3>\n\n\n\n<ul class=\"wp-block-list\">\n<li><a href=\"https:\/\/www.goiania.go.gov.br\/arg\/wp-content\/uploads\/sites\/19\/2023\/12\/Contribuicoes-SANEAGO.pdf\">Contribui\u00e7\u00f5es SANEAGO<\/a><\/li>\n\n\n\n<li><a href=\"https:\/\/www.goiania.go.gov.br\/arg\/wp-content\/uploads\/sites\/19\/2023\/12\/Contribuicao-Forum-Goiano-de-Habitao.pdf\">Contribui\u00e7\u00f5es F\u00f3rum Goiano&nbsp;de&nbsp;Habita\u00e7\u00e3o<\/a><\/li>\n\n\n\n<li><a href=\"https:\/\/www.goiania.go.gov.br\/arg\/wp-content\/uploads\/sites\/19\/2023\/12\/Contribuicao-CREA-GO-1.pdf\">Contribui\u00e7\u00e3o CREA \u2013 GO 1<\/a><\/li>\n\n\n\n<li><a href=\"https:\/\/www.goiania.go.gov.br\/arg\/wp-content\/uploads\/sites\/19\/2023\/12\/Contribuicao-CREA-GO-2.pdf\">Contribui\u00e7\u00e3o&nbsp;CREA&nbsp;\u2013&nbsp;GO&nbsp;2<\/a><\/li>\n<\/ul>\n\n\n\n<p><\/p>\n","protected":false},"excerpt":{"rendered":"<p>Nota T\u00e9cnica Relat\u00f3rios Minutas Formul\u00e1rios Avisos Of\u00edcios Contribui\u00e7\u00f5es<\/p>\n","protected":false},"author":1,"featured_media":0,"parent":332,"menu_order":11,"comment_status":"closed","ping_status":"closed","template":"","meta":{"_acf_changed":false,"custom_icon_class":"","footnotes":""},"class_list":["post-804","page","type-page","status-publish","hentry"],"acf":[],"_links":{"self":[{"href":"https:\/\/www.goiania.go.gov.br\/arg\/wp-json\/wp\/v2\/pages\/804","targetHints":{"allow":["GET"]}}],"collection":[{"href":"https:\/\/www.goiania.go.gov.br\/arg\/wp-json\/wp\/v2\/pages"}],"about":[{"href":"https:\/\/www.goiania.go.gov.br\/arg\/wp-json\/wp\/v2\/types\/page"}],"author":[{"embeddable":true,"href":"https:\/\/www.goiania.go.gov.br\/arg\/wp-json\/wp\/v2\/users\/1"}],"replies":[{"embeddable":true,"href":"https:\/\/www.goiania.go.gov.br\/arg\/wp-json\/wp\/v2\/comments?post=804"}],"version-history":[{"count":9,"href":"https:\/\/www.goiania.go.gov.br\/arg\/wp-json\/wp\/v2\/pages\/804\/revisions"}],"predecessor-version":[{"id":866,"href":"https:\/\/www.goiania.go.gov.br\/arg\/wp-json\/wp\/v2\/pages\/804\/revisions\/866"}],"up":[{"embeddable":true,"href":"https:\/\/www.goiania.go.gov.br\/arg\/wp-json\/wp\/v2\/pages\/332"}],"wp:attachment":[{"href":"https:\/\/www.goiania.go.gov.br\/arg\/wp-json\/wp\/v2\/media?parent=804"}],"curies":[{"name":"wp","href":"https:\/\/api.w.org\/{rel}","templated":true}]}}