{"id":781,"date":"2023-07-18T17:39:17","date_gmt":"2023-07-18T20:39:17","guid":{"rendered":"https:\/\/www.goiania.go.gov.br\/arg\/?page_id=781"},"modified":"2023-08-16T11:07:40","modified_gmt":"2023-08-16T14:07:40","slug":"audiencia-publica-n-003-2023","status":"publish","type":"page","link":"https:\/\/www.goiania.go.gov.br\/arg\/audiencias-publicas\/audiencia-publica-n-003-2023\/","title":{"rendered":"Audi\u00eancia P\u00fablica n\u00b0 003\/2023"},"content":{"rendered":"\n<h3 class=\"wp-block-heading\">Aviso<\/h3>\n\n\n\n<ul class=\"wp-block-list\"><li><a href=\"https:\/\/www.goiania.go.gov.br\/arg\/wp-content\/uploads\/sites\/19\/2023\/07\/Aviso-Publicado-1.pdf\">Aviso Di\u00e1rio Oficial<\/a><\/li><\/ul>\n\n\n\n<h3 class=\"wp-block-heading\">Regulamento<\/h3>\n\n\n\n<ul class=\"wp-block-list\"><li><a href=\"https:\/\/www.goiania.go.gov.br\/arg\/wp-content\/uploads\/sites\/19\/2023\/08\/Regulamento.pdf\">Regulamento Audi\u00eancia P\u00fablica<\/a><\/li><\/ul>\n\n\n\n<h3 class=\"wp-block-heading\">Nota T\u00e9cnica<\/h3>\n\n\n\n<ul class=\"wp-block-list\"><li><a href=\"https:\/\/www.goiania.go.gov.br\/arg\/wp-content\/uploads\/sites\/19\/2023\/07\/SEI_49753157_Nota_Tecnica_Conjunta_5__3_-1.pdf\">Nota T\u00e9cnica Conjunta n\u00ba05\/2023 \u2013 AGR<\/a><\/li><\/ul>\n\n\n\n<h3 class=\"wp-block-heading\">Minutas<\/h3>\n\n\n\n<ul class=\"wp-block-list\"><li><a href=\"https:\/\/www.goiania.go.gov.br\/arg\/wp-content\/uploads\/sites\/19\/2023\/07\/Minuta___Proposta_Resolucao_Conjunta_18_A_AGR.AR_-1.pdf\">Minuta de Resolu\u00e7\u00e3o Normativa<\/a><\/li><\/ul>\n\n\n\n<h3 class=\"wp-block-heading\">Formul\u00e1rio<\/h3>\n\n\n\n<ul class=\"wp-block-list\"><li><a href=\"https:\/\/forms.gle\/vxu6JvV8outPARWg7\">Formul\u00e1rio de inscri\u00e7\u00e3o<\/a><\/li><\/ul>\n","protected":false},"excerpt":{"rendered":"<p>Aviso Aviso Di\u00e1rio Oficial Regulamento Regulamento Audi\u00eancia P\u00fablica Nota T\u00e9cnica Nota T\u00e9cnica Conjunta n\u00ba05\/2023 \u2013 AGR Minutas Minuta de Resolu\u00e7\u00e3o Normativa Formul\u00e1rio Formul\u00e1rio de inscri\u00e7\u00e3o<\/p>\n","protected":false},"author":1,"featured_media":0,"parent":604,"menu_order":2,"comment_status":"closed","ping_status":"closed","template":"","meta":{"_acf_changed":false,"custom_icon_class":"","footnotes":""},"class_list":["post-781","page","type-page","status-publish","hentry"],"acf":[],"_links":{"self":[{"href":"https:\/\/www.goiania.go.gov.br\/arg\/wp-json\/wp\/v2\/pages\/781","targetHints":{"allow":["GET"]}}],"collection":[{"href":"https:\/\/www.goiania.go.gov.br\/arg\/wp-json\/wp\/v2\/pages"}],"about":[{"href":"https:\/\/www.goiania.go.gov.br\/arg\/wp-json\/wp\/v2\/types\/page"}],"author":[{"embeddable":true,"href":"https:\/\/www.goiania.go.gov.br\/arg\/wp-json\/wp\/v2\/users\/1"}],"replies":[{"embeddable":true,"href":"https:\/\/www.goiania.go.gov.br\/arg\/wp-json\/wp\/v2\/comments?post=781"}],"version-history":[{"count":5,"href":"https:\/\/www.goiania.go.gov.br\/arg\/wp-json\/wp\/v2\/pages\/781\/revisions"}],"predecessor-version":[{"id":795,"href":"https:\/\/www.goiania.go.gov.br\/arg\/wp-json\/wp\/v2\/pages\/781\/revisions\/795"}],"up":[{"embeddable":true,"href":"https:\/\/www.goiania.go.gov.br\/arg\/wp-json\/wp\/v2\/pages\/604"}],"wp:attachment":[{"href":"https:\/\/www.goiania.go.gov.br\/arg\/wp-json\/wp\/v2\/media?parent=781"}],"curies":[{"name":"wp","href":"https:\/\/api.w.org\/{rel}","templated":true}]}}