{"id":671,"date":"2021-07-01T16:20:41","date_gmt":"2022-12-22T11:33:31","guid":{"rendered":"https:\/\/www.goiania.go.gov.br\/arg\/consultas-publicas\/consulta-publica-n-009-2022-2\/"},"modified":"2023-02-03T15:24:24","modified_gmt":"2023-02-03T18:24:24","slug":"consulta-publica-n-010-2022","status":"publish","type":"page","link":"https:\/\/www.goiania.go.gov.br\/arg\/consultas-publicas\/consulta-publica-n-010-2022\/","title":{"rendered":"Consulta P\u00fablica n\u00b0 010\/2022"},"content":{"rendered":"\n<h3 class=\"wp-block-heading\">Aviso<\/h3>\n\n\n\n<ul class=\"wp-block-list\"><li><a href=\"https:\/\/www.goiania.go.gov.br\/arg\/wp-content\/uploads\/sites\/19\/2022\/12\/Aviso-Cons.-Aud.-NT-Preliminar-no-06.2022.pdf\">Aviso Di\u00e1rio Oficial<\/a><\/li><\/ul>\n\n\n\n<h3 class=\"wp-block-heading\">Notas T\u00e9cnicas<\/h3>\n\n\n\n<ul class=\"wp-block-list\"><li><a href=\"https:\/\/www.goiania.go.gov.br\/arg\/wp-content\/uploads\/sites\/19\/2022\/12\/Nota-Tecnica-Conjunta-6-2022.pdf\">Nota T\u00e9cnica Conjunta n\u00b0 6\/2022- AR \/ AGR \/&nbsp;AMAE<\/a><\/li><li><a href=\"https:\/\/www.goiania.go.gov.br\/arg\/wp-content\/uploads\/sites\/19\/2023\/02\/Nota-Tencia-Conjunta-no-1.2023-AR-AGR-AMAE.pdf\">Nota T\u00e9cnica Conjunta n\u00ba 1\/2023 \u2013 AR\/AGR\/AMAE<\/a><\/li><\/ul>\n\n\n\n<h3 class=\"wp-block-heading\">Anexos<\/h3>\n\n\n\n<ul class=\"wp-block-list\"><li><a href=\"https:\/\/www.goiania.go.gov.br\/arg\/wp-content\/uploads\/sites\/19\/2023\/01\/Planilha-Calculo-IRT-2023-Consulta-Publica.xlsx\">Planilha<\/a><\/li><\/ul>\n\n\n\n<h3 class=\"wp-block-heading\">Of\u00edcios<\/h3>\n\n\n\n<ul class=\"wp-block-list\"><li><a href=\"https:\/\/www.goiania.go.gov.br\/arg\/wp-content\/uploads\/sites\/19\/2023\/01\/SEI_PMG-0828391-Oficio-Titular-296.pdf\">Of\u00edcio n\u00ba 296\/2022 \u2013 PROCON Goi\u00e2nia<\/a><\/li><li><a href=\"https:\/\/www.goiania.go.gov.br\/arg\/wp-content\/uploads\/sites\/19\/2023\/01\/SEI_PMG-0828534-Oficio-Titular-297-procon-goias.pdf\">Of\u00edcio n\u00ba 297\/2022 \u2013 PROCON Goi\u00e1s<\/a><\/li><li><a href=\"https:\/\/www.goiania.go.gov.br\/arg\/wp-content\/uploads\/sites\/19\/2023\/01\/SEI_PMG-0828534-Oficio-Titular-298-saneago.pdf\">Of\u00edcio n\u00ba 298\/2022 \u2013 SANEAGO<\/a><\/li><li><a href=\"https:\/\/www.goiania.go.gov.br\/arg\/wp-content\/uploads\/sites\/19\/2023\/01\/SEI_PMG-0828664-Oficio-Titular-299-mp.pdf\">Of\u00edcio n\u00ba 299\/2022 &#8211; MP<\/a><\/li><\/ul>\n\n\n\n<h3 class=\"wp-block-heading\">Contribui\u00e7\u00f5es<\/h3>\n\n\n\n<ul class=\"wp-block-list\"><li><a href=\"https:\/\/www.goiania.go.gov.br\/arg\/wp-content\/uploads\/sites\/19\/2023\/01\/Contribuicoes-SANEAGO.pdf\">Contribui\u00e7\u00e3o&nbsp;SANEAGO<\/a><\/li><\/ul>\n\n\n\n<h3 class=\"wp-block-heading\">Apresenta\u00e7\u00e3o<\/h3>\n\n\n\n<ul class=\"wp-block-list\"><li><a href=\"https:\/\/www.goiania.go.gov.br\/arg\/wp-content\/uploads\/sites\/19\/2023\/01\/Apresentacao-Audiencia-Reajuste-Tarifario-AR-AGR-16-01-23.pdf\">Apresenta\u00e7\u00e3o Audi\u00eancia Reajuste Tarif\u00e1rio &#8211; AR-AGR &#8211; 16-01-23<\/a><\/li><\/ul>\n\n\n\n<h3 class=\"wp-block-heading\">Relat\u00f3rios<\/h3>\n\n\n\n<ul class=\"wp-block-list\"><li><a href=\"https:\/\/www.goiania.go.gov.br\/arg\/wp-content\/uploads\/sites\/19\/2023\/02\/Relatorio-Conjunto-no-1.2023-AR-AGR-AMAE.pdf\">Relat\u00f3rio Conjunto n\u00ba 1\/2023&nbsp;\u2013&nbsp;Ar\/AGR\/AMAE<\/a><\/li><\/ul>\n\n\n\n<p><\/p>\n","protected":false},"excerpt":{"rendered":"<p>Aviso Aviso Di\u00e1rio Oficial Notas T\u00e9cnicas Nota T\u00e9cnica Conjunta n\u00b0 6\/2022- AR \/ AGR \/&nbsp;AMAE Nota T\u00e9cnica Conjunta n\u00ba 1\/2023 \u2013 AR\/AGR\/AMAE Anexos Planilha Of\u00edcios Of\u00edcio n\u00ba 296\/2022 \u2013 PROCON Goi\u00e2nia Of\u00edcio n\u00ba 297\/2022 \u2013 PROCON Goi\u00e1s Of\u00edcio n\u00ba 298\/2022 \u2013 SANEAGO Of\u00edcio n\u00ba 299\/2022 &#8211; MP Contribui\u00e7\u00f5es Contribui\u00e7\u00e3o&nbsp;SANEAGO Apresenta\u00e7\u00e3o Apresenta\u00e7\u00e3o Audi\u00eancia Reajuste Tarif\u00e1rio &#8211; [&hellip;]<\/p>\n","protected":false},"author":1,"featured_media":0,"parent":332,"menu_order":9,"comment_status":"closed","ping_status":"closed","template":"","meta":{"_acf_changed":false,"custom_icon_class":"","footnotes":""},"class_list":["post-671","page","type-page","status-publish","hentry"],"acf":[],"_links":{"self":[{"href":"https:\/\/www.goiania.go.gov.br\/arg\/wp-json\/wp\/v2\/pages\/671","targetHints":{"allow":["GET"]}}],"collection":[{"href":"https:\/\/www.goiania.go.gov.br\/arg\/wp-json\/wp\/v2\/pages"}],"about":[{"href":"https:\/\/www.goiania.go.gov.br\/arg\/wp-json\/wp\/v2\/types\/page"}],"author":[{"embeddable":true,"href":"https:\/\/www.goiania.go.gov.br\/arg\/wp-json\/wp\/v2\/users\/1"}],"replies":[{"embeddable":true,"href":"https:\/\/www.goiania.go.gov.br\/arg\/wp-json\/wp\/v2\/comments?post=671"}],"version-history":[{"count":9,"href":"https:\/\/www.goiania.go.gov.br\/arg\/wp-json\/wp\/v2\/pages\/671\/revisions"}],"predecessor-version":[{"id":728,"href":"https:\/\/www.goiania.go.gov.br\/arg\/wp-json\/wp\/v2\/pages\/671\/revisions\/728"}],"up":[{"embeddable":true,"href":"https:\/\/www.goiania.go.gov.br\/arg\/wp-json\/wp\/v2\/pages\/332"}],"wp:attachment":[{"href":"https:\/\/www.goiania.go.gov.br\/arg\/wp-json\/wp\/v2\/media?parent=671"}],"curies":[{"name":"wp","href":"https:\/\/api.w.org\/{rel}","templated":true}]}}