{"id":635,"date":"2021-07-01T16:20:41","date_gmt":"2022-11-25T15:47:42","guid":{"rendered":"https:\/\/www.goiania.go.gov.br\/arg\/consultas-publicas\/consulta-publica-n-008-2022-2\/"},"modified":"2022-11-25T12:55:14","modified_gmt":"2022-11-25T15:55:14","slug":"consulta-publica-n-009-2022","status":"publish","type":"page","link":"https:\/\/www.goiania.go.gov.br\/arg\/consultas-publicas\/consulta-publica-n-009-2022\/","title":{"rendered":"Consulta P\u00fablica n\u00b0 009\/2022"},"content":{"rendered":"\n<h3 class=\"wp-block-heading\">Of\u00edcios<\/h3>\n\n\n\n<ul class=\"wp-block-list\"><li><a href=\"https:\/\/www.goiania.go.gov.br\/arg\/wp-content\/uploads\/sites\/19\/2022\/11\/Oficio-no-230.2022-SANEAGO.pdf\">Of\u00edcio n\u00ba 230\/2022 \u2013 SANEAGO<\/a><\/li><li><a href=\"https:\/\/www.goiania.go.gov.br\/arg\/wp-content\/uploads\/sites\/19\/2022\/11\/Oficio-no-231.2022-PROCON-Goias.pdf\">Of\u00edcio n\u00ba 231\/2022 \u2013 PROCON Goi\u00e1s<\/a><\/li><li><a href=\"https:\/\/www.goiania.go.gov.br\/arg\/wp-content\/uploads\/sites\/19\/2022\/11\/Oficio-no-232.2022-PROCON-Goiania.pdf\">Of\u00edcio n\u00ba 232\/2022 \u2013 PROCON Goi\u00e2nia<\/a><\/li><li><a href=\"https:\/\/www.goiania.go.gov.br\/arg\/wp-content\/uploads\/sites\/19\/2022\/11\/Oficio-no-233.2022-MP.pdf\">Of\u00edcio n\u00ba 233\/2022 \u2013 MP<\/a><\/li><\/ul>\n\n\n\n<h3 class=\"wp-block-heading\">Avisos<\/h3>\n\n\n\n<ul class=\"wp-block-list\"><li><a href=\"https:\/\/www.goiania.go.gov.br\/arg\/wp-content\/uploads\/sites\/19\/2022\/11\/Aviso-Diario-Oficial.pdf\">Aviso Di\u00e1rio Oficial<\/a><\/li><\/ul>\n\n\n\n<h3 class=\"wp-block-heading\">Minutas<\/h3>\n\n\n\n<ul class=\"wp-block-list\"><li><a href=\"https:\/\/www.goiania.go.gov.br\/arg\/wp-content\/uploads\/sites\/19\/2022\/11\/Resolucao-Normativa-noxx-2022-CGR-Regulamenta-o-artigo-18-A-da-Lei-11.445.2007.docx.pdf\">Minuta de Resolu\u00e7\u00e3o Normativa<\/a><\/li><\/ul>\n\n\n\n<h3 class=\"wp-block-heading\">Formul\u00e1rios<\/h3>\n\n\n\n<ul class=\"wp-block-list\"><li><a href=\"https:\/\/www.goiania.go.gov.br\/arg\/wp-content\/uploads\/sites\/19\/2022\/11\/Formulario-para-participacao-1.docx\">Formul\u00e1rios para\u00a0participa\u00e7\u00e3o<\/a><\/li><\/ul>\n","protected":false},"excerpt":{"rendered":"<p>Of\u00edcios Of\u00edcio n\u00ba 230\/2022 \u2013 SANEAGO Of\u00edcio n\u00ba 231\/2022 \u2013 PROCON Goi\u00e1s Of\u00edcio n\u00ba 232\/2022 \u2013 PROCON Goi\u00e2nia Of\u00edcio n\u00ba 233\/2022 \u2013 MP Avisos Aviso Di\u00e1rio Oficial Minutas Minuta de Resolu\u00e7\u00e3o Normativa Formul\u00e1rios Formul\u00e1rios para\u00a0participa\u00e7\u00e3o<\/p>\n","protected":false},"author":1,"featured_media":0,"parent":332,"menu_order":8,"comment_status":"closed","ping_status":"closed","template":"","meta":{"_acf_changed":false,"custom_icon_class":"","footnotes":""},"class_list":["post-635","page","type-page","status-publish","hentry"],"acf":[],"_links":{"self":[{"href":"https:\/\/www.goiania.go.gov.br\/arg\/wp-json\/wp\/v2\/pages\/635","targetHints":{"allow":["GET"]}}],"collection":[{"href":"https:\/\/www.goiania.go.gov.br\/arg\/wp-json\/wp\/v2\/pages"}],"about":[{"href":"https:\/\/www.goiania.go.gov.br\/arg\/wp-json\/wp\/v2\/types\/page"}],"author":[{"embeddable":true,"href":"https:\/\/www.goiania.go.gov.br\/arg\/wp-json\/wp\/v2\/users\/1"}],"replies":[{"embeddable":true,"href":"https:\/\/www.goiania.go.gov.br\/arg\/wp-json\/wp\/v2\/comments?post=635"}],"version-history":[{"count":4,"href":"https:\/\/www.goiania.go.gov.br\/arg\/wp-json\/wp\/v2\/pages\/635\/revisions"}],"predecessor-version":[{"id":646,"href":"https:\/\/www.goiania.go.gov.br\/arg\/wp-json\/wp\/v2\/pages\/635\/revisions\/646"}],"up":[{"embeddable":true,"href":"https:\/\/www.goiania.go.gov.br\/arg\/wp-json\/wp\/v2\/pages\/332"}],"wp:attachment":[{"href":"https:\/\/www.goiania.go.gov.br\/arg\/wp-json\/wp\/v2\/media?parent=635"}],"curies":[{"name":"wp","href":"https:\/\/api.w.org\/{rel}","templated":true}]}}