{"id":594,"date":"2022-11-10T11:21:28","date_gmt":"2022-11-10T14:21:28","guid":{"rendered":"https:\/\/www.goiania.go.gov.br\/arg\/consultas-publicas\/consulta-publica-n-008-2022\/"},"modified":"2023-01-17T17:15:40","modified_gmt":"2023-01-17T20:15:40","slug":"consulta-publica-n-008-2022","status":"publish","type":"page","link":"https:\/\/www.goiania.go.gov.br\/arg\/consultas-publicas\/consulta-publica-n-008-2022\/","title":{"rendered":"Consulta P\u00fablica n\u00b0 008\/2022"},"content":{"rendered":"\n<h3 class=\"wp-block-heading\">Avisos<\/h3>\n\n\n\n<ul class=\"wp-block-list\"><li><a href=\"https:\/\/www.goiania.go.gov.br\/arg\/wp-content\/uploads\/sites\/19\/2022\/11\/Aviso-Consulta-Audiencia-Componente-Q.pdf\">Aviso Di\u00e1rio Oficial do Munic\u00edpio<\/a><\/li><li><a href=\"https:\/\/www.goiania.go.gov.br\/arg\/wp-content\/uploads\/sites\/19\/2022\/12\/Aviso-alteracao-de-data-da-Audiencia..pdf\">Aviso \u2013 Altera\u00e7\u00e3o data audi\u00eancia P\u00fablica<\/a><\/li><\/ul>\n\n\n\n<h3 class=\"wp-block-heading\">Of\u00edcios<\/h3>\n\n\n\n<ul class=\"wp-block-list\"><li><a href=\"https:\/\/www.goiania.go.gov.br\/arg\/wp-content\/uploads\/sites\/19\/2022\/11\/SEI_PMG-0632004-Oficio-Titular.pdf\">Of\u00edcio n\u00ba 218\/20222 \u2013 Minist\u00e9rio P\u00fablico<\/a><\/li><li><a href=\"https:\/\/www.goiania.go.gov.br\/arg\/wp-content\/uploads\/sites\/19\/2022\/11\/Oficio-no-219.2022-PROCON-Goias.pdf\">Of\u00edcio n\u00ba 219\/2022 \u2013 PROCON Goi\u00e1s<\/a><\/li><li><a href=\"https:\/\/www.goiania.go.gov.br\/arg\/wp-content\/uploads\/sites\/19\/2022\/11\/Oficio-no-220.2022-PROCON-Goiania.pdf\">Of\u00edcio n\u00ba 220\/2022 \u2013 PROCON Goi\u00e2nia<\/a><\/li><li><a href=\"https:\/\/www.goiania.go.gov.br\/arg\/wp-content\/uploads\/sites\/19\/2022\/11\/Oficio-no-221.2022-SANEAGO.pdf\">Of\u00edcio n\u00ba 221\/2022&nbsp;\u2013&nbsp;SANEAGO<\/a><\/li><li><a href=\"https:\/\/www.goiania.go.gov.br\/arg\/wp-content\/uploads\/sites\/19\/2022\/12\/Oficio-no-256.2022-MP.pdf\">Of\u00edcio n\u00ba 256\/2022 \u2013 MP<\/a><\/li><li><a href=\"https:\/\/www.goiania.go.gov.br\/arg\/wp-content\/uploads\/sites\/19\/2022\/12\/Oficio-no-257.2022-PROCON-Goias.pdf\">Of\u00edcio n\u00ba 257\/2022 \u2013 PROCON Goi\u00e1s<\/a><\/li><li><a href=\"https:\/\/www.goiania.go.gov.br\/arg\/wp-content\/uploads\/sites\/19\/2022\/12\/Oficio-no-258.2022-PROCON-Goiania.pdf\">Of\u00edcio n\u00ba 258\/2022 \u2013 PROCON Goi\u00e2nia<\/a><\/li><li><a href=\"https:\/\/www.goiania.go.gov.br\/arg\/wp-content\/uploads\/sites\/19\/2022\/12\/Oficio-no-259.2022-SANEAGO.pdf\">Of\u00edcio n\u00ba 259\/2022 \u2013 SANEAGO<\/a><\/li><\/ul>\n\n\n\n<h3 class=\"wp-block-heading\">Notas T\u00e9cnicas<\/h3>\n\n\n\n<ul class=\"wp-block-list\"><li><a href=\"https:\/\/www.goiania.go.gov.br\/arg\/wp-content\/uploads\/sites\/19\/2022\/11\/Nota-Tecnica-Conjunta-5-2022-AGR-AR-AMAE.pdf\">Nota T\u00e9cnica Conjunta 5-2022 AGR-AR-AMAE<\/a><\/li><li><a href=\"https:\/\/www.goiania.go.gov.br\/arg\/wp-content\/uploads\/sites\/19\/2023\/01\/Nota-Tecnica-Conjunta-no-7.-2022-AGR-AR-AMAE.pdf\">Nota T\u00e9cnica Conjunta n\u00ba 7\/2022 \u2013 AR\/AGR\/AMAE<\/a><\/li><\/ul>\n\n\n\n<h3 class=\"wp-block-heading\">Anexos<\/h3>\n\n\n\n<ul class=\"wp-block-list\"><li><a href=\"https:\/\/www.goiania.go.gov.br\/arg\/wp-content\/uploads\/sites\/19\/2022\/11\/Anexo-Nota-Tecnica-Conjunta-no-5-2022-Indicadores-Fator-Q-2012-a-2021-1.xlsx\">Anexo Nota T\u00e9cnica Conjunta n\u00ba 5-2022 &#8211; Indicadores Fator Q &#8211; 2012 a 2021<\/a><\/li><\/ul>\n\n\n\n<h3 class=\"wp-block-heading\">Formul\u00e1rios<\/h3>\n\n\n\n<ul class=\"wp-block-list\"><li><a href=\"https:\/\/www.goiania.go.gov.br\/arg\/wp-content\/uploads\/sites\/19\/2022\/11\/Formulario-para-participacao.docx\">Formul\u00e1rio para participa\u00e7\u00e3o<\/a><\/li><\/ul>\n\n\n\n<h3 class=\"wp-block-heading\">Contribui\u00e7\u00f5es<\/h3>\n\n\n\n<ul class=\"wp-block-list\"><li><a href=\"https:\/\/www.goiania.go.gov.br\/arg\/wp-content\/uploads\/sites\/19\/2022\/12\/Gmail-Consulta-Publica-no-08_2022.pdf\">E-mail SANEAGO<\/a><\/li><li><a href=\"https:\/\/www.goiania.go.gov.br\/arg\/wp-content\/uploads\/sites\/19\/2022\/12\/Contribuicoes-SANEAGO.pdf\">Contribui\u00e7\u00e3o SANEAGO<\/a><\/li><li><a href=\"https:\/\/www.goiania.go.gov.br\/arg\/wp-content\/uploads\/sites\/19\/2022\/12\/Anexo-Contribuicao-SANEAGO.xlsx\">Anexo \u2013 Contribui\u00e7\u00e3o&nbsp;SANEAGO<\/a><\/li><li><a href=\"https:\/\/www.goiania.go.gov.br\/arg\/wp-content\/uploads\/sites\/19\/2022\/12\/Contribuicoes-ARM.pdf\">Contribui\u00e7\u00e3o&nbsp;ARM<\/a><\/li><\/ul>\n\n\n\n<h3 class=\"wp-block-heading\">Apresenta\u00e7\u00e3o<\/h3>\n\n\n\n<ul class=\"wp-block-list\"><li><a href=\"https:\/\/www.goiania.go.gov.br\/arg\/wp-content\/uploads\/sites\/19\/2022\/12\/Apresentacao-Audiencia-Fator-Q-Versao-2.pdf\">Metodologia do \u00cdndice Geral de Qualidade<\/a><\/li><\/ul>\n\n\n\n<h3 class=\"wp-block-heading\">Atas<\/h3>\n\n\n\n<ul class=\"wp-block-list\"><li><a href=\"https:\/\/www.goiania.go.gov.br\/arg\/wp-content\/uploads\/sites\/19\/2023\/01\/Ata-24o-Reuniao-do-CGR.pdf\">Ata 24\u00ba Reuni\u00e3o do CGR<\/a><\/li><\/ul>\n\n\n\n<p><\/p>\n","protected":false},"excerpt":{"rendered":"<p>Avisos Aviso Di\u00e1rio Oficial do Munic\u00edpio Aviso \u2013 Altera\u00e7\u00e3o data audi\u00eancia P\u00fablica Of\u00edcios Of\u00edcio n\u00ba 218\/20222 \u2013 Minist\u00e9rio P\u00fablico Of\u00edcio n\u00ba 219\/2022 \u2013 PROCON Goi\u00e1s Of\u00edcio n\u00ba 220\/2022 \u2013 PROCON Goi\u00e2nia Of\u00edcio n\u00ba 221\/2022&nbsp;\u2013&nbsp;SANEAGO Of\u00edcio n\u00ba 256\/2022 \u2013 MP Of\u00edcio n\u00ba 257\/2022 \u2013 PROCON Goi\u00e1s Of\u00edcio n\u00ba 258\/2022 \u2013 PROCON Goi\u00e2nia Of\u00edcio n\u00ba 259\/2022 \u2013 [&hellip;]<\/p>\n","protected":false},"author":1,"featured_media":0,"parent":332,"menu_order":7,"comment_status":"closed","ping_status":"closed","template":"","meta":{"_acf_changed":false,"custom_icon_class":"","footnotes":""},"class_list":["post-594","page","type-page","status-publish","hentry"],"acf":[],"_links":{"self":[{"href":"https:\/\/www.goiania.go.gov.br\/arg\/wp-json\/wp\/v2\/pages\/594","targetHints":{"allow":["GET"]}}],"collection":[{"href":"https:\/\/www.goiania.go.gov.br\/arg\/wp-json\/wp\/v2\/pages"}],"about":[{"href":"https:\/\/www.goiania.go.gov.br\/arg\/wp-json\/wp\/v2\/types\/page"}],"author":[{"embeddable":true,"href":"https:\/\/www.goiania.go.gov.br\/arg\/wp-json\/wp\/v2\/users\/1"}],"replies":[{"embeddable":true,"href":"https:\/\/www.goiania.go.gov.br\/arg\/wp-json\/wp\/v2\/comments?post=594"}],"version-history":[{"count":10,"href":"https:\/\/www.goiania.go.gov.br\/arg\/wp-json\/wp\/v2\/pages\/594\/revisions"}],"predecessor-version":[{"id":696,"href":"https:\/\/www.goiania.go.gov.br\/arg\/wp-json\/wp\/v2\/pages\/594\/revisions\/696"}],"up":[{"embeddable":true,"href":"https:\/\/www.goiania.go.gov.br\/arg\/wp-json\/wp\/v2\/pages\/332"}],"wp:attachment":[{"href":"https:\/\/www.goiania.go.gov.br\/arg\/wp-json\/wp\/v2\/media?parent=594"}],"curies":[{"name":"wp","href":"https:\/\/api.w.org\/{rel}","templated":true}]}}