{"id":562,"date":"2021-07-01T16:20:41","date_gmt":"2022-09-23T12:09:29","guid":{"rendered":"https:\/\/www.goiania.go.gov.br\/arg\/consultas-publicas\/consulta-publica-n-006-2022-2\/"},"modified":"2023-02-10T09:26:10","modified_gmt":"2023-02-10T12:26:10","slug":"consulta-publica-n-007-2022","status":"publish","type":"page","link":"https:\/\/www.goiania.go.gov.br\/arg\/consultas-publicas\/consulta-publica-n-007-2022\/","title":{"rendered":"Consulta P\u00fablica n\u00b0 007\/2022"},"content":{"rendered":"\n<h2 class=\"wp-block-heading\">Of\u00edcios<\/h2>\n\n\n\n<p><a href=\"https:\/\/www.goiania.go.gov.br\/arg\/wp-content\/uploads\/sites\/19\/2022\/09\/Oficio-No-147-2022-AR.pdf\">Of\u00edcio n\u00ba 147\/2022 \u2013 Minist\u00e9rio P\u00fablico<\/a><br><a href=\"https:\/\/www.goiania.go.gov.br\/arg\/wp-content\/uploads\/sites\/19\/2022\/09\/Oficio-No-148-2022-AR.pdf\">Of\u00edcio n\u00ba 148\/2022 \u2013 PROCON Goi\u00e1s<\/a><br><a href=\"https:\/\/www.goiania.go.gov.br\/arg\/wp-content\/uploads\/sites\/19\/2022\/09\/Oficio-No-149-2022-AR.pdf\">Of\u00edcio n\u0665 149\/2022 \u2013 SANEAGO<\/a><br><a href=\"https:\/\/www.goiania.go.gov.br\/arg\/wp-content\/uploads\/sites\/19\/2022\/09\/Oficio-no-150.2022-PROCON-Goiania.pdf\">Of\u00edcio n\u00ba 150\/2022 \u2013 PROCON Goi\u00e2nia<\/a><\/p>\n\n\n\n<h2 class=\"wp-block-heading\">Avisos<\/h2>\n\n\n\n<p><a href=\"https:\/\/www.goiania.go.gov.br\/arg\/wp-content\/uploads\/sites\/19\/2022\/09\/Aviso-Diario-Oficial-Consulta-Publica-no-007.2022.pdf\">Aviso Di\u00e1rio Oficial do Munic\u00edpio<\/a><\/p>\n\n\n\n<h2 class=\"wp-block-heading\">Minutas<\/h2>\n\n\n\n<p><a href=\"https:\/\/www.goiania.go.gov.br\/arg\/wp-content\/uploads\/sites\/19\/2022\/09\/Resolucao-Normativa-no-XX-2022-CGR-Politica-de-Ligacao-de-agua.docx.pdf\">Minuta de Resolu\u00e7\u00e3o<\/a><\/p>\n\n\n\n<h2 class=\"wp-block-heading\">Nota T\u00e9cnica<\/h2>\n\n\n\n<p><a href=\"https:\/\/www.goiania.go.gov.br\/arg\/wp-content\/uploads\/sites\/19\/2022\/09\/NOTA-TECNICA-No-1-2022-GERCPAP-GERCONT-DIRREG-AR.pdf\">Nota T\u00e9cnica n\u00ba 001\/2022 \u2013 DIRREG\/AR<\/a><\/p>\n\n\n\n<h2 class=\"wp-block-heading\">Formul\u00e1rios<\/h2>\n\n\n\n<p><a href=\"https:\/\/www.goiania.go.gov.br\/arg\/wp-content\/uploads\/sites\/19\/2022\/09\/Formulario-de-contribuicao-Consulta-Publica-n\u00b0007.2022-Politica-de-Ligacao-de-Agua.docx\">Formul\u00e1rio para contribui\u00e7\u00f5es<\/a><\/p>\n\n\n\n<h2 class=\"wp-block-heading\">Contribui\u00e7\u00f5es<\/h2>\n\n\n\n<p><a href=\"https:\/\/www.goiania.go.gov.br\/arg\/wp-content\/uploads\/sites\/19\/2022\/10\/Contribuicoes-SANEAGO.pdf\">Contribui\u00e7\u00e3o Saneago<\/a><\/p>\n\n\n\n<h2 class=\"wp-block-heading\">Relat\u00f3rios<\/h2>\n\n\n\n<p><a href=\"https:\/\/www.goiania.go.gov.br\/arg\/wp-content\/uploads\/sites\/19\/2023\/02\/Relatiro-no-14.2023-DIRREG.pdf\">Relat\u00f3rio n\u00ba 14\/2023\u00a0&#8211;\u00a0DIRREG<\/a><\/p>\n","protected":false},"excerpt":{"rendered":"<p>Of\u00edcios Of\u00edcio n\u00ba 147\/2022 \u2013 Minist\u00e9rio P\u00fablicoOf\u00edcio n\u00ba 148\/2022 \u2013 PROCON Goi\u00e1sOf\u00edcio n\u0665 149\/2022 \u2013 SANEAGOOf\u00edcio n\u00ba 150\/2022 \u2013 PROCON Goi\u00e2nia Avisos Aviso Di\u00e1rio Oficial do Munic\u00edpio Minutas Minuta de Resolu\u00e7\u00e3o Nota T\u00e9cnica Nota T\u00e9cnica n\u00ba 001\/2022 \u2013 DIRREG\/AR Formul\u00e1rios Formul\u00e1rio para contribui\u00e7\u00f5es Contribui\u00e7\u00f5es Contribui\u00e7\u00e3o Saneago Relat\u00f3rios Relat\u00f3rio n\u00ba 14\/2023\u00a0&#8211;\u00a0DIRREG<\/p>\n","protected":false},"author":1,"featured_media":0,"parent":332,"menu_order":6,"comment_status":"closed","ping_status":"closed","template":"","meta":{"_acf_changed":false,"custom_icon_class":"","footnotes":""},"class_list":["post-562","page","type-page","status-publish","hentry"],"acf":[],"_links":{"self":[{"href":"https:\/\/www.goiania.go.gov.br\/arg\/wp-json\/wp\/v2\/pages\/562","targetHints":{"allow":["GET"]}}],"collection":[{"href":"https:\/\/www.goiania.go.gov.br\/arg\/wp-json\/wp\/v2\/pages"}],"about":[{"href":"https:\/\/www.goiania.go.gov.br\/arg\/wp-json\/wp\/v2\/types\/page"}],"author":[{"embeddable":true,"href":"https:\/\/www.goiania.go.gov.br\/arg\/wp-json\/wp\/v2\/users\/1"}],"replies":[{"embeddable":true,"href":"https:\/\/www.goiania.go.gov.br\/arg\/wp-json\/wp\/v2\/comments?post=562"}],"version-history":[{"count":5,"href":"https:\/\/www.goiania.go.gov.br\/arg\/wp-json\/wp\/v2\/pages\/562\/revisions"}],"predecessor-version":[{"id":735,"href":"https:\/\/www.goiania.go.gov.br\/arg\/wp-json\/wp\/v2\/pages\/562\/revisions\/735"}],"up":[{"embeddable":true,"href":"https:\/\/www.goiania.go.gov.br\/arg\/wp-json\/wp\/v2\/pages\/332"}],"wp:attachment":[{"href":"https:\/\/www.goiania.go.gov.br\/arg\/wp-json\/wp\/v2\/media?parent=562"}],"curies":[{"name":"wp","href":"https:\/\/api.w.org\/{rel}","templated":true}]}}