{"id":542,"date":"2021-07-01T16:20:41","date_gmt":"2022-09-15T13:45:45","guid":{"rendered":"https:\/\/www.goiania.go.gov.br\/arg\/consultas-publicas\/consulta-publica-n-005-2022-2\/"},"modified":"2022-10-06T13:14:31","modified_gmt":"2022-10-06T16:14:31","slug":"consulta-publica-n-006-2022","status":"publish","type":"page","link":"https:\/\/www.goiania.go.gov.br\/arg\/consultas-publicas\/consulta-publica-n-006-2022\/","title":{"rendered":"Consulta P\u00fablica n\u00b0 006\/2022"},"content":{"rendered":"\n<h2 class=\"wp-block-heading\">Of\u00edcios<\/h2>\n\n\n\n<ul class=\"wp-block-list\"><li><a href=\"https:\/\/www.goiania.go.gov.br\/arg\/wp-content\/uploads\/sites\/19\/2022\/09\/SEI_0398867_Oficio_Titular_140-SANEAGO.pdf\">Of\u00edcio n\u00ba 140\/2022 \u2013 Saneamento de Goi\u00e1s<\/a><\/li><li><a href=\"https:\/\/www.goiania.go.gov.br\/arg\/wp-content\/uploads\/sites\/19\/2022\/09\/SEI_0399016_Oficio_Titular_141-PROCON-Goias.pdf\">Of\u00edcio n\u00ba 141\/2022 \u2013 PROCON Goi\u00e1s<\/a><\/li><li><a href=\"https:\/\/www.goiania.go.gov.br\/arg\/wp-content\/uploads\/sites\/19\/2022\/09\/SEI_0399111_Oficio_Titular_142-MP.pdf\">Of\u00edcio n\u00ba 142\/2022 \u2013 Minist\u00e9rio P\u00fablico do Estado de Goi\u00e1s<\/a><\/li><li><a href=\"https:\/\/www.goiania.go.gov.br\/arg\/wp-content\/uploads\/sites\/19\/2022\/09\/SEI_0399436_Oficio_Titular_144-PROCON-Goiania.pdf\">Of\u00edcio n\u00ba 144\/2022 \u2013 PROCON Goi\u00e2nia<\/a><\/li><\/ul>\n\n\n\n<h2 class=\"wp-block-heading\">Avisos<\/h2>\n\n\n\n<ul class=\"wp-block-list\"><li><a href=\"https:\/\/www.goiania.go.gov.br\/arg\/wp-content\/uploads\/sites\/19\/2022\/09\/Aviso-Consulta-Publica-no-0062022-Contrato-de-Adesao.pdf\">Aviso Consulta P\u00fablica n\u00ba 006\/2022<\/a><\/li><li><a href=\"https:\/\/www.goiania.go.gov.br\/arg\/wp-content\/uploads\/sites\/19\/2022\/09\/Aviso-assinado-Consulta-Publica-No-006.pdf\">Aviso Consulta P\u00fablica n\u00ba 006\/2022 \u2013 Di\u00e1rio Oficial<\/a><\/li><\/ul>\n\n\n\n<h2 class=\"wp-block-heading\">Minutas<\/h2>\n\n\n\n<ul class=\"wp-block-list\"><li><a href=\"https:\/\/www.goiania.go.gov.br\/arg\/wp-content\/uploads\/sites\/19\/2022\/09\/7-Resolucao-Normativa-noxx-2022-CGR-Homologa-o-Contrato-de-Adesao.docx.pdf\">Minuta de Resolu\u00e7\u00e3o<\/a><\/li><\/ul>\n\n\n\n<h2 class=\"wp-block-heading\">Formul\u00e1rios<\/h2>\n\n\n\n<ul class=\"wp-block-list\"><li><a href=\"https:\/\/www.goiania.go.gov.br\/arg\/wp-content\/uploads\/sites\/19\/2022\/09\/Formulario-de-contribuicao-Consulta-Publica-N\u00b006.2022-Contrato-de-Adesao.docx\">Formul\u00e1rio para participa\u00e7\u00e3o<\/a><\/li><\/ul>\n\n\n\n<h2 class=\"wp-block-heading\">Contribui\u00e7\u00f5es<\/h2>\n\n\n\n<ul class=\"wp-block-list\"><li><a href=\"https:\/\/www.goiania.go.gov.br\/arg\/wp-content\/uploads\/sites\/19\/2022\/10\/Contribuicao-Saneamento-de-Goias.pdf\">Contribui\u00e7\u00e3o SANEAGO<\/a><\/li><\/ul>\n","protected":false},"excerpt":{"rendered":"<p>Of\u00edcios Of\u00edcio n\u00ba 140\/2022 \u2013 Saneamento de Goi\u00e1s Of\u00edcio n\u00ba 141\/2022 \u2013 PROCON Goi\u00e1s Of\u00edcio n\u00ba 142\/2022 \u2013 Minist\u00e9rio P\u00fablico do Estado de Goi\u00e1s Of\u00edcio n\u00ba 144\/2022 \u2013 PROCON Goi\u00e2nia Avisos Aviso Consulta P\u00fablica n\u00ba 006\/2022 Aviso Consulta P\u00fablica n\u00ba 006\/2022 \u2013 Di\u00e1rio Oficial Minutas Minuta de Resolu\u00e7\u00e3o Formul\u00e1rios Formul\u00e1rio para participa\u00e7\u00e3o Contribui\u00e7\u00f5es Contribui\u00e7\u00e3o SANEAGO<\/p>\n","protected":false},"author":1,"featured_media":0,"parent":332,"menu_order":5,"comment_status":"closed","ping_status":"closed","template":"","meta":{"_acf_changed":false,"custom_icon_class":"","footnotes":""},"class_list":["post-542","page","type-page","status-publish","hentry"],"acf":[],"_links":{"self":[{"href":"https:\/\/www.goiania.go.gov.br\/arg\/wp-json\/wp\/v2\/pages\/542","targetHints":{"allow":["GET"]}}],"collection":[{"href":"https:\/\/www.goiania.go.gov.br\/arg\/wp-json\/wp\/v2\/pages"}],"about":[{"href":"https:\/\/www.goiania.go.gov.br\/arg\/wp-json\/wp\/v2\/types\/page"}],"author":[{"embeddable":true,"href":"https:\/\/www.goiania.go.gov.br\/arg\/wp-json\/wp\/v2\/users\/1"}],"replies":[{"embeddable":true,"href":"https:\/\/www.goiania.go.gov.br\/arg\/wp-json\/wp\/v2\/comments?post=542"}],"version-history":[{"count":4,"href":"https:\/\/www.goiania.go.gov.br\/arg\/wp-json\/wp\/v2\/pages\/542\/revisions"}],"predecessor-version":[{"id":579,"href":"https:\/\/www.goiania.go.gov.br\/arg\/wp-json\/wp\/v2\/pages\/542\/revisions\/579"}],"up":[{"embeddable":true,"href":"https:\/\/www.goiania.go.gov.br\/arg\/wp-json\/wp\/v2\/pages\/332"}],"wp:attachment":[{"href":"https:\/\/www.goiania.go.gov.br\/arg\/wp-json\/wp\/v2\/media?parent=542"}],"curies":[{"name":"wp","href":"https:\/\/api.w.org\/{rel}","templated":true}]}}