{"id":518,"date":"2021-07-01T16:20:41","date_gmt":"2022-09-06T20:11:31","guid":{"rendered":"https:\/\/www.goiania.go.gov.br\/arg\/consultas-publicas\/consulta-publica-n-004-2022-2\/"},"modified":"2022-09-13T16:06:55","modified_gmt":"2022-09-13T19:06:55","slug":"consulta-publica-n-005-2022","status":"publish","type":"page","link":"https:\/\/www.goiania.go.gov.br\/arg\/consultas-publicas\/consulta-publica-n-005-2022\/","title":{"rendered":"Consulta P\u00fablica n\u00b0 005\/2022"},"content":{"rendered":"\n<h2 class=\"wp-block-heading\">Of\u00edcios<\/h2>\n\n\n\n<ul class=\"wp-block-list\"><li><a href=\"https:\/\/www.goiania.go.gov.br\/arg\/wp-content\/uploads\/sites\/19\/2022\/09\/Oficio-no-1142022-\u2013-Saneamento-de-Goias.pdf\" target=\"_blank\" rel=\"noreferrer noopener\">Of\u00edcio n\u00ba 114\/2022 \u2013 Saneamento de Goi\u00e1s<\/a><\/li><li><a href=\"https:\/\/www.goiania.go.gov.br\/arg\/wp-content\/uploads\/sites\/19\/2022\/09\/Oficio-no-1152022-\u2013-Ministerio-Publico.pdf\" target=\"_blank\" rel=\"noreferrer noopener\">Of\u00edcio n\u00ba 115\/2022 \u2013 Minist\u00e9rio P\u00fablico<\/a><\/li><li><a href=\"https:\/\/www.goiania.go.gov.br\/arg\/wp-content\/uploads\/sites\/19\/2022\/09\/Oficio-no-1162022-\u2013-Procon-Goiania.pdf\" target=\"_blank\" rel=\"noreferrer noopener\">Of\u00edcio n\u00ba 116\/2022 \u2013 Procon Goi\u00e2nia<\/a><\/li><li><a href=\"https:\/\/www.goiania.go.gov.br\/arg\/wp-content\/uploads\/sites\/19\/2022\/09\/SEI_0356745_Oficio_Titular_117.pdf\" target=\"_blank\" rel=\"noreferrer noopener\">Of\u00edcio n\u00ba 117\/2022 \u2013 Procon Goi\u00e1s<\/a><\/li><\/ul>\n\n\n\n<h2 class=\"wp-block-heading\">Avisos<\/h2>\n\n\n\n<ul class=\"wp-block-list\"><li><a rel=\"noreferrer noopener\" href=\"https:\/\/www.goiania.go.gov.br\/arg\/wp-content\/uploads\/sites\/19\/2022\/09\/Aviso-Diario-Oficial-do-Municipio.pdf\" target=\"_blank\">Aviso Di\u00e1rio Oficial do Munic\u00edpio<\/a><\/li><li><a href=\"https:\/\/www.goiania.go.gov.br\/arg\/wp-content\/uploads\/sites\/19\/2022\/09\/Aviso-Diario-Oficial-do-Municipio-1.pdf\">Aviso Di\u00e1rio Oficial do Munic\u00edpio<\/a><\/li><\/ul>\n\n\n\n<h2 class=\"wp-block-heading\">Minutas<\/h2>\n\n\n\n<ul class=\"wp-block-list\"><li><a href=\"https:\/\/www.goiania.go.gov.br\/arg\/wp-content\/uploads\/sites\/19\/2022\/09\/Minuta-de-Resolucao.pdf\" target=\"_blank\" rel=\"noreferrer noopener\">Minuta de Resolu\u00e7\u00e3o<\/a><\/li><\/ul>\n\n\n\n<h2 class=\"wp-block-heading\">Formul\u00e1rios<\/h2>\n\n\n\n<ul class=\"wp-block-list\"><li><a href=\"https:\/\/www.goiania.go.gov.br\/arg\/wp-content\/uploads\/sites\/19\/2022\/09\/Formulario-para-participacao-1.docx\">Formul\u00e1rio de participa\u00e7\u00e3o<\/a><\/li><\/ul>\n","protected":false},"excerpt":{"rendered":"<p>Of\u00edcios Of\u00edcio n\u00ba 114\/2022 \u2013 Saneamento de Goi\u00e1s Of\u00edcio n\u00ba 115\/2022 \u2013 Minist\u00e9rio P\u00fablico Of\u00edcio n\u00ba 116\/2022 \u2013 Procon Goi\u00e2nia Of\u00edcio n\u00ba 117\/2022 \u2013 Procon Goi\u00e1s Avisos Aviso Di\u00e1rio Oficial do Munic\u00edpio Aviso Di\u00e1rio Oficial do Munic\u00edpio Minutas Minuta de Resolu\u00e7\u00e3o Formul\u00e1rios Formul\u00e1rio de participa\u00e7\u00e3o<\/p>\n","protected":false},"author":1,"featured_media":0,"parent":332,"menu_order":4,"comment_status":"closed","ping_status":"closed","template":"","meta":{"_acf_changed":false,"custom_icon_class":"","footnotes":""},"class_list":["post-518","page","type-page","status-publish","hentry"],"acf":[],"_links":{"self":[{"href":"https:\/\/www.goiania.go.gov.br\/arg\/wp-json\/wp\/v2\/pages\/518","targetHints":{"allow":["GET"]}}],"collection":[{"href":"https:\/\/www.goiania.go.gov.br\/arg\/wp-json\/wp\/v2\/pages"}],"about":[{"href":"https:\/\/www.goiania.go.gov.br\/arg\/wp-json\/wp\/v2\/types\/page"}],"author":[{"embeddable":true,"href":"https:\/\/www.goiania.go.gov.br\/arg\/wp-json\/wp\/v2\/users\/1"}],"replies":[{"embeddable":true,"href":"https:\/\/www.goiania.go.gov.br\/arg\/wp-json\/wp\/v2\/comments?post=518"}],"version-history":[{"count":7,"href":"https:\/\/www.goiania.go.gov.br\/arg\/wp-json\/wp\/v2\/pages\/518\/revisions"}],"predecessor-version":[{"id":538,"href":"https:\/\/www.goiania.go.gov.br\/arg\/wp-json\/wp\/v2\/pages\/518\/revisions\/538"}],"up":[{"embeddable":true,"href":"https:\/\/www.goiania.go.gov.br\/arg\/wp-json\/wp\/v2\/pages\/332"}],"wp:attachment":[{"href":"https:\/\/www.goiania.go.gov.br\/arg\/wp-json\/wp\/v2\/media?parent=518"}],"curies":[{"name":"wp","href":"https:\/\/api.w.org\/{rel}","templated":true}]}}