{"id":46,"date":"2019-11-14T10:16:46","date_gmt":"2019-11-14T13:16:46","guid":{"rendered":"https:\/\/www12.goiania.go.gov.br\/arg\/apresentacao\/lei-de-criacao\/"},"modified":"2022-10-20T09:41:09","modified_gmt":"2022-10-20T12:41:09","slug":"lei-de-criacao","status":"publish","type":"page","link":"https:\/\/www.goiania.go.gov.br\/arg\/apresentacao\/lei-de-criacao\/","title":{"rendered":"Lei de Cria\u00e7\u00e3o ARG"},"content":{"rendered":"\n<p>Acesse nestes links, a integra da lei de cria\u00e7\u00e3o da Ag\u00eancia de Regula\u00e7\u00e3o de Goi\u00e2nia:<\/p>\n\n\n\n<ul class=\"wp-block-list\"><li>Lei N\u00ba 9.753, de 12 de fevereiro de 2016\u00a0 (<a href=\"http:\/\/www12.goiania.go.gov.br\/arg\/wp-uploads\/sites\/19\/2019\/11\/425694573726852.pdf\">clique aqui<\/a>).<\/li><li>Lei N\u00b0 10.297, de 27 de dezembro de 2018 (<a rel=\"noreferrer noopener\" aria-label=\"clique aqui (abre numa nova aba)\" href=\"http:\/\/www.goiania.go.gov.br\/html\/gabinete_civil\/sileg\/dados\/legis\/2018\/lo_20181227_000010297.html\" target=\"_blank\">clique aqui<\/a>).<\/li><li>Decreto N\u00b0 246, de 15 de janeiro de 2021 (<a href=\"https:\/\/www.goiania.go.gov.br\/arg\/wp-content\/uploads\/sites\/19\/2022\/10\/DC-No-246-DE-15-DE-JANEIRO-DE-2021.pdf\">clique aqui<\/a>).<\/li><\/ul>\n","protected":false},"excerpt":{"rendered":"<p>Acesse nestes links, a integra da lei de cria\u00e7\u00e3o da Ag\u00eancia de Regula\u00e7\u00e3o de Goi\u00e2nia: Lei N\u00ba 9.753, de 12 de fevereiro de 2016\u00a0 (clique aqui). Lei N\u00b0 10.297, de 27 de dezembro de 2018 (clique aqui). Decreto N\u00b0 246, de 15 de janeiro de 2021 (clique aqui).<\/p>\n","protected":false},"author":58,"featured_media":0,"parent":43,"menu_order":0,"comment_status":"closed","ping_status":"closed","template":"","meta":{"_acf_changed":false,"custom_icon_class":"","footnotes":""},"class_list":["post-46","page","type-page","status-publish","hentry"],"acf":[],"_links":{"self":[{"href":"https:\/\/www.goiania.go.gov.br\/arg\/wp-json\/wp\/v2\/pages\/46","targetHints":{"allow":["GET"]}}],"collection":[{"href":"https:\/\/www.goiania.go.gov.br\/arg\/wp-json\/wp\/v2\/pages"}],"about":[{"href":"https:\/\/www.goiania.go.gov.br\/arg\/wp-json\/wp\/v2\/types\/page"}],"author":[{"embeddable":true,"href":"https:\/\/www.goiania.go.gov.br\/arg\/wp-json\/wp\/v2\/users\/58"}],"replies":[{"embeddable":true,"href":"https:\/\/www.goiania.go.gov.br\/arg\/wp-json\/wp\/v2\/comments?post=46"}],"version-history":[{"count":3,"href":"https:\/\/www.goiania.go.gov.br\/arg\/wp-json\/wp\/v2\/pages\/46\/revisions"}],"predecessor-version":[{"id":588,"href":"https:\/\/www.goiania.go.gov.br\/arg\/wp-json\/wp\/v2\/pages\/46\/revisions\/588"}],"up":[{"embeddable":true,"href":"https:\/\/www.goiania.go.gov.br\/arg\/wp-json\/wp\/v2\/pages\/43"}],"wp:attachment":[{"href":"https:\/\/www.goiania.go.gov.br\/arg\/wp-json\/wp\/v2\/media?parent=46"}],"curies":[{"name":"wp","href":"https:\/\/api.w.org\/{rel}","templated":true}]}}