{"id":458,"date":"2022-04-29T17:26:05","date_gmt":"2022-04-29T20:26:05","guid":{"rendered":"https:\/\/www.goiania.go.gov.br\/arg\/consultas-publicas\/consulta-publica-n-003-2022\/"},"modified":"2023-08-16T11:06:25","modified_gmt":"2023-08-16T14:06:25","slug":"consulta-publica-n-003-2022","status":"publish","type":"page","link":"https:\/\/www.goiania.go.gov.br\/arg\/consultas-publicas\/consulta-publica-n-003-2022\/","title":{"rendered":"Consulta P\u00fablica n\u00b0 003\/2022"},"content":{"rendered":"\n<h3 class=\"wp-block-heading\">Avisos<\/h3>\n\n\n\n<ul class=\"wp-block-list\"><li><a rel=\"noreferrer noopener\" href=\"https:\/\/www.goiania.go.gov.br\/arg\/wp-content\/uploads\/sites\/19\/2022\/04\/Aviso-Consulta-Publica-no-003.2022.pdf\" target=\"_blank\">Aviso DOM \u2013 Consulta P\u00fablica n\u00ba 003\/2022<\/a><\/li><\/ul>\n\n\n\n<h3 class=\"wp-block-heading\">Formul\u00e1rio para participa\u00e7\u00e3o<\/h3>\n\n\n\n<ul class=\"wp-block-list\"><li><a href=\"https:\/\/www.goiania.go.gov.br\/arg\/wp-content\/uploads\/sites\/19\/2022\/04\/Formulario.docx\">Formul\u00e1rio<\/a><\/li><\/ul>\n\n\n\n<h3 class=\"wp-block-heading\">Documentos<\/h3>\n\n\n\n<ul class=\"wp-block-list\"><li><a href=\"https:\/\/www.goiania.go.gov.br\/arg\/wp-content\/uploads\/sites\/19\/2022\/04\/EN00.0300.R01-Caixa-Padrao-em-Policarbonato.pdf\" target=\"_blank\" rel=\"noreferrer noopener\">EN 00.0300.R01 \u2013 Especifica\u00e7\u00e3o Caixa Padr\u00e3o (CP) em Policarbonato<\/a><\/li><li><a href=\"https:\/\/www.goiania.go.gov.br\/arg\/wp-content\/uploads\/sites\/19\/2022\/04\/EN00.0301.R01-Kits-Plastico-e-Metalico-para-Ligacao-de-Agua.pdf\" target=\"_blank\" rel=\"noreferrer noopener\">EN 00.0301 R01 \u2013 Especifica\u00e7\u00e3o de Kits Pl\u00e1stico e Met\u00e1lico para Liga\u00e7\u00e3o de \u00c1gua<\/a><\/li><\/ul>\n\n\n\n<h3 class=\"wp-block-heading\">Resolu\u00e7\u00e3o Normativa<\/h3>\n\n\n\n<ul class=\"wp-block-list\"><li><a href=\"https:\/\/www.goiania.go.gov.br\/arg\/wp-content\/uploads\/sites\/19\/2022\/04\/Resolucao-Normativa-no-011-2022-Aprova-o-novo-Padrao-de-Ligacao-de-Agua.pdf\" target=\"_blank\" rel=\"noreferrer noopener\">Minuta Resolu\u00e7\u00e3o Normativa n\u00ba 011\/2022 \u2013 Aprova no Novo Padr\u00e3o de Liga\u00e7\u00e3o de \u00c1gua<\/a><\/li><\/ul>\n\n\n\n<h3 class=\"wp-block-heading\">Nota T\u00e9cnica<\/h3>\n\n\n\n<ul class=\"wp-block-list\"><li><a href=\"https:\/\/www.goiania.go.gov.br\/arg\/wp-content\/uploads\/sites\/19\/2022\/04\/Nota-Tecnica-Conjunta-no-3.2022-AR.AGR-Novo-Padrao-de-Ligacao-de-Agua.pdf\" target=\"_blank\" rel=\"noreferrer noopener\">Nota T\u00e9cnica Conjunta n\u00ba 3\/2022 \u2013 AR.AGR<\/a><\/li><\/ul>\n\n\n\n<h3 class=\"wp-block-heading\">Of\u00edcios<\/h3>\n\n\n\n<ul class=\"wp-block-list\"><li><a href=\"https:\/\/www.goiania.go.gov.br\/arg\/wp-content\/uploads\/sites\/19\/2022\/04\/2022.04.27-OF-282-PROCON-GOIAS-Novo-padrao-de-ligacao-de-agua.pdf\" target=\"_blank\" rel=\"noreferrer noopener\">Of\u00edcio n\u00ba 282\/2022 \u2013 GAB\/AR<\/a><\/li><li><a href=\"https:\/\/www.goiania.go.gov.br\/arg\/wp-content\/uploads\/sites\/19\/2022\/04\/2022.04.27-OF-283-PROCON-GOIANIA-Novo-padrao-de-ligacao-de-agua.pdf\" target=\"_blank\" rel=\"noreferrer noopener\">Of\u00edcio n\u00ba 283\/2022 \u2013 GAB\/AR<\/a><\/li><li><a href=\"https:\/\/www.goiania.go.gov.br\/arg\/wp-content\/uploads\/sites\/19\/2022\/04\/2022.04.27-OF-284-AYLTON-FLAVIO-VECHI-PGJ-MPGO-Novo-padrao-de-ligacao-de-agua.pdf\">Of\u00edcio n\u00ba 284\/2022 \u2013 GAB\/AR<\/a><\/li><li><a href=\"https:\/\/www.goiania.go.gov.br\/arg\/wp-content\/uploads\/sites\/19\/2022\/04\/2022.04.27-OF-285-SANEAGO-Novo-padrao-de-ligacao-de-agua.pdf\" target=\"_blank\" rel=\"noreferrer noopener\">Of\u00edcio n\u00ba 285\/2022 \u2013 GAB\/AR<\/a><\/li><\/ul>\n","protected":false},"excerpt":{"rendered":"<p>Avisos Aviso DOM \u2013 Consulta P\u00fablica n\u00ba 003\/2022 Formul\u00e1rio para participa\u00e7\u00e3o Formul\u00e1rio Documentos EN 00.0300.R01 \u2013 Especifica\u00e7\u00e3o Caixa Padr\u00e3o (CP) em Policarbonato EN 00.0301 R01 \u2013 Especifica\u00e7\u00e3o de Kits Pl\u00e1stico e Met\u00e1lico para Liga\u00e7\u00e3o de \u00c1gua Resolu\u00e7\u00e3o Normativa Minuta Resolu\u00e7\u00e3o Normativa n\u00ba 011\/2022 \u2013 Aprova no Novo Padr\u00e3o de Liga\u00e7\u00e3o de \u00c1gua Nota T\u00e9cnica Nota [&hellip;]<\/p>\n","protected":false},"author":1,"featured_media":0,"parent":332,"menu_order":2,"comment_status":"closed","ping_status":"closed","template":"","meta":{"_acf_changed":false,"custom_icon_class":"","footnotes":""},"class_list":["post-458","page","type-page","status-publish","hentry"],"acf":[],"_links":{"self":[{"href":"https:\/\/www.goiania.go.gov.br\/arg\/wp-json\/wp\/v2\/pages\/458","targetHints":{"allow":["GET"]}}],"collection":[{"href":"https:\/\/www.goiania.go.gov.br\/arg\/wp-json\/wp\/v2\/pages"}],"about":[{"href":"https:\/\/www.goiania.go.gov.br\/arg\/wp-json\/wp\/v2\/types\/page"}],"author":[{"embeddable":true,"href":"https:\/\/www.goiania.go.gov.br\/arg\/wp-json\/wp\/v2\/users\/1"}],"replies":[{"embeddable":true,"href":"https:\/\/www.goiania.go.gov.br\/arg\/wp-json\/wp\/v2\/comments?post=458"}],"version-history":[{"count":10,"href":"https:\/\/www.goiania.go.gov.br\/arg\/wp-json\/wp\/v2\/pages\/458\/revisions"}],"predecessor-version":[{"id":794,"href":"https:\/\/www.goiania.go.gov.br\/arg\/wp-json\/wp\/v2\/pages\/458\/revisions\/794"}],"up":[{"embeddable":true,"href":"https:\/\/www.goiania.go.gov.br\/arg\/wp-json\/wp\/v2\/pages\/332"}],"wp:attachment":[{"href":"https:\/\/www.goiania.go.gov.br\/arg\/wp-json\/wp\/v2\/media?parent=458"}],"curies":[{"name":"wp","href":"https:\/\/api.w.org\/{rel}","templated":true}]}}