{"id":43,"date":"2019-11-14T10:13:18","date_gmt":"2019-11-14T13:13:18","guid":{"rendered":"https:\/\/www12.goiania.go.gov.br\/arg\/?page_id=43"},"modified":"2022-10-20T09:38:44","modified_gmt":"2022-10-20T12:38:44","slug":"apresentacao","status":"publish","type":"page","link":"https:\/\/www.goiania.go.gov.br\/arg\/apresentacao\/","title":{"rendered":"Apresenta\u00e7\u00e3o"},"content":{"rendered":"\n<p>A Ag\u00eancia de Regula\u00e7\u00e3o de Goi\u00e2nia \u2013 AR \u00e9 uma entidade aut\u00e1rquica de administra\u00e7\u00e3o indireta do Poder Executivo, criada pela Lei N\u00ba 9.753, de 12 de fevereiro de 2016, vinculada \u00e0 Secretaria Municipal de Governo, pela Lei Complementar N\u00ba 335, de 01 de janeiro de 2021, e dotada de autonomia administrativa, financeira e patrimonial, com \u00e1rea de atua\u00e7\u00e3o estrat\u00e9gica para consecu\u00e7\u00e3o dos objetivos e metas governamentais a ela relacionados, e, tamb\u00e9m, com organiza\u00e7\u00f5es n\u00e3o governamentais ou privadas e com a comunidade em geral, visando ao desenvolvimento de planos, programas e projetos que demandem uma a\u00e7\u00e3o governamental conjunta.<\/p>\n\n\n\n<p>A AR est\u00e1 legalmente habilitada para atuar na regula\u00e7\u00e3o, controle e fiscaliza\u00e7\u00e3o dos servi\u00e7os de abastecimento de \u00e1gua pot\u00e1vel e esgotamento sanit\u00e1rio, limpeza urbana e manejo de res\u00edduos s\u00f3lidos, servi\u00e7os p\u00fablicos concedidos, permitidos ou autorizados no \u00e2mbito do Munic\u00edpio de Goi\u00e2nia e por delega\u00e7\u00e3o os de compet\u00eancia estadual e federal.<\/p>\n\n\n\n<p>De acordo com o Art. 18, da Lei N\u00ba 9.753, de 12 de fevereiro de 2016 e detalhado pelos Arts. 7\u00ba e 8\u00ba, do Decreto N\u00ba 246, de 15 de janeiro de 2021, o exerc\u00edcio das atividades se far\u00e1 segundo os dispositivos legais que disponham sobre sua presta\u00e7\u00e3o, de forma a garantir os direitos dos consumidores, da ordem econ\u00f4mica, a livre concorr\u00eancia, a defesa da economia popular, a preserva\u00e7\u00e3o do meio ambiente, a defesa da vida e da sa\u00fade p\u00fablica e o que dispuserem, de modo espec\u00edfico, as leis, regulamentos, normas, instru\u00e7\u00f5es e, em especial, os contratos de concess\u00e3o e os instrumentos de permiss\u00e3o e autoriza\u00e7\u00e3o para presta\u00e7\u00e3o&nbsp;de&nbsp;servi\u00e7os.<\/p>\n","protected":false},"excerpt":{"rendered":"<p>A Ag\u00eancia de Regula\u00e7\u00e3o de Goi\u00e2nia \u2013 AR \u00e9 uma entidade aut\u00e1rquica de administra\u00e7\u00e3o indireta do Poder Executivo, criada pela Lei N\u00ba 9.753, de 12 de fevereiro de 2016, vinculada \u00e0 Secretaria Municipal de Governo, pela Lei Complementar N\u00ba 335, de 01 de janeiro de 2021, e dotada de autonomia administrativa, financeira e patrimonial, com [&hellip;]<\/p>\n","protected":false},"author":1,"featured_media":0,"parent":0,"menu_order":4,"comment_status":"closed","ping_status":"closed","template":"","meta":{"_acf_changed":false,"custom_icon_class":"","footnotes":""},"class_list":["post-43","page","type-page","status-publish","hentry"],"acf":[],"_links":{"self":[{"href":"https:\/\/www.goiania.go.gov.br\/arg\/wp-json\/wp\/v2\/pages\/43","targetHints":{"allow":["GET"]}}],"collection":[{"href":"https:\/\/www.goiania.go.gov.br\/arg\/wp-json\/wp\/v2\/pages"}],"about":[{"href":"https:\/\/www.goiania.go.gov.br\/arg\/wp-json\/wp\/v2\/types\/page"}],"author":[{"embeddable":true,"href":"https:\/\/www.goiania.go.gov.br\/arg\/wp-json\/wp\/v2\/users\/1"}],"replies":[{"embeddable":true,"href":"https:\/\/www.goiania.go.gov.br\/arg\/wp-json\/wp\/v2\/comments?post=43"}],"version-history":[{"count":2,"href":"https:\/\/www.goiania.go.gov.br\/arg\/wp-json\/wp\/v2\/pages\/43\/revisions"}],"predecessor-version":[{"id":585,"href":"https:\/\/www.goiania.go.gov.br\/arg\/wp-json\/wp\/v2\/pages\/43\/revisions\/585"}],"wp:attachment":[{"href":"https:\/\/www.goiania.go.gov.br\/arg\/wp-json\/wp\/v2\/media?parent=43"}],"curies":[{"name":"wp","href":"https:\/\/api.w.org\/{rel}","templated":true}]}}