{"id":411,"date":"2022-03-31T11:17:32","date_gmt":"2022-03-31T14:17:32","guid":{"rendered":"https:\/\/www.goiania.go.gov.br\/arg\/?page_id=411"},"modified":"2024-04-05T08:25:08","modified_gmt":"2024-04-05T11:25:08","slug":"abastecimento-de-agua-e-esgotamento-sanitario","status":"publish","type":"page","link":"https:\/\/www.goiania.go.gov.br\/arg\/abastecimento-de-agua-e-esgotamento-sanitario\/","title":{"rendered":"Abastecimento de \u00c1gua e Esgotamento Sanit\u00e1rio"},"content":{"rendered":"\n<h2 class=\"wp-block-heading\">Consulta P\u00fablica<\/h2>\n\n\n\n<ul class=\"wp-block-list\"><li><a href=\"https:\/\/www.goiania.go.gov.br\/arg\/consultas-publicas\/consulta-publica-n-010-2022\/\">Consulta P\u00fablica n\u00ba 010\/2022<\/a><\/li><\/ul>\n\n\n\n<h2 class=\"wp-block-heading\">Audi\u00eancia P\u00fablica<\/h2>\n\n\n\n<ul class=\"wp-block-list\"><li><a href=\"https:\/\/www.goiania.go.gov.br\/arg\/audiencias-publicas\/audiencia-publica-n-002-2022\/\">Audi\u00eancia P\u00fablica n\u00ba 002\/2022<\/a><\/li><\/ul>\n","protected":false},"excerpt":{"rendered":"<p>Consulta P\u00fablica Consulta P\u00fablica n\u00ba 010\/2022 Audi\u00eancia P\u00fablica Audi\u00eancia P\u00fablica n\u00ba 002\/2022<\/p>\n","protected":false},"author":1,"featured_media":0,"parent":0,"menu_order":2,"comment_status":"closed","ping_status":"closed","template":"page-templates\/page-docs.php","meta":{"_acf_changed":false,"custom_icon_class":"","footnotes":""},"class_list":["post-411","page","type-page","status-publish","hentry"],"acf":[],"_links":{"self":[{"href":"https:\/\/www.goiania.go.gov.br\/arg\/wp-json\/wp\/v2\/pages\/411","targetHints":{"allow":["GET"]}}],"collection":[{"href":"https:\/\/www.goiania.go.gov.br\/arg\/wp-json\/wp\/v2\/pages"}],"about":[{"href":"https:\/\/www.goiania.go.gov.br\/arg\/wp-json\/wp\/v2\/types\/page"}],"author":[{"embeddable":true,"href":"https:\/\/www.goiania.go.gov.br\/arg\/wp-json\/wp\/v2\/users\/1"}],"replies":[{"embeddable":true,"href":"https:\/\/www.goiania.go.gov.br\/arg\/wp-json\/wp\/v2\/comments?post=411"}],"version-history":[{"count":10,"href":"https:\/\/www.goiania.go.gov.br\/arg\/wp-json\/wp\/v2\/pages\/411\/revisions"}],"predecessor-version":[{"id":880,"href":"https:\/\/www.goiania.go.gov.br\/arg\/wp-json\/wp\/v2\/pages\/411\/revisions\/880"}],"wp:attachment":[{"href":"https:\/\/www.goiania.go.gov.br\/arg\/wp-json\/wp\/v2\/media?parent=411"}],"curies":[{"name":"wp","href":"https:\/\/api.w.org\/{rel}","templated":true}]}}