{"id":366,"date":"2022-02-03T08:52:53","date_gmt":"2022-02-03T11:52:53","guid":{"rendered":"https:\/\/www.goiania.go.gov.br\/arg\/consultas-publicas\/consulta-publica-n-002-2022\/"},"modified":"2022-03-15T09:06:31","modified_gmt":"2022-03-15T12:06:31","slug":"consulta-publica-002","status":"publish","type":"page","link":"https:\/\/www.goiania.go.gov.br\/arg\/consultas-publicas\/consulta-publica-002\/","title":{"rendered":"Consulta P\u00fablica n\u00b0 002\/2022"},"content":{"rendered":"\n<h2 class=\"wp-block-heading\">Avisos<\/h2>\n\n\n\n<ul class=\"wp-block-list\"><li><a href=\"https:\/\/www.goiania.go.gov.br\/arg\/wp-content\/uploads\/sites\/19\/2022\/02\/2022.02.02-Aviso-consulta-publica-no-002.2022-Politica-de-Negociacao-de-Debitos.pdf\">Aviso de Consulta P\u00fablica n\u00b0 002.2022<\/a><\/li><\/ul>\n\n\n\n<h2 class=\"wp-block-heading\">Documentos<\/h2>\n\n\n\n<ul class=\"wp-block-list\"><li><a href=\"https:\/\/www.goiania.go.gov.br\/arg\/wp-content\/uploads\/sites\/19\/2022\/02\/Poliitica-de-Negociacao-de-Debitos-Publicos.pdf\">Pol\u00edticas de Negocia\u00e7\u00e3o de D\u00e9bitos P\u00fablicos<\/a><\/li><li><a href=\"https:\/\/www.goiania.go.gov.br\/arg\/wp-content\/uploads\/sites\/19\/2022\/02\/Politca-de-Negociacao-de-Debitos-Particulares.pdf\">Pol\u00edticas de Negocia\u00e7\u00e3o de D\u00e9bitos Particulares<\/a><\/li><\/ul>\n\n\n\n<h2 class=\"wp-block-heading\">Resolu\u00e7\u00f5es Normativas<\/h2>\n\n\n\n<ul class=\"wp-block-list\"><li><a href=\"https:\/\/www.goiania.go.gov.br\/arg\/wp-content\/uploads\/sites\/19\/2022\/02\/Resolucao-Normativa-no-009.2022-Politica-de-Negociacao-de-Debitos.pdf\">Resolu\u00e7\u00e3o Normativa n\u00b0 009.2022<\/a><\/li><\/ul>\n\n\n\n<h2 class=\"wp-block-heading\">Contribui\u00e7\u00f5es<\/h2>\n\n\n\n<ul class=\"wp-block-list\"><li><a href=\"https:\/\/www.goiania.go.gov.br\/arg\/wp-content\/uploads\/sites\/19\/2022\/03\/Contribuicoes-Saneago.pdf\">Contribui\u00e7\u00e3o Saneamento de Goi\u00e1s S.A<\/a><\/li><\/ul>\n\n\n\n<h2 class=\"wp-block-heading\">Relat\u00f3rios<\/h2>\n\n\n\n<ul class=\"wp-block-list\"><li><a href=\"https:\/\/www.goiania.go.gov.br\/arg\/wp-content\/uploads\/sites\/19\/2022\/03\/Relatorio-Conjunto-no-04.-AAR.AGR-Politica-de-Negociacao-de-Debitos.pdf\">Relat\u00f3rio Conjunto n\u00ba 04\/2022 \u2013 AR\/AGR<\/a><\/li><\/ul>\n\n\n\n<h2 class=\"wp-block-heading\">Of\u00edcios<\/h2>\n\n\n\n<ul class=\"wp-block-list\"><li><a href=\"https:\/\/www.goiania.go.gov.br\/arg\/wp-content\/uploads\/sites\/19\/2022\/03\/Oficio-no-0705.2022-DIFIR.DIPRE_.pdf\">Of\u00edcio n\u00ba 0705\/2022 &#8211; Saneago<\/a><\/li><\/ul>\n","protected":false},"excerpt":{"rendered":"<p>Avisos Aviso de Consulta P\u00fablica n\u00b0 002.2022 Documentos Pol\u00edticas de Negocia\u00e7\u00e3o de D\u00e9bitos P\u00fablicos Pol\u00edticas de Negocia\u00e7\u00e3o de D\u00e9bitos Particulares Resolu\u00e7\u00f5es Normativas Resolu\u00e7\u00e3o Normativa n\u00b0 009.2022 Contribui\u00e7\u00f5es Contribui\u00e7\u00e3o Saneamento de Goi\u00e1s S.A Relat\u00f3rios Relat\u00f3rio Conjunto n\u00ba 04\/2022 \u2013 AR\/AGR Of\u00edcios Of\u00edcio n\u00ba 0705\/2022 &#8211; Saneago<\/p>\n","protected":false},"author":1,"featured_media":0,"parent":332,"menu_order":1,"comment_status":"closed","ping_status":"closed","template":"","meta":{"_acf_changed":false,"custom_icon_class":"","footnotes":""},"class_list":["post-366","page","type-page","status-publish","hentry"],"acf":[],"_links":{"self":[{"href":"https:\/\/www.goiania.go.gov.br\/arg\/wp-json\/wp\/v2\/pages\/366","targetHints":{"allow":["GET"]}}],"collection":[{"href":"https:\/\/www.goiania.go.gov.br\/arg\/wp-json\/wp\/v2\/pages"}],"about":[{"href":"https:\/\/www.goiania.go.gov.br\/arg\/wp-json\/wp\/v2\/types\/page"}],"author":[{"embeddable":true,"href":"https:\/\/www.goiania.go.gov.br\/arg\/wp-json\/wp\/v2\/users\/1"}],"replies":[{"embeddable":true,"href":"https:\/\/www.goiania.go.gov.br\/arg\/wp-json\/wp\/v2\/comments?post=366"}],"version-history":[{"count":6,"href":"https:\/\/www.goiania.go.gov.br\/arg\/wp-json\/wp\/v2\/pages\/366\/revisions"}],"predecessor-version":[{"id":403,"href":"https:\/\/www.goiania.go.gov.br\/arg\/wp-json\/wp\/v2\/pages\/366\/revisions\/403"}],"up":[{"embeddable":true,"href":"https:\/\/www.goiania.go.gov.br\/arg\/wp-json\/wp\/v2\/pages\/332"}],"wp:attachment":[{"href":"https:\/\/www.goiania.go.gov.br\/arg\/wp-json\/wp\/v2\/media?parent=366"}],"curies":[{"name":"wp","href":"https:\/\/api.w.org\/{rel}","templated":true}]}}