{"id":332,"date":"2022-02-01T10:30:41","date_gmt":"2022-02-01T13:30:41","guid":{"rendered":"https:\/\/www.goiania.go.gov.br\/arg\/?page_id=332"},"modified":"2026-04-17T16:06:36","modified_gmt":"2026-04-17T19:06:36","slug":"consultas-publicas","status":"publish","type":"page","link":"https:\/\/www.goiania.go.gov.br\/arg\/consultas-publicas\/","title":{"rendered":"Consultas P\u00fablicas"},"content":{"rendered":"\n<div class=\"wp-block-columns is-layout-flex wp-container-core-columns-is-layout-9d6595d7 wp-block-columns-is-layout-flex\">\n<div class=\"wp-block-column is-layout-flow wp-block-column-is-layout-flow\" style=\"flex-basis:100%\">\n<div class=\"wp-block-group card-container\"><div class=\"wp-block-group__inner-container is-layout-flow wp-block-group-is-layout-flow\">\n<h2 class=\"wp-block-heading\">2026<\/h2>\n\n\n\n<ul class=\"wp-block-list\">\n<li><a href=\"https:\/\/www.goiania.go.gov.br\/arg\/consultas-publicas\/consulta-publica-no001-2026\/\" target=\"_blank\" rel=\"noreferrer noopener\">Consulta P\u00fablica n\u00b0 001\/2026<\/a><\/li>\n<\/ul>\n\n\n\n<h2 class=\"wp-block-heading\">2025<\/h2>\n\n\n\n<ul class=\"wp-block-list\">\n<li><a href=\"https:\/\/www.goiania.go.gov.br\/arg\/consulta-publica-no-001-2025\/\" target=\"_blank\" rel=\"noreferrer noopener\">Consulta P\u00fablica n\u00b0 001\/2025<\/a><\/li>\n\n\n\n<li><a href=\"https:\/\/www.goiania.go.gov.br\/arg\/consultas-publicas\/consulta-publica-no-002-2025\/\">Consulta P\u00fablica n\u00ba 002\/2025<\/a><\/li>\n\n\n\n<li><a href=\"https:\/\/www.goiania.go.gov.br\/arg\/consultas-publicas\/consulta-publica-no-003-2025\/\">Consulta P\u00fablica n\u00ba 003\/2025<\/a><\/li>\n<\/ul>\n\n\n\n<h2 class=\"wp-block-heading\">2024<\/h2>\n\n\n\n<ul class=\"wp-block-list\">\n<li><a href=\"https:\/\/www.goiania.go.gov.br\/arg\/consultas-publicas\/consulta-publica-no-001-2024\/\">Consulta P\u00fablica n\u00b0 001\/2024<\/a><\/li>\n\n\n\n<li><a href=\"https:\/\/www.goiania.go.gov.br\/arg\/consultas-publicas\/consulta-publica-conjunta-no-001-2024\/\">Consulta P\u00fablica Conjunta n\u00b0 001\/2024<\/a><\/li>\n<\/ul>\n\n\n\n<h2 class=\"wp-block-heading\">2023<\/h2>\n\n\n\n<ul class=\"wp-block-list\">\n<li><a href=\"https:\/\/www.goiania.go.gov.br\/arg\/consultas-publicas\/consulta-publica-n011-2023\/\">Consulta P\u00fablica n\u00b0 011\/2023<\/a><\/li>\n\n\n\n<li><a href=\"https:\/\/www.goiania.go.gov.br\/arg\/consultas-publicas\/consulta-publica-no-12-2023\/\">Consulta P\u00fablica n\u00b0 012\/2023<\/a><\/li>\n<\/ul>\n\n\n\n<h2 class=\"wp-block-heading\">2022<\/h2>\n\n\n\n<ul class=\"wp-block-list\">\n<li><a href=\"https:\/\/www.goiania.go.gov.br\/arg\/consultas-publicas\/consulta-publica-001\/\" data-type=\"page\" data-id=\"325\">Consulta P\u00fablica n\u00b0 001\/2022<\/a><\/li>\n\n\n\n<li><a href=\"https:\/\/www.goiania.go.gov.br\/arg\/consultas-publicas\/consulta-publica-002\/\" data-type=\"page\" data-id=\"366\">Consulta P\u00fablica n\u00b0 002\/2022<\/a><\/li>\n\n\n\n<li><a href=\"https:\/\/www.goiania.go.gov.br\/arg\/consultas-publicas\/consulta-publica-n-003-2022\/\">Consulta P\u00fablica n\u00b0 003\/2022<\/a><\/li>\n\n\n\n<li><a href=\"https:\/\/www.goiania.go.gov.br\/arg\/consulta-publica-n-004-2022\/\">Consulta P\u00fablica n\u00b0 004\/2022<\/a><\/li>\n\n\n\n<li><a href=\"https:\/\/www.goiania.go.gov.br\/arg\/consulta-publica-n-005-2022\/\">Consulta P\u00fablica n\u00b0 005\/2022<\/a><\/li>\n\n\n\n<li><a href=\"https:\/\/www.goiania.go.gov.br\/arg\/consultas-publicas\/consulta-publica-n-006-2022\/\">Consulta P\u00fablica n\u00b0 006\/2022<\/a><\/li>\n\n\n\n<li><a href=\"https:\/\/www.goiania.go.gov.br\/arg\/consultas-publicas\/consulta-publica-n-007-2022\/\">Consulta P\u00fablica n\u00b0 007\/2022<\/a><\/li>\n\n\n\n<li><a href=\"https:\/\/www.goiania.go.gov.br\/arg\/consultas-publicas\/consulta-publica-n-008-2022\/\">Consulta P\u00fablica n\u00b0 008\/2022<\/a><\/li>\n\n\n\n<li><a href=\"https:\/\/www.goiania.go.gov.br\/arg\/consultas-publicas\/consulta-publica-n-009-2022\/\">Consulta P\u00fablica n\u00b0 009\/2022<\/a><\/li>\n\n\n\n<li><a href=\"https:\/\/www.goiania.go.gov.br\/arg\/consultas-publicas\/consulta-publica-n-010-2022\/\">Consulta P\u00fablica n\u00b0 010\/2023<\/a><\/li>\n<\/ul>\n\n\n\n<h2 class=\"wp-block-heading\">2021<\/h2>\n\n\n\n<ul class=\"wp-block-list\">\n<li><a href=\"https:\/\/www.goiania.go.gov.br\/arg\/consulta-publica-a-minuta-de-regulacao-para-os-servicos-de-limpeza-urbana\/\">Consulta P\u00fablica \u00e0 Minuta de Regula\u00e7\u00e3o para os Servi\u00e7os de Limpeza Urbana<\/a><\/li>\n\n\n\n<li><a href=\"https:\/\/www.goiania.go.gov.br\/arg\/consulta-publica-base-de-ativos-regulatoria\/\">Consulta P\u00fablica \u2013 Base de Ativos Regulat\u00f3ria<\/a><\/li>\n\n\n\n<li><a href=\"https:\/\/www.goiania.go.gov.br\/arg\/consulta-publica-2o-ciclo-de-revisao-tarifaria-da-saneamento-de-goias-s-a\/\">Consulta P\u00fablica 2\u00ba Ciclo de Revis\u00e3o Tarif\u00e1ria da Saneamento de Goi\u00e1s S.A.<\/a><\/li>\n\n\n\n<li><a href=\"https:\/\/www.goiania.go.gov.br\/arg\/audiencia-publica-virtual-2o-ciclo-de-revisao-tarifaria-da-saneamento-de-goias-s-a\/\">Audi\u00eancia P\u00fablica Virtual \u2013 2\u00ba Ciclo de Revis\u00e3o Tarif\u00e1ria da Saneamento de Goi\u00e1s S.A<\/a><\/li>\n\n\n\n<li><a href=\"https:\/\/www.goiania.go.gov.br\/arg\/consulta-publica-refaturamento-por-vazamento-oculto\/\">Consulta P\u00fablica \u2013 Refaturamento por vazamento oculto<\/a><\/li>\n<\/ul>\n<\/div><\/div>\n<\/div>\n<\/div>\n\n\n\n<p><\/p>\n","protected":false},"excerpt":{"rendered":"<p>2026 2025 2024 2023 2022 2021<\/p>\n","protected":false},"author":1,"featured_media":0,"parent":0,"menu_order":7,"comment_status":"closed","ping_status":"closed","template":"page-templates\/page-sidebar-right.php","meta":{"_acf_changed":false,"custom_icon_class":"","footnotes":""},"class_list":["post-332","page","type-page","status-publish","hentry"],"acf":[],"_links":{"self":[{"href":"https:\/\/www.goiania.go.gov.br\/arg\/wp-json\/wp\/v2\/pages\/332","targetHints":{"allow":["GET"]}}],"collection":[{"href":"https:\/\/www.goiania.go.gov.br\/arg\/wp-json\/wp\/v2\/pages"}],"about":[{"href":"https:\/\/www.goiania.go.gov.br\/arg\/wp-json\/wp\/v2\/types\/page"}],"author":[{"embeddable":true,"href":"https:\/\/www.goiania.go.gov.br\/arg\/wp-json\/wp\/v2\/users\/1"}],"replies":[{"embeddable":true,"href":"https:\/\/www.goiania.go.gov.br\/arg\/wp-json\/wp\/v2\/comments?post=332"}],"version-history":[{"count":10,"href":"https:\/\/www.goiania.go.gov.br\/arg\/wp-json\/wp\/v2\/pages\/332\/revisions"}],"predecessor-version":[{"id":1269,"href":"https:\/\/www.goiania.go.gov.br\/arg\/wp-json\/wp\/v2\/pages\/332\/revisions\/1269"}],"wp:attachment":[{"href":"https:\/\/www.goiania.go.gov.br\/arg\/wp-json\/wp\/v2\/media?parent=332"}],"curies":[{"name":"wp","href":"https:\/\/api.w.org\/{rel}","templated":true}]}}