{"id":282,"date":"2021-11-25T18:15:29","date_gmt":"2021-11-25T21:15:29","guid":{"rendered":"https:\/\/www.goiania.go.gov.br\/arg\/?page_id=282"},"modified":"2021-11-25T18:22:33","modified_gmt":"2021-11-25T21:22:33","slug":"consulta-publica-a-minuta-de-regulacao-para-os-servicos-de-limpeza-urbana","status":"publish","type":"page","link":"https:\/\/www.goiania.go.gov.br\/arg\/consulta-publica-a-minuta-de-regulacao-para-os-servicos-de-limpeza-urbana\/","title":{"rendered":"Consulta P\u00fablica \u00e0 Minuta de Regula\u00e7\u00e3o para os Servi\u00e7os de Limpeza Urbana"},"content":{"rendered":"\n<h3 class=\"wp-block-heading\">Minutas<\/h3>\n\n\n\n<ul class=\"wp-block-list\"><li><a href=\"https:\/\/www.goiania.go.gov.br\/arg\/wp-content\/uploads\/sites\/19\/2021\/11\/Minuta-de-Contrato-de-Concessao-da-Limpeza-Urbana-e-outros-servicos-de-urbanizacao-publicacao.pdf\">Minuta de Contrato de Concess\u00e3o da Limpeza Urbana e outros servi\u00e7os de urbaniza\u00e7\u00e3o<\/a><\/li><li><a href=\"https:\/\/www.goiania.go.gov.br\/arg\/wp-content\/uploads\/sites\/19\/2021\/11\/Minuta-REGULACAO-Limpeza-Urbana-Consulta-Publica.pdf\">Minuta REGULA\u00c7\u00c3O Limpeza Urbana Consulta P\u00fablica<\/a><\/li><\/ul>\n\n\n\n<p><\/p>\n","protected":false},"excerpt":{"rendered":"<p>Minutas Minuta de Contrato de Concess\u00e3o da Limpeza Urbana e outros servi\u00e7os de urbaniza\u00e7\u00e3o Minuta REGULA\u00c7\u00c3O Limpeza Urbana Consulta P\u00fablica<\/p>\n","protected":false},"author":1,"featured_media":0,"parent":0,"menu_order":0,"comment_status":"closed","ping_status":"closed","template":"","meta":{"_acf_changed":false,"custom_icon_class":"","footnotes":""},"class_list":["post-282","page","type-page","status-publish","hentry"],"acf":[],"_links":{"self":[{"href":"https:\/\/www.goiania.go.gov.br\/arg\/wp-json\/wp\/v2\/pages\/282","targetHints":{"allow":["GET"]}}],"collection":[{"href":"https:\/\/www.goiania.go.gov.br\/arg\/wp-json\/wp\/v2\/pages"}],"about":[{"href":"https:\/\/www.goiania.go.gov.br\/arg\/wp-json\/wp\/v2\/types\/page"}],"author":[{"embeddable":true,"href":"https:\/\/www.goiania.go.gov.br\/arg\/wp-json\/wp\/v2\/users\/1"}],"replies":[{"embeddable":true,"href":"https:\/\/www.goiania.go.gov.br\/arg\/wp-json\/wp\/v2\/comments?post=282"}],"version-history":[{"count":3,"href":"https:\/\/www.goiania.go.gov.br\/arg\/wp-json\/wp\/v2\/pages\/282\/revisions"}],"predecessor-version":[{"id":290,"href":"https:\/\/www.goiania.go.gov.br\/arg\/wp-json\/wp\/v2\/pages\/282\/revisions\/290"}],"wp:attachment":[{"href":"https:\/\/www.goiania.go.gov.br\/arg\/wp-json\/wp\/v2\/media?parent=282"}],"curies":[{"name":"wp","href":"https:\/\/api.w.org\/{rel}","templated":true}]}}