{"id":214,"date":"2021-07-01T16:20:41","date_gmt":"2021-07-01T19:20:41","guid":{"rendered":"https:\/\/www.goiania.go.gov.br\/arg\/?page_id=214"},"modified":"2021-09-08T11:23:56","modified_gmt":"2021-09-08T14:23:56","slug":"consulta-publica-refaturamento-por-vazamento-oculto","status":"publish","type":"page","link":"https:\/\/www.goiania.go.gov.br\/arg\/consulta-publica-refaturamento-por-vazamento-oculto\/","title":{"rendered":"Consulta P\u00fablica \u2013 Refaturamento por vazamento oculto"},"content":{"rendered":"\n<h3 class=\"wp-block-heading\">Aviso<\/h3>\n\n\n\n<ul class=\"wp-block-list\"><li><a href=\"https:\/\/www.goiania.go.gov.br\/arg\/wp-uploads\/sites\/19\/2021\/07\/Aviso-de-Consulta-Publica.pdf\">Aviso Di\u00e1rio Oficial<\/a><\/li><\/ul>\n\n\n\n<h3 class=\"wp-block-heading\">Of\u00edcios<\/h3>\n\n\n\n<ul class=\"wp-block-list\"><li><a href=\"https:\/\/www.goiania.go.gov.br\/arg\/wp-uploads\/sites\/19\/2021\/07\/Ofico-Conjunto-no-18.2021-AGR.AR-MP.pdf\">Of\u00edcio Conjunto n\u00ba 18\/2021 \u2013 AGR.AR \u2013 MP<\/a><\/li><li><a href=\"https:\/\/www.goiania.go.gov.br\/arg\/wp-uploads\/sites\/19\/2021\/07\/Oficio-Conjunto-no-19.2021-AGR.AR-Procon-Goias.pdf\">Of\u00edcio Conjunto n\u00ba 19\/2021 \u2013 AGR.AR \u2013 Procon Goi\u00e1s<\/a><\/li><li><a href=\"https:\/\/www.goiania.go.gov.br\/arg\/wp-uploads\/sites\/19\/2021\/07\/Oficio-Conjunto-no-20.2021-AGR.AR-Procon-Goiania.pdf\">Of\u00edcio Conjunto n\u00ba 20\/2021 \u2013 AGR.AR \u2013 Procon Goi\u00e2nia<\/a><\/li><\/ul>\n\n\n\n<h3 class=\"wp-block-heading\">Resolu\u00e7\u00e3o<\/h3>\n\n\n\n<ul class=\"wp-block-list\"><li><a href=\"https:\/\/www.goiania.go.gov.br\/arg\/wp-uploads\/sites\/19\/2021\/07\/Minuta-Resolucao-Conjunta-AGR.AR_.pdf\">Resolu\u00e7\u00e3o Conjunta AR.AGR<\/a><\/li><\/ul>\n\n\n\n<h3 class=\"wp-block-heading\">Contribui\u00e7\u00f5es<\/h3>\n\n\n\n<ul class=\"wp-block-list\"><li><a href=\"https:\/\/www.goiania.go.gov.br\/arg\/wp-content\/uploads\/sites\/19\/2021\/09\/Contribuicoes-Saneago.pdf\">Contribui\u00e7\u00f5es Saneago<\/a><\/li><\/ul>\n\n\n\n<p><\/p>\n","protected":false},"excerpt":{"rendered":"<p>Aviso Aviso Di\u00e1rio Oficial Of\u00edcios Of\u00edcio Conjunto n\u00ba 18\/2021 \u2013 AGR.AR \u2013 MP Of\u00edcio Conjunto n\u00ba 19\/2021 \u2013 AGR.AR \u2013 Procon Goi\u00e1s Of\u00edcio Conjunto n\u00ba 20\/2021 \u2013 AGR.AR \u2013 Procon Goi\u00e2nia Resolu\u00e7\u00e3o Resolu\u00e7\u00e3o Conjunta AR.AGR Contribui\u00e7\u00f5es Contribui\u00e7\u00f5es Saneago<\/p>\n","protected":false},"author":1,"featured_media":0,"parent":0,"menu_order":12,"comment_status":"closed","ping_status":"closed","template":"","meta":{"_acf_changed":false,"custom_icon_class":"","footnotes":""},"class_list":["post-214","page","type-page","status-publish","hentry"],"acf":[],"_links":{"self":[{"href":"https:\/\/www.goiania.go.gov.br\/arg\/wp-json\/wp\/v2\/pages\/214","targetHints":{"allow":["GET"]}}],"collection":[{"href":"https:\/\/www.goiania.go.gov.br\/arg\/wp-json\/wp\/v2\/pages"}],"about":[{"href":"https:\/\/www.goiania.go.gov.br\/arg\/wp-json\/wp\/v2\/types\/page"}],"author":[{"embeddable":true,"href":"https:\/\/www.goiania.go.gov.br\/arg\/wp-json\/wp\/v2\/users\/1"}],"replies":[{"embeddable":true,"href":"https:\/\/www.goiania.go.gov.br\/arg\/wp-json\/wp\/v2\/comments?post=214"}],"version-history":[{"count":3,"href":"https:\/\/www.goiania.go.gov.br\/arg\/wp-json\/wp\/v2\/pages\/214\/revisions"}],"predecessor-version":[{"id":249,"href":"https:\/\/www.goiania.go.gov.br\/arg\/wp-json\/wp\/v2\/pages\/214\/revisions\/249"}],"wp:attachment":[{"href":"https:\/\/www.goiania.go.gov.br\/arg\/wp-json\/wp\/v2\/media?parent=214"}],"curies":[{"name":"wp","href":"https:\/\/api.w.org\/{rel}","templated":true}]}}